{"id":67,"date":"2025-07-24T10:12:18","date_gmt":"2025-07-24T02:12:18","guid":{"rendered":"https:\/\/hvbio.com\/?post_type=product&#038;p=67"},"modified":"2025-08-13T14:32:13","modified_gmt":"2025-08-13T06:32:13","slug":"ganoderma-triterpenes-2-5","status":"publish","type":"product","link":"https:\/\/www.hvbio.com\/es\/producto\/ganoderma-triterpenes-2-5\/","title":{"rendered":"Triterpenos de Ganoderma 2.5%"},"content":{"rendered":"<table class=\"wp-block-table\">\n<thead>\n<tr>\n<th colspan=\"2\">Informaci\u00f3n del producto Triterpenos de Ganoderma 2.5%<\/th>\n<\/tr>\n<\/thead>\n<tbody>\n<tr>\n<td><strong>Nombre del producto<\/strong><\/td>\n<td>Triterpenos de Ganoderma 2.5%<\/td>\n<\/tr>\n<tr>\n<td><strong>M\u00e9todo de detecci\u00f3n<\/strong><\/td>\n<td>Cromatograf\u00eda l\u00edquida de alta resoluci\u00f3n (HPLC)<\/td>\n<\/tr>\n<tr>\n<td><strong>Disolvente de extracci\u00f3n<\/strong><\/td>\n<td>Disolventes org\u00e1nicos como el etanol (dependiendo del proceso de extracci\u00f3n)<\/td>\n<\/tr>\n<tr>\n<td><strong>Uso<\/strong><\/td>\n<td>El cuerpo fruct\u00edfero del Ganoderma lucidum<\/td>\n<\/tr>\n<tr>\n<td><strong>Propiedades<\/strong><\/td>\n<td>\n<ul>\n<li>Polvo de color amarillo parduzco a marr\u00f3n<\/li>\n<li>Olor especial<\/li>\n<\/ul>\n<\/td>\n<\/tr>\n<tr>\n<td><strong>Condiciones de almacenamiento<\/strong><\/td>\n<td>Sellar, almacenar en un lugar fresco, seco y protegido de la luz, evitar mezclar con sustancias olorosas.<\/td>\n<\/tr>\n<tr>\n<td><strong>Duraci\u00f3n<\/strong><\/td>\n<td>Dos a\u00f1os<\/td>\n<\/tr>\n<\/tbody>\n<\/table>","protected":false},"excerpt":{"rendered":"<p>Ganoderma Triterpenes 2.5% Product Information Product Name Ganoderma Triterpenes 2.5% Detection Method High Performance Liquid Chromatography (HPLC) Extraction Solvent Organic<\/p>","protected":false},"featured_media":9332,"comment_status":"open","ping_status":"closed","template":"","meta":[],"product_brand":[],"product_cat":[17,23],"product_tag":[],"class_list":{"0":"post-67","1":"product","2":"type-product","3":"status-publish","4":"has-post-thumbnail","6":"product_cat-plant-extract","7":"product_cat-standard-extract","9":"first","10":"instock","11":"shipping-taxable","12":"product-type-simple"},"_links":{"self":[{"href":"https:\/\/www.hvbio.com\/es\/wp-json\/wp\/v2\/product\/67","targetHints":{"allow":["GET"]}}],"collection":[{"href":"https:\/\/www.hvbio.com\/es\/wp-json\/wp\/v2\/product"}],"about":[{"href":"https:\/\/www.hvbio.com\/es\/wp-json\/wp\/v2\/types\/product"}],"replies":[{"embeddable":true,"href":"https:\/\/www.hvbio.com\/es\/wp-json\/wp\/v2\/comments?post=67"}],"wp:featuredmedia":[{"embeddable":true,"href":"https:\/\/www.hvbio.com\/es\/wp-json\/wp\/v2\/media\/9332"}],"wp:attachment":[{"href":"https:\/\/www.hvbio.com\/es\/wp-json\/wp\/v2\/media?parent=67"}],"wp:term":[{"taxonomy":"product_brand","embeddable":true,"href":"https:\/\/www.hvbio.com\/es\/wp-json\/wp\/v2\/product_brand?post=67"},{"taxonomy":"product_cat","embeddable":true,"href":"https:\/\/www.hvbio.com\/es\/wp-json\/wp\/v2\/product_cat?post=67"},{"taxonomy":"product_tag","embeddable":true,"href":"https:\/\/www.hvbio.com\/es\/wp-json\/wp\/v2\/product_tag?post=67"}],"curies":[{"name":"wp","href":"https:\/\/api.w.org\/{rel}","templated":true}]}}