{"id":79,"date":"2025-07-24T10:18:31","date_gmt":"2025-07-24T02:18:31","guid":{"rendered":"https:\/\/hvbio.com\/?post_type=product&#038;p=79"},"modified":"2025-08-13T16:25:22","modified_gmt":"2025-08-13T08:25:22","slug":"boswellic-acid-10%ef%bc%9a1","status":"publish","type":"product","link":"https:\/\/www.hvbio.com\/es\/producto\/boswellic-acid-10%ef%bc%9a1\/","title":{"rendered":"\u00c1cido bosw\u00e9lico 10:1"},"content":{"rendered":"<table class=\"wp-block-table\">\n<thead>\n<tr>\n<th colspan=\"2\">Informaci\u00f3n del producto \u00c1cido bosw\u00e9lico<\/th>\n<\/tr>\n<\/thead>\n<tbody>\n<tr>\n<td><strong>Nombre del producto<\/strong><\/td>\n<td>\u00c1cido bosw\u00e9lico<\/td>\n<\/tr>\n<tr>\n<td><strong>Nombres alternativos<\/strong><\/td>\n<td>Incienso, Incienso de cola de caballo, Incienso de cabeza de leche, Incienso colapsado, Incienso celestial, M\u00e1s incienso<\/td>\n<\/tr>\n<tr>\n<td><strong>Extraer fuente<\/strong><\/td>\n<td>Resina exudada de la corteza de Boswellia carterii Birdw y especies relacionadas Boswellia bhaurdajiana Birdw (familia Burseraceae)<\/td>\n<\/tr>\n<tr>\n<td><strong>Distribuci\u00f3n de materia prima<\/strong><\/td>\n<td>Norte de Etiop\u00eda, Somalia y sur de la Pen\u00ednsula Ar\u00e1biga<\/td>\n<\/tr>\n<tr>\n<td><strong>Apariencia<\/strong><\/td>\n<td>Polvo blanco, detectado por TLC<\/td>\n<\/tr>\n<tr>\n<td><strong>Especificaciones del producto<\/strong><\/td>\n<td>extracto de incienso 1:1<\/td>\n<\/tr>\n<tr>\n<td><strong>Tama\u00f1o de malla del producto<\/strong><\/td>\n<td>98% pasa a trav\u00e9s de un tamiz de malla 80<\/td>\n<\/tr>\n<tr>\n<td><strong>M\u00e9todo de embalaje<\/strong><\/td>\n<td>25 kg por bid\u00f3n de cart\u00f3n o bolsa de papel de aluminio<\/td>\n<\/tr>\n<tr>\n<td><strong>Condiciones de almacenamiento<\/strong><\/td>\n<td>Debe sellarse y protegerse de la luz, almacenarse en un lugar seco, fresco y bien ventilado.<\/td>\n<\/tr>\n<tr>\n<td><strong>Duraci\u00f3n<\/strong><\/td>\n<td>24 meses<\/td>\n<\/tr>\n<tr>\n<td><strong>Embalaje del producto<\/strong><\/td>\n<td>Envasado en tambores de cart\u00f3n o bolsas de papel de aluminio (embalaje personalizado disponible seg\u00fan los requisitos del cliente)<\/td>\n<\/tr>\n<\/tbody>\n<\/table>","protected":false},"excerpt":{"rendered":"<p>Boswellic acid \u00a0Product Information Product Name Boswellic acid Alternative Names Frankincense, Horse-tail incense, Milk-head incense, Collapsed incense, Heavenly incense, More<\/p>","protected":false},"featured_media":9318,"comment_status":"open","ping_status":"closed","template":"","meta":[],"product_brand":[],"product_cat":[17,24],"product_tag":[],"class_list":{"0":"post-79","1":"product","2":"type-product","3":"status-publish","4":"has-post-thumbnail","6":"product_cat-plant-extract","7":"product_cat-ratio-extract","9":"first","10":"instock","11":"shipping-taxable","12":"product-type-simple"},"_links":{"self":[{"href":"https:\/\/www.hvbio.com\/es\/wp-json\/wp\/v2\/product\/79","targetHints":{"allow":["GET"]}}],"collection":[{"href":"https:\/\/www.hvbio.com\/es\/wp-json\/wp\/v2\/product"}],"about":[{"href":"https:\/\/www.hvbio.com\/es\/wp-json\/wp\/v2\/types\/product"}],"replies":[{"embeddable":true,"href":"https:\/\/www.hvbio.com\/es\/wp-json\/wp\/v2\/comments?post=79"}],"wp:featuredmedia":[{"embeddable":true,"href":"https:\/\/www.hvbio.com\/es\/wp-json\/wp\/v2\/media\/9318"}],"wp:attachment":[{"href":"https:\/\/www.hvbio.com\/es\/wp-json\/wp\/v2\/media?parent=79"}],"wp:term":[{"taxonomy":"product_brand","embeddable":true,"href":"https:\/\/www.hvbio.com\/es\/wp-json\/wp\/v2\/product_brand?post=79"},{"taxonomy":"product_cat","embeddable":true,"href":"https:\/\/www.hvbio.com\/es\/wp-json\/wp\/v2\/product_cat?post=79"},{"taxonomy":"product_tag","embeddable":true,"href":"https:\/\/www.hvbio.com\/es\/wp-json\/wp\/v2\/product_tag?post=79"}],"curies":[{"name":"wp","href":"https:\/\/api.w.org\/{rel}","templated":true}]}}