{"id":9222,"date":"2025-08-12T11:48:51","date_gmt":"2025-08-12T03:48:51","guid":{"rendered":"https:\/\/www.hvbio.com\/?post_type=product&#038;p=9222"},"modified":"2025-08-12T15:51:38","modified_gmt":"2025-08-12T07:51:38","slug":"taro-powder","status":"publish","type":"product","link":"https:\/\/www.hvbio.com\/es\/producto\/taro-powder\/","title":{"rendered":"polvo de taro"},"content":{"rendered":"<p>El polvo de taro natural, tambi\u00e9n conocido como polvo industrial Yuan Yi o polvo de buche de pescado, se elabora a partir de bulbos de taro utilizando agua o etanol como disolventes de extracci\u00f3n. Su aspecto suele ser de color blanco a amarillo p\u00e1lido, con una pigmentaci\u00f3n caracter\u00edstica del taro y un ligero tono alternante. El m\u00e9todo de detecci\u00f3n utilizado es la cromatograf\u00eda en capa fina (TLC). Este producto debe almacenarse en un lugar fresco y seco, sellado para evitar altas temperaturas y la desecaci\u00f3n. Su vida \u00fatil es de dos a\u00f1os.<\/p>","protected":false},"excerpt":{"rendered":"<p>El polvo de taro natural, tambi\u00e9n conocido como polvo industrial Yuan Yi o polvo de buche de pescado, se elabora a partir de bulbos de taro utilizando agua o etanol como disolventes de extracci\u00f3n. Su aspecto suele ser de color blanco a amarillo p\u00e1lido, con una pigmentaci\u00f3n caracter\u00edstica del taro y un ligero tono alternante. El m\u00e9todo de detecci\u00f3n utilizado es la cromatograf\u00eda en capa fina (TLC). Este producto debe almacenarse en un lugar fresco y seco, sellado para evitar altas temperaturas y la desecaci\u00f3n. Su vida \u00fatil es de dos a\u00f1os.<\/p>","protected":false},"featured_media":9276,"comment_status":"closed","ping_status":"closed","template":"","meta":[],"product_brand":[],"product_cat":[18,20],"product_tag":[26],"class_list":{"0":"post-9222","1":"product","2":"type-product","3":"status-publish","4":"has-post-thumbnail","6":"product_cat-fruit-and-vegetable-powder","7":"product_cat-fruit-powder","8":"product_tag-taro-powder","10":"first","11":"instock","12":"shipping-taxable","13":"product-type-simple"},"_links":{"self":[{"href":"https:\/\/www.hvbio.com\/es\/wp-json\/wp\/v2\/product\/9222","targetHints":{"allow":["GET"]}}],"collection":[{"href":"https:\/\/www.hvbio.com\/es\/wp-json\/wp\/v2\/product"}],"about":[{"href":"https:\/\/www.hvbio.com\/es\/wp-json\/wp\/v2\/types\/product"}],"replies":[{"embeddable":true,"href":"https:\/\/www.hvbio.com\/es\/wp-json\/wp\/v2\/comments?post=9222"}],"wp:featuredmedia":[{"embeddable":true,"href":"https:\/\/www.hvbio.com\/es\/wp-json\/wp\/v2\/media\/9276"}],"wp:attachment":[{"href":"https:\/\/www.hvbio.com\/es\/wp-json\/wp\/v2\/media?parent=9222"}],"wp:term":[{"taxonomy":"product_brand","embeddable":true,"href":"https:\/\/www.hvbio.com\/es\/wp-json\/wp\/v2\/product_brand?post=9222"},{"taxonomy":"product_cat","embeddable":true,"href":"https:\/\/www.hvbio.com\/es\/wp-json\/wp\/v2\/product_cat?post=9222"},{"taxonomy":"product_tag","embeddable":true,"href":"https:\/\/www.hvbio.com\/es\/wp-json\/wp\/v2\/product_tag?post=9222"}],"curies":[{"name":"wp","href":"https:\/\/api.w.org\/{rel}","templated":true}]}}