{"id":9245,"date":"2025-08-12T12:00:31","date_gmt":"2025-08-12T04:00:31","guid":{"rendered":"https:\/\/www.hvbio.com\/?post_type=product&#038;p=9245"},"modified":"2025-08-12T16:18:49","modified_gmt":"2025-08-12T08:18:49","slug":"freeze-dried-peach-powder","status":"publish","type":"product","link":"https:\/\/www.hvbio.com\/es\/producto\/freeze-dried-peach-powder\/","title":{"rendered":"polvo de melocot\u00f3n liofilizado"},"content":{"rendered":"<p>Polvo de melocot\u00f3n liofilizado<\/p>\n<p>Otros nombres: Polvo de melocot\u00f3n liofilizado, polvo de extracto de melocot\u00f3n liofilizado<\/p>\n<p>Disolvente de extracci\u00f3n y componente utilizado: El disolvente de extracci\u00f3n suele ser agua; el componente utilizado es el fruto del melocot\u00f3n.<\/p>\n<p>Aspecto: Generalmente un polvo de color rosa claro a blanquecino con un distintivo aroma a melocot\u00f3n.<\/p>\n<p>M\u00e9todo de prueba: cromatograf\u00eda de capa fina<\/p>\n<p>Almacenamiento: Almacenar bien cerrado en un lugar fresco, seco y oscuro, alejado del calor y la humedad.<\/p>\n<p>Vida \u00fatil: dos a\u00f1os<\/p>","protected":false},"excerpt":{"rendered":"<p>Polvo de melocot\u00f3n liofilizado<\/p>\n<p>Otros nombres: Polvo de melocot\u00f3n liofilizado, polvo de extracto de melocot\u00f3n liofilizado<\/p>\n<p>Disolvente de extracci\u00f3n y componente utilizado: El disolvente de extracci\u00f3n suele ser agua; el componente utilizado es el fruto del melocot\u00f3n.<\/p>\n<p>Aspecto: Generalmente un polvo de color rosa claro a blanquecino con un distintivo aroma a melocot\u00f3n.<\/p>\n<p>M\u00e9todo de prueba: cromatograf\u00eda de capa fina<\/p>\n<p>Almacenamiento: Almacenar bien cerrado en un lugar fresco, seco y oscuro, alejado del calor y la humedad.<\/p>\n<p>Vida \u00fatil: dos a\u00f1os<\/p>","protected":false},"featured_media":9284,"comment_status":"closed","ping_status":"closed","template":"","meta":[],"product_brand":[],"product_cat":[21],"product_tag":[],"class_list":{"0":"post-9245","1":"product","2":"type-product","3":"status-publish","4":"has-post-thumbnail","6":"product_cat-lyophilized-powder","8":"first","9":"instock","10":"shipping-taxable","11":"product-type-simple"},"_links":{"self":[{"href":"https:\/\/www.hvbio.com\/es\/wp-json\/wp\/v2\/product\/9245","targetHints":{"allow":["GET"]}}],"collection":[{"href":"https:\/\/www.hvbio.com\/es\/wp-json\/wp\/v2\/product"}],"about":[{"href":"https:\/\/www.hvbio.com\/es\/wp-json\/wp\/v2\/types\/product"}],"replies":[{"embeddable":true,"href":"https:\/\/www.hvbio.com\/es\/wp-json\/wp\/v2\/comments?post=9245"}],"wp:featuredmedia":[{"embeddable":true,"href":"https:\/\/www.hvbio.com\/es\/wp-json\/wp\/v2\/media\/9284"}],"wp:attachment":[{"href":"https:\/\/www.hvbio.com\/es\/wp-json\/wp\/v2\/media?parent=9245"}],"wp:term":[{"taxonomy":"product_brand","embeddable":true,"href":"https:\/\/www.hvbio.com\/es\/wp-json\/wp\/v2\/product_brand?post=9245"},{"taxonomy":"product_cat","embeddable":true,"href":"https:\/\/www.hvbio.com\/es\/wp-json\/wp\/v2\/product_cat?post=9245"},{"taxonomy":"product_tag","embeddable":true,"href":"https:\/\/www.hvbio.com\/es\/wp-json\/wp\/v2\/product_tag?post=9245"}],"curies":[{"name":"wp","href":"https:\/\/api.w.org\/{rel}","templated":true}]}}