{"id":9294,"date":"2025-08-12T16:29:44","date_gmt":"2025-08-12T08:29:44","guid":{"rendered":"https:\/\/www.hvbio.com\/?post_type=product&#038;p=9294"},"modified":"2025-08-12T16:29:44","modified_gmt":"2025-08-12T08:29:44","slug":"freeze-dried-fig-powder","status":"publish","type":"product","link":"https:\/\/www.hvbio.com\/es\/producto\/freeze-dried-fig-powder\/","title":{"rendered":"Polvo de higos liofilizados"},"content":{"rendered":"<p>Nombre: Polvo de higos liofilizados<\/p>\n<p>Polvo liofilizado de higos<\/p>\n<p>Disolvente de extracci\u00f3n y parte utilizada: El disolvente de extracci\u00f3n normalmente es agua; la parte utilizada es el fruto del higo maduro.<\/p>\n<p>Aspecto: Polvo generalmente de color amarillo p\u00e1lido a marr\u00f3n claro con un aroma caracter\u00edstico a higos y un sabor ligeramente dulce.<\/p>\n<p>M\u00e9todo de detecci\u00f3n: TLC<\/p>\n<p>Almacenamiento: Almacenar bien cerrado en un lugar fresco, seco y oscuro, alejado del calor y la humedad.<\/p>\n<p>Vida \u00fatil: dos a\u00f1os<\/p>","protected":false},"excerpt":{"rendered":"<p>Nombre: Polvo de higos liofilizados<\/p>\n<p>Polvo liofilizado de higos<\/p>\n<p>Disolvente de extracci\u00f3n y parte utilizada: El disolvente de extracci\u00f3n normalmente es agua; la parte utilizada es el fruto del higo maduro.<\/p>\n<p>Aspecto: Polvo generalmente de color amarillo p\u00e1lido a marr\u00f3n claro con un aroma caracter\u00edstico a higos y un sabor ligeramente dulce.<\/p>\n<p>M\u00e9todo de detecci\u00f3n: TLC<\/p>\n<p>Almacenamiento: Almacenar bien cerrado en un lugar fresco, seco y oscuro, alejado del calor y la humedad.<\/p>\n<p>Vida \u00fatil: dos a\u00f1os<\/p>","protected":false},"featured_media":9295,"comment_status":"closed","ping_status":"closed","template":"","meta":[],"product_brand":[],"product_cat":[21],"product_tag":[],"class_list":{"0":"post-9294","1":"product","2":"type-product","3":"status-publish","4":"has-post-thumbnail","6":"product_cat-lyophilized-powder","8":"first","9":"instock","10":"shipping-taxable","11":"product-type-simple"},"_links":{"self":[{"href":"https:\/\/www.hvbio.com\/es\/wp-json\/wp\/v2\/product\/9294","targetHints":{"allow":["GET"]}}],"collection":[{"href":"https:\/\/www.hvbio.com\/es\/wp-json\/wp\/v2\/product"}],"about":[{"href":"https:\/\/www.hvbio.com\/es\/wp-json\/wp\/v2\/types\/product"}],"replies":[{"embeddable":true,"href":"https:\/\/www.hvbio.com\/es\/wp-json\/wp\/v2\/comments?post=9294"}],"wp:featuredmedia":[{"embeddable":true,"href":"https:\/\/www.hvbio.com\/es\/wp-json\/wp\/v2\/media\/9295"}],"wp:attachment":[{"href":"https:\/\/www.hvbio.com\/es\/wp-json\/wp\/v2\/media?parent=9294"}],"wp:term":[{"taxonomy":"product_brand","embeddable":true,"href":"https:\/\/www.hvbio.com\/es\/wp-json\/wp\/v2\/product_brand?post=9294"},{"taxonomy":"product_cat","embeddable":true,"href":"https:\/\/www.hvbio.com\/es\/wp-json\/wp\/v2\/product_cat?post=9294"},{"taxonomy":"product_tag","embeddable":true,"href":"https:\/\/www.hvbio.com\/es\/wp-json\/wp\/v2\/product_tag?post=9294"}],"curies":[{"name":"wp","href":"https:\/\/api.w.org\/{rel}","templated":true}]}}