{"id":9414,"date":"2025-08-13T15:37:37","date_gmt":"2025-08-13T07:37:37","guid":{"rendered":"https:\/\/www.hvbio.com\/?post_type=product&#038;p=9414"},"modified":"2025-08-13T15:39:29","modified_gmt":"2025-08-13T07:39:29","slug":"bitter-melon-powder","status":"publish","type":"product","link":"https:\/\/www.hvbio.com\/es\/producto\/bitter-melon-powder\/","title":{"rendered":"polvo de mel\u00f3n amargo"},"content":{"rendered":"<pre id=\"tw-target-text\" class=\"tw-data-text tw-text-large tw-ta\" dir=\"ltr\" data-placeholder=\"\u7ffb\u8bd1\" data-ved=\"2ahUKEwiM-um4o4ePAxVkD1kFHY1iExIQ3ewLegQIFhAV\" aria-label=\"Nombre: Polvo de mel\u00f3n amargo. Tambi\u00e9n conocido como: Polvo de mel\u00f3n amargo. Disolvente de extracci\u00f3n y componente utilizado: El disolvente de extracci\u00f3n suele ser agua o etanol; el componente utilizado es el mel\u00f3n amargo. Aspecto: Generalmente, un polvo de color entre amarillo verdoso y amarillo parduzco con un olor caracter\u00edstico a mel\u00f3n amargo y un sabor ligeramente amargo. M\u00e9todo de detecci\u00f3n: TLC. Almacenamiento: Conservar bien cerrado en un lugar fresco, seco y oscuro, alejado del calor y la humedad. Vida \u00fatil: Dos a\u00f1os.\"><span class=\"Y2IQFc\" lang=\"en\">Polvo de mel\u00f3n amargo. Tambi\u00e9n conocido como: Polvo de mel\u00f3n amargo. Disolvente de extracci\u00f3n y componente utilizado: El disolvente de extracci\u00f3n suele ser agua o etanol; el componente utilizado es el fruto del mel\u00f3n amargo. Aspecto: Generalmente, un polvo de color entre amarillo verdoso y amarillo parduzco con un olor caracter\u00edstico a mel\u00f3n amargo y un sabor ligeramente amargo. M\u00e9todo de detecci\u00f3n: TLC. Almacenamiento: Conservar bien cerrado en un lugar fresco, seco y oscuro, alejado del calor y la humedad. Vida \u00fatil: Dos a\u00f1os.<\/span><\/pre>","protected":false},"excerpt":{"rendered":"<pre id=\"tw-target-text\" class=\"tw-data-text tw-text-large tw-ta\" dir=\"ltr\" data-placeholder=\"\u7ffb\u8bd1\" data-ved=\"2ahUKEwiM-um4o4ePAxVkD1kFHY1iExIQ3ewLegQIFhAV\" aria-label=\"Nombre: Polvo de mel\u00f3n amargo. Tambi\u00e9n conocido como: Polvo de mel\u00f3n amargo. Disolvente de extracci\u00f3n y componente utilizado: El disolvente de extracci\u00f3n suele ser agua o etanol; el componente utilizado es el mel\u00f3n amargo. Aspecto: Generalmente, un polvo de color entre amarillo verdoso y amarillo parduzco con un olor caracter\u00edstico a mel\u00f3n amargo y un sabor ligeramente amargo. M\u00e9todo de detecci\u00f3n: TLC. Almacenamiento: Conservar bien cerrado en un lugar fresco, seco y oscuro, alejado del calor y la humedad. Vida \u00fatil: Dos a\u00f1os.\"><span class=\"Y2IQFc\" lang=\"en\">Polvo de mel\u00f3n amargo. Tambi\u00e9n conocido como: Polvo de mel\u00f3n amargo. Disolvente de extracci\u00f3n y componente utilizado: El disolvente de extracci\u00f3n suele ser agua o etanol; el componente utilizado es el fruto del mel\u00f3n amargo. Aspecto: Generalmente, un polvo de color entre amarillo verdoso y amarillo parduzco con un olor caracter\u00edstico a mel\u00f3n amargo y un sabor ligeramente amargo. M\u00e9todo de detecci\u00f3n: TLC. Almacenamiento: Conservar bien cerrado en un lugar fresco, seco y oscuro, alejado del calor y la humedad. Vida \u00fatil: Dos a\u00f1os.<\/span><\/pre>","protected":false},"featured_media":9421,"comment_status":"closed","ping_status":"closed","template":"","meta":[],"product_brand":[],"product_cat":[18,19],"product_tag":[],"class_list":{"0":"post-9414","1":"product","2":"type-product","3":"status-publish","4":"has-post-thumbnail","6":"product_cat-fruit-and-vegetable-powder","7":"product_cat-vegetable-powders","9":"first","10":"instock","11":"shipping-taxable","12":"product-type-simple"},"_links":{"self":[{"href":"https:\/\/www.hvbio.com\/es\/wp-json\/wp\/v2\/product\/9414","targetHints":{"allow":["GET"]}}],"collection":[{"href":"https:\/\/www.hvbio.com\/es\/wp-json\/wp\/v2\/product"}],"about":[{"href":"https:\/\/www.hvbio.com\/es\/wp-json\/wp\/v2\/types\/product"}],"replies":[{"embeddable":true,"href":"https:\/\/www.hvbio.com\/es\/wp-json\/wp\/v2\/comments?post=9414"}],"wp:featuredmedia":[{"embeddable":true,"href":"https:\/\/www.hvbio.com\/es\/wp-json\/wp\/v2\/media\/9421"}],"wp:attachment":[{"href":"https:\/\/www.hvbio.com\/es\/wp-json\/wp\/v2\/media?parent=9414"}],"wp:term":[{"taxonomy":"product_brand","embeddable":true,"href":"https:\/\/www.hvbio.com\/es\/wp-json\/wp\/v2\/product_brand?post=9414"},{"taxonomy":"product_cat","embeddable":true,"href":"https:\/\/www.hvbio.com\/es\/wp-json\/wp\/v2\/product_cat?post=9414"},{"taxonomy":"product_tag","embeddable":true,"href":"https:\/\/www.hvbio.com\/es\/wp-json\/wp\/v2\/product_tag?post=9414"}],"curies":[{"name":"wp","href":"https:\/\/api.w.org\/{rel}","templated":true}]}}