{"id":9498,"date":"2025-08-19T11:17:57","date_gmt":"2025-08-19T03:17:57","guid":{"rendered":"https:\/\/www.hvbio.com\/?post_type=product&#038;p=9498"},"modified":"2025-08-19T11:17:57","modified_gmt":"2025-08-19T03:17:57","slug":"cranberry-powder","status":"publish","type":"product","link":"https:\/\/www.hvbio.com\/es\/producto\/cranberry-powder\/","title":{"rendered":"Polvo de ar\u00e1ndano"},"content":{"rendered":"<table>\n<tbody>\n<tr>\n<td><strong>Nombre del producto<\/strong><\/td>\n<td>Polvo de ar\u00e1ndano<\/td>\n<\/tr>\n<tr>\n<td><strong>Extra\u00eddo de<\/strong><\/td>\n<td>Fruto del ar\u00e1ndano<\/td>\n<\/tr>\n<tr>\n<td><strong>Propiedades<\/strong><\/td>\n<td>Polvo de color rojo p\u00farpura, probado mediante TLC<\/td>\n<\/tr>\n<tr>\n<td><strong>Tama\u00f1o de malla<\/strong><\/td>\n<td>98% pasando por un tamiz de malla 80<\/td>\n<\/tr>\n<tr>\n<td><strong>Embalaje<\/strong><\/td>\n<td>Tambor de cart\u00f3n de 25 kg o bolsa de papel de aluminio;<br class=\"container-utlnW2 wrapper-d0Cc1k undefined\" \/>Tambor de cart\u00f3n o bolsa de aluminio (embalaje espec\u00edfico para el cliente disponible)<\/td>\n<\/tr>\n<tr>\n<td><strong>Almacenamiento<\/strong><\/td>\n<td>Conservar en un lugar cerrado, protegido de la luz, seco, fresco y bien ventilado.<\/td>\n<\/tr>\n<tr>\n<td><strong>Duraci\u00f3n<\/strong><\/td>\n<td>24 meses<\/td>\n<\/tr>\n<tr>\n<td><strong>Entrega urgente<\/strong><\/td>\n<td>Disponible v\u00eda express o log\u00edstica.<br class=\"container-utlnW2 wrapper-d0Cc1k undefined\" \/>Entrega expr\u00e9s nacional: generalmente llega en 3 d\u00edas.<br class=\"container-utlnW2 wrapper-d0Cc1k undefined\" \/>Entrega log\u00edstica nacional: Generalmente llega dentro de 5 d\u00edas.<br class=\"container-utlnW2 wrapper-d0Cc1k undefined\" \/>Los costos de env\u00edo nacional generalmente est\u00e1n incluidos en la cotizaci\u00f3n.<\/td>\n<\/tr>\n<tr>\n<td><strong>Muestra<\/strong><\/td>\n<td>Generalmente hay muestras disponibles de 5 a 20 g; se aplican tarifas de muestra para algunos productos.<\/td>\n<\/tr>\n<\/tbody>\n<\/table>","protected":false},"excerpt":{"rendered":"<table>\n<tbody>\n<tr>\n<td><strong>Nombre del producto<\/strong><\/td>\n<td>Polvo de ar\u00e1ndano<\/td>\n<\/tr>\n<tr>\n<td><strong>Extra\u00eddo de<\/strong><\/td>\n<td>Fruto del ar\u00e1ndano<\/td>\n<\/tr>\n<tr>\n<td><strong>Propiedades<\/strong><\/td>\n<td>Polvo de color rojo p\u00farpura, probado mediante TLC<\/td>\n<\/tr>\n<tr>\n<td><strong>Tama\u00f1o de malla<\/strong><\/td>\n<td>98% pasando por un tamiz de malla 80<\/td>\n<\/tr>\n<tr>\n<td><strong>Embalaje<\/strong><\/td>\n<td>Tambor de cart\u00f3n de 25 kg o bolsa de papel de aluminio;<br class=\"container-utlnW2 wrapper-d0Cc1k undefined\" \/>Tambor de cart\u00f3n o bolsa de aluminio (embalaje espec\u00edfico para el cliente disponible)<\/td>\n<\/tr>\n<tr>\n<td><strong>Almacenamiento<\/strong><\/td>\n<td>Conservar en un lugar cerrado, protegido de la luz, seco, fresco y bien ventilado.<\/td>\n<\/tr>\n<tr>\n<td><strong>Duraci\u00f3n<\/strong><\/td>\n<td>24 meses<\/td>\n<\/tr>\n<tr>\n<td><strong>Entrega urgente<\/strong><\/td>\n<td>Disponible v\u00eda express o log\u00edstica.<br class=\"container-utlnW2 wrapper-d0Cc1k undefined\" \/>Entrega expr\u00e9s nacional: generalmente llega en 3 d\u00edas.<br class=\"container-utlnW2 wrapper-d0Cc1k undefined\" \/>Entrega log\u00edstica nacional: Generalmente llega dentro de 5 d\u00edas.<br class=\"container-utlnW2 wrapper-d0Cc1k undefined\" \/>Los costos de env\u00edo nacional generalmente est\u00e1n incluidos en la cotizaci\u00f3n.<\/td>\n<\/tr>\n<tr>\n<td><strong>Muestra<\/strong><\/td>\n<td>Generalmente hay muestras disponibles de 5 a 20 g; se aplican tarifas de muestra para algunos productos.<\/td>\n<\/tr>\n<\/tbody>\n<\/table>","protected":false},"featured_media":9502,"comment_status":"closed","ping_status":"closed","template":"","meta":[],"product_brand":[],"product_cat":[20],"product_tag":[],"class_list":{"0":"post-9498","1":"product","2":"type-product","3":"status-publish","4":"has-post-thumbnail","6":"product_cat-fruit-powder","8":"first","9":"instock","10":"shipping-taxable","11":"product-type-simple"},"_links":{"self":[{"href":"https:\/\/www.hvbio.com\/es\/wp-json\/wp\/v2\/product\/9498","targetHints":{"allow":["GET"]}}],"collection":[{"href":"https:\/\/www.hvbio.com\/es\/wp-json\/wp\/v2\/product"}],"about":[{"href":"https:\/\/www.hvbio.com\/es\/wp-json\/wp\/v2\/types\/product"}],"replies":[{"embeddable":true,"href":"https:\/\/www.hvbio.com\/es\/wp-json\/wp\/v2\/comments?post=9498"}],"wp:featuredmedia":[{"embeddable":true,"href":"https:\/\/www.hvbio.com\/es\/wp-json\/wp\/v2\/media\/9502"}],"wp:attachment":[{"href":"https:\/\/www.hvbio.com\/es\/wp-json\/wp\/v2\/media?parent=9498"}],"wp:term":[{"taxonomy":"product_brand","embeddable":true,"href":"https:\/\/www.hvbio.com\/es\/wp-json\/wp\/v2\/product_brand?post=9498"},{"taxonomy":"product_cat","embeddable":true,"href":"https:\/\/www.hvbio.com\/es\/wp-json\/wp\/v2\/product_cat?post=9498"},{"taxonomy":"product_tag","embeddable":true,"href":"https:\/\/www.hvbio.com\/es\/wp-json\/wp\/v2\/product_tag?post=9498"}],"curies":[{"name":"wp","href":"https:\/\/api.w.org\/{rel}","templated":true}]}}