{"id":9530,"date":"2025-08-19T11:54:41","date_gmt":"2025-08-19T03:54:41","guid":{"rendered":"https:\/\/www.hvbio.com\/?post_type=product&#038;p=9530"},"modified":"2025-08-19T11:55:30","modified_gmt":"2025-08-19T03:55:30","slug":"freeze-dried-grapefruit-powder","status":"publish","type":"product","link":"https:\/\/www.hvbio.com\/es\/producto\/freeze-dried-grapefruit-powder\/","title":{"rendered":"Polvo de pomelo liofilizado"},"content":{"rendered":"<table>\n<tbody>\n<tr>\n<td><strong>Nombre del producto<\/strong><\/td>\n<td>Polvo de pomelo liofilizado<\/td>\n<\/tr>\n<tr>\n<td><strong>Introducci\u00f3n del producto<\/strong><\/td>\n<td>El polvo de pomelo liofilizado que produce nuestra empresa se elabora a partir de pomelo como materia prima, utilizando la tecnolog\u00eda de liofilizaci\u00f3n m\u00e1s avanzada. Conserva el sabor original del pomelo y contiene diversos nutrientes. Se presenta en polvo con buen sabor, buena solubilidad en agua y f\u00e1cil almacenamiento.<\/td>\n<\/tr>\n<tr>\n<td><strong>Pieza usada<\/strong><\/td>\n<td>Pomelo<\/td>\n<\/tr>\n<tr>\n<td><strong>Caracter\u00edsticas<\/strong><\/td>\n<td>Polvo amarillo claro<\/td>\n<\/tr>\n<tr>\n<td><strong>M\u00e9todo de prueba<\/strong><\/td>\n<td>TLC (cromatograf\u00eda en capa fina)<\/td>\n<\/tr>\n<tr>\n<td><strong>Tama\u00f1o de malla del producto<\/strong><\/td>\n<td>98% pasa a trav\u00e9s de un tamiz de malla 80<\/td>\n<\/tr>\n<tr>\n<td><strong>M\u00e9todo de embalaje<\/strong><\/td>\n<td>25 kg por bid\u00f3n de cart\u00f3n o bolsa de papel de aluminio<\/td>\n<\/tr>\n<tr>\n<td><strong>Condiciones de almacenamiento<\/strong><\/td>\n<td>Debe sellarse y protegerse de la luz, almacenarse en un lugar seco, fresco y bien ventilado.<\/td>\n<\/tr>\n<tr>\n<td><strong>Duraci\u00f3n<\/strong><\/td>\n<td>24 meses<\/td>\n<\/tr>\n<tr>\n<td><strong>Express y Log\u00edstica<\/strong><\/td>\n<td>Env\u00edo por mensajer\u00eda urgente o log\u00edstica. La mensajer\u00eda urgente nacional suele llegar en 3 d\u00edas y la log\u00edstica en 5 d\u00edas. Los presupuestos suelen incluir los gastos de transporte nacional.<\/td>\n<\/tr>\n<tr>\n<td><strong>Disposici\u00f3n de muestra<\/strong><\/td>\n<td>Generalmente, se proporcionan muestras de 5 a 20 g de los productos; se cobran tarifas de muestra para algunos productos.<\/td>\n<\/tr>\n<tr>\n<td><strong>Embalaje del producto<\/strong><\/td>\n<td>Envasado en tambores de cart\u00f3n o bolsas de papel de aluminio (embalaje personalizable disponible a petici\u00f3n del cliente)<\/td>\n<\/tr>\n<\/tbody>\n<\/table>","protected":false},"excerpt":{"rendered":"<table>\n<tbody>\n<tr>\n<td><strong>Nombre del producto<\/strong><\/td>\n<td>Polvo de pomelo liofilizado<\/td>\n<\/tr>\n<tr>\n<td><strong>Introducci\u00f3n del producto<\/strong><\/td>\n<td>El polvo de pomelo liofilizado que produce nuestra empresa se elabora a partir de pomelo como materia prima, utilizando la tecnolog\u00eda de liofilizaci\u00f3n m\u00e1s avanzada. Conserva el sabor original del pomelo y contiene diversos nutrientes. Se presenta en polvo con buen sabor, buena solubilidad en agua y f\u00e1cil almacenamiento.<\/td>\n<\/tr>\n<tr>\n<td><strong>Pieza usada<\/strong><\/td>\n<td>Pomelo<\/td>\n<\/tr>\n<tr>\n<td><strong>Caracter\u00edsticas<\/strong><\/td>\n<td>Polvo amarillo claro<\/td>\n<\/tr>\n<tr>\n<td><strong>M\u00e9todo de prueba<\/strong><\/td>\n<td>TLC (cromatograf\u00eda en capa fina)<\/td>\n<\/tr>\n<tr>\n<td><strong>Tama\u00f1o de malla del producto<\/strong><\/td>\n<td>98% pasa a trav\u00e9s de un tamiz de malla 80<\/td>\n<\/tr>\n<tr>\n<td><strong>M\u00e9todo de embalaje<\/strong><\/td>\n<td>25 kg por bid\u00f3n de cart\u00f3n o bolsa de papel de aluminio<\/td>\n<\/tr>\n<tr>\n<td><strong>Condiciones de almacenamiento<\/strong><\/td>\n<td>Debe sellarse y protegerse de la luz, almacenarse en un lugar seco, fresco y bien ventilado.<\/td>\n<\/tr>\n<tr>\n<td><strong>Duraci\u00f3n<\/strong><\/td>\n<td>24 meses<\/td>\n<\/tr>\n<tr>\n<td><strong>Express y Log\u00edstica<\/strong><\/td>\n<td>Env\u00edo por mensajer\u00eda urgente o log\u00edstica. La mensajer\u00eda urgente nacional suele llegar en 3 d\u00edas y la log\u00edstica en 5 d\u00edas. Los presupuestos suelen incluir los gastos de transporte nacional.<\/td>\n<\/tr>\n<tr>\n<td><strong>Disposici\u00f3n de muestra<\/strong><\/td>\n<td>Generalmente, se proporcionan muestras de 5 a 20 g de los productos; se cobran tarifas de muestra para algunos productos.<\/td>\n<\/tr>\n<tr>\n<td><strong>Embalaje del producto<\/strong><\/td>\n<td>Envasado en tambores de cart\u00f3n o bolsas de papel de aluminio (embalaje personalizable disponible a petici\u00f3n del cliente)<\/td>\n<\/tr>\n<\/tbody>\n<\/table>","protected":false},"featured_media":9534,"comment_status":"closed","ping_status":"closed","template":"","meta":[],"product_brand":[],"product_cat":[18,21],"product_tag":[],"class_list":{"0":"post-9530","1":"product","2":"type-product","3":"status-publish","4":"has-post-thumbnail","6":"product_cat-fruit-and-vegetable-powder","7":"product_cat-lyophilized-powder","9":"first","10":"instock","11":"shipping-taxable","12":"product-type-simple"},"_links":{"self":[{"href":"https:\/\/www.hvbio.com\/es\/wp-json\/wp\/v2\/product\/9530","targetHints":{"allow":["GET"]}}],"collection":[{"href":"https:\/\/www.hvbio.com\/es\/wp-json\/wp\/v2\/product"}],"about":[{"href":"https:\/\/www.hvbio.com\/es\/wp-json\/wp\/v2\/types\/product"}],"replies":[{"embeddable":true,"href":"https:\/\/www.hvbio.com\/es\/wp-json\/wp\/v2\/comments?post=9530"}],"wp:featuredmedia":[{"embeddable":true,"href":"https:\/\/www.hvbio.com\/es\/wp-json\/wp\/v2\/media\/9534"}],"wp:attachment":[{"href":"https:\/\/www.hvbio.com\/es\/wp-json\/wp\/v2\/media?parent=9530"}],"wp:term":[{"taxonomy":"product_brand","embeddable":true,"href":"https:\/\/www.hvbio.com\/es\/wp-json\/wp\/v2\/product_brand?post=9530"},{"taxonomy":"product_cat","embeddable":true,"href":"https:\/\/www.hvbio.com\/es\/wp-json\/wp\/v2\/product_cat?post=9530"},{"taxonomy":"product_tag","embeddable":true,"href":"https:\/\/www.hvbio.com\/es\/wp-json\/wp\/v2\/product_tag?post=9530"}],"curies":[{"name":"wp","href":"https:\/\/api.w.org\/{rel}","templated":true}]}}