{"id":9550,"date":"2025-08-19T14:13:15","date_gmt":"2025-08-19T06:13:15","guid":{"rendered":"https:\/\/www.hvbio.com\/?post_type=product&#038;p=9550"},"modified":"2025-08-19T14:13:15","modified_gmt":"2025-08-19T06:13:15","slug":"grape-seed-proanthocyanidins-95","status":"publish","type":"product","link":"https:\/\/www.hvbio.com\/es\/producto\/grape-seed-proanthocyanidins-95\/","title":{"rendered":"Proantocianidinas de semilla de uva 95%"},"content":{"rendered":"<table>\n<tbody>\n<tr>\n<td><strong>Nombre del producto<\/strong><\/td>\n<td>Proantocianidinas de semilla de uva 95%<\/td>\n<\/tr>\n<tr>\n<td><strong>Car\u00e1cter del producto<\/strong><\/td>\n<td>Polvo de color marr\u00f3n rojizo<\/td>\n<\/tr>\n<tr>\n<td><strong>M\u00e9todo de prueba<\/strong><\/td>\n<td>UV<\/td>\n<\/tr>\n<tr>\n<td><strong>Ingrediente activo<\/strong><\/td>\n<td>Proantocianidinas<\/td>\n<\/tr>\n<tr>\n<td><strong>Tama\u00f1o de malla del producto<\/strong><\/td>\n<td>80-100 mallas<\/td>\n<\/tr>\n<tr>\n<td><strong>Aplicaciones<\/strong><\/td>\n<td>Bebidas s\u00f3lidas, vinos saludables, caramelos en tabletas, cosm\u00e9ticos.<\/td>\n<\/tr>\n<tr>\n<td><strong>Especificaci\u00f3n<\/strong><\/td>\n<td>95%. Para otras especificaciones, contacte con el servicio de atenci\u00f3n al cliente.<\/td>\n<\/tr>\n<tr>\n<td><strong>M\u00e9todo de embalaje<\/strong><\/td>\n<td>Tambor de cart\u00f3n de 25 kg o bolsa de papel de aluminio<\/td>\n<\/tr>\n<tr>\n<td><strong>Condiciones de almacenamiento<\/strong><\/td>\n<td>Debe sellarse y protegerse de la luz; almacenarse en un lugar seco, fresco y bien ventilado.<\/td>\n<\/tr>\n<tr>\n<td><strong>Duraci\u00f3n<\/strong><\/td>\n<td>24 meses<\/td>\n<\/tr>\n<tr>\n<td><strong>Express\/Log\u00edstica<\/strong><\/td>\n<td>Env\u00edos expr\u00e9s o log\u00edsticos. Los env\u00edos expr\u00e9s nacionales suelen llegar en 3 d\u00edas, y los log\u00edsticos en 5 d\u00edas. Las cotizaciones generalmente incluyen los costos de transporte nacional.<\/td>\n<\/tr>\n<\/tbody>\n<\/table>","protected":false},"excerpt":{"rendered":"<table>\n<tbody>\n<tr>\n<td><strong>Nombre del producto<\/strong><\/td>\n<td>Proantocianidinas de semilla de uva 95%<\/td>\n<\/tr>\n<tr>\n<td><strong>Car\u00e1cter del producto<\/strong><\/td>\n<td>Polvo de color marr\u00f3n rojizo<\/td>\n<\/tr>\n<tr>\n<td><strong>M\u00e9todo de prueba<\/strong><\/td>\n<td>UV<\/td>\n<\/tr>\n<tr>\n<td><strong>Ingrediente activo<\/strong><\/td>\n<td>Proantocianidinas<\/td>\n<\/tr>\n<tr>\n<td><strong>Tama\u00f1o de malla del producto<\/strong><\/td>\n<td>80-100 mallas<\/td>\n<\/tr>\n<tr>\n<td><strong>Aplicaciones<\/strong><\/td>\n<td>Bebidas s\u00f3lidas, vinos saludables, caramelos en tabletas, cosm\u00e9ticos.<\/td>\n<\/tr>\n<tr>\n<td><strong>Especificaci\u00f3n<\/strong><\/td>\n<td>95%. Para otras especificaciones, contacte con el servicio de atenci\u00f3n al cliente.<\/td>\n<\/tr>\n<tr>\n<td><strong>M\u00e9todo de embalaje<\/strong><\/td>\n<td>Tambor de cart\u00f3n de 25 kg o bolsa de papel de aluminio<\/td>\n<\/tr>\n<tr>\n<td><strong>Condiciones de almacenamiento<\/strong><\/td>\n<td>Debe sellarse y protegerse de la luz; almacenarse en un lugar seco, fresco y bien ventilado.<\/td>\n<\/tr>\n<tr>\n<td><strong>Duraci\u00f3n<\/strong><\/td>\n<td>24 meses<\/td>\n<\/tr>\n<tr>\n<td><strong>Express\/Log\u00edstica<\/strong><\/td>\n<td>Env\u00edos expr\u00e9s o log\u00edsticos. Los env\u00edos expr\u00e9s nacionales suelen llegar en 3 d\u00edas, y los log\u00edsticos en 5 d\u00edas. Las cotizaciones generalmente incluyen los costos de transporte nacional.<\/td>\n<\/tr>\n<\/tbody>\n<\/table>","protected":false},"featured_media":9554,"comment_status":"closed","ping_status":"closed","template":"","meta":[],"product_brand":[],"product_cat":[23,17],"product_tag":[],"class_list":{"0":"post-9550","1":"product","2":"type-product","3":"status-publish","4":"has-post-thumbnail","6":"product_cat-standard-extract","7":"product_cat-plant-extract","9":"first","10":"instock","11":"shipping-taxable","12":"product-type-simple"},"_links":{"self":[{"href":"https:\/\/www.hvbio.com\/es\/wp-json\/wp\/v2\/product\/9550","targetHints":{"allow":["GET"]}}],"collection":[{"href":"https:\/\/www.hvbio.com\/es\/wp-json\/wp\/v2\/product"}],"about":[{"href":"https:\/\/www.hvbio.com\/es\/wp-json\/wp\/v2\/types\/product"}],"replies":[{"embeddable":true,"href":"https:\/\/www.hvbio.com\/es\/wp-json\/wp\/v2\/comments?post=9550"}],"wp:featuredmedia":[{"embeddable":true,"href":"https:\/\/www.hvbio.com\/es\/wp-json\/wp\/v2\/media\/9554"}],"wp:attachment":[{"href":"https:\/\/www.hvbio.com\/es\/wp-json\/wp\/v2\/media?parent=9550"}],"wp:term":[{"taxonomy":"product_brand","embeddable":true,"href":"https:\/\/www.hvbio.com\/es\/wp-json\/wp\/v2\/product_brand?post=9550"},{"taxonomy":"product_cat","embeddable":true,"href":"https:\/\/www.hvbio.com\/es\/wp-json\/wp\/v2\/product_cat?post=9550"},{"taxonomy":"product_tag","embeddable":true,"href":"https:\/\/www.hvbio.com\/es\/wp-json\/wp\/v2\/product_tag?post=9550"}],"curies":[{"name":"wp","href":"https:\/\/api.w.org\/{rel}","templated":true}]}}