{"id":9561,"date":"2025-08-19T14:28:35","date_gmt":"2025-08-19T06:28:35","guid":{"rendered":"https:\/\/www.hvbio.com\/?post_type=product&#038;p=9561"},"modified":"2025-08-19T14:28:36","modified_gmt":"2025-08-19T06:28:36","slug":"blueberry-powder","status":"publish","type":"product","link":"https:\/\/www.hvbio.com\/es\/producto\/blueberry-powder\/","title":{"rendered":"Polvo de ar\u00e1ndanos"},"content":{"rendered":"<div class=\"inter-jQQQ8P\">\n<div class=\"container-PrUkKo\">\n<div class=\"item-hGGxLi\">\n<div class=\"container-arOxqB chrome70-container\">\n<div class=\"inner-FyM8gE inner-item-swzCut\" data-target-id=\"message-box-target-id\" data-testid=\"union_message\">\n<div class=\"message-block-container-aFugD6\" data-testid=\"message-block-container\">\n<div class=\"flex flex-row w-full w-full max-w-full s-font-base text-s-color-text-secondary p-0 rounded-s-radius-s bg-transparent group data-[attr=select-mode]:-mt-10 data-[attr=select-mode]:py-10 data-[attr=select-mode]:px-16 data-[attr=select-mode]:sm:p-10 data-[attr=select-mode]:hover:bg-s-color-bg-base data-[attr=select-mode]:hover:rounded-s-radius-xs data-[attr=select-mode]:has-[:checked]:bg-s-color-bg-trans data-[attr=select-mode]:has-[:checked]:rounded-s-radius-xs data-[attr=select-mode]:pointer-events-none\" data-testid=\"receive_message\">\n<div class=\"flex flex-col flex-grow max-w-full min-w-0\">\n<div class=\"flex flex-row w-full\" data-testid=\"message_content\" data-message-id=\"16929216466051586\">\n<div class=\"w-full\" data-plugin-identifier=\"Symbol(receive-simple-search-content)\">\n<div class=\"container-ZYIsnH flow-markdown-body theme-samantha-Nbr9UN\" dir=\"ltr\" data-testid=\"message_text_content\" data-show-indicator=\"false\">\n<div class=\"auto-hide-last-sibling-br mdbox-table-root table-container-GhL7Lo\" data-scroll-inline-overflow=\"false\" data-scroll-inline-at-start=\"true\" data-scroll-inline-start-overflow=\"false\" data-scroll-inline-at-end=\"true\" data-scroll-inline-end-overflow=\"false\">\n<div class=\"table-scroll-container-hgHkfW mdbox-table-scroll-container\">\n<table style=\"height: 350px;\" width=\"1329\">\n<thead>\n<tr>\n<th><strong>Art\u00edculo<\/strong><\/th>\n<th><strong>Detalles<\/strong><\/th>\n<\/tr>\n<\/thead>\n<tbody>\n<tr>\n<td><strong>Nombre del producto<\/strong><\/td>\n<td>Polvo de ar\u00e1ndanos<\/td>\n<\/tr>\n<tr>\n<td><strong>Otros nombres<\/strong><\/td>\n<td>Polvo de fruta de ar\u00e1ndano, extracto de ar\u00e1ndano<\/td>\n<\/tr>\n<tr>\n<td><strong>Disolvente de extracci\u00f3n y pieza utilizada<\/strong><\/td>\n<td>&#8211;\u00a0<strong>Parte usada<\/strong>: Principalmente frutos de ar\u00e1ndano<br class=\"container-utlnW2 wrapper-d0Cc1k undefined\" \/>&#8211;\u00a0<strong>Disolvente de extracci\u00f3n<\/strong>:El agua es un solvente de extracci\u00f3n seguro y algunos procesos de extracci\u00f3n de polvo de ar\u00e1ndano adoptan el agua como solvente.<\/td>\n<\/tr>\n<tr>\n<td><strong>Apariencia<\/strong><\/td>\n<td>Polvo rosa<\/td>\n<\/tr>\n<tr>\n<td><strong>M\u00e9todo de detecci\u00f3n<\/strong><\/td>\n<td>Cromatograf\u00eda en capa fina (TLC)<\/td>\n<\/tr>\n<tr>\n<td><strong>Almacenamiento<\/strong><\/td>\n<td>Conservar en recipiente herm\u00e9tico y conservar en un lugar fresco, seco y protegido de la luz, alejado de fuentes de calor y ambientes h\u00famedos.<\/td>\n<\/tr>\n<tr>\n<td><strong>Vida \u00fatil<\/strong><\/td>\n<td>dos a\u00f1os<\/td>\n<\/tr>\n<\/tbody>\n<\/table>\n<\/div>\n<\/div>\n<\/div>\n<\/div>\n<\/div>\n<\/div>\n<\/div>\n<\/div>\n<\/div>\n<\/div>\n<\/div>\n<\/div>\n<\/div>","protected":false},"excerpt":{"rendered":"<div class=\"inter-jQQQ8P\">\n<div class=\"container-PrUkKo\">\n<div class=\"item-hGGxLi\">\n<div class=\"container-arOxqB chrome70-container\">\n<div class=\"inner-FyM8gE inner-item-swzCut\" data-target-id=\"message-box-target-id\" data-testid=\"union_message\">\n<div class=\"message-block-container-aFugD6\" data-testid=\"message-block-container\">\n<div class=\"flex flex-row w-full w-full max-w-full s-font-base text-s-color-text-secondary p-0 rounded-s-radius-s bg-transparent group data-[attr=select-mode]:-mt-10 data-[attr=select-mode]:py-10 data-[attr=select-mode]:px-16 data-[attr=select-mode]:sm:p-10 data-[attr=select-mode]:hover:bg-s-color-bg-base data-[attr=select-mode]:hover:rounded-s-radius-xs data-[attr=select-mode]:has-[:checked]:bg-s-color-bg-trans data-[attr=select-mode]:has-[:checked]:rounded-s-radius-xs data-[attr=select-mode]:pointer-events-none\" data-testid=\"receive_message\">\n<div class=\"flex flex-col flex-grow max-w-full min-w-0\">\n<div class=\"flex flex-row w-full\" data-testid=\"message_content\" data-message-id=\"16930919657678594\">\n<div class=\"w-full\" data-plugin-identifier=\"Symbol(infra:receive-message-box:text)\">\n<div class=\"container-ZYIsnH flow-markdown-body theme-samantha-Nbr9UN\" dir=\"ltr\" data-testid=\"message_text_content\" data-show-indicator=\"false\">\n<h1 class=\"header-vfC6AV auto-hide-last-sibling-br\">Detalles del producto<\/h1>\n<ul class=\"auto-hide-last-sibling-br\">\n<li><strong>Nombre del producto<\/strong>:Polvo de ar\u00e1ndano<\/li>\n<li><strong>Otros nombres<\/strong>Polvo de fruta de ar\u00e1ndano, extracto de ar\u00e1ndano<\/li>\n<li><strong>Disolvente de extracci\u00f3n y pieza usada<\/strong>El componente principal utilizado para la extracci\u00f3n del polvo de ar\u00e1ndano es el fruto del ar\u00e1ndano. El agua es un solvente seguro para la extracci\u00f3n, y algunos procesos de extracci\u00f3n de polvo de ar\u00e1ndano utilizan agua como solvente.<\/li>\n<li><strong>Apariencia<\/strong>:Polvo rosa<\/li>\n<li><strong>Cantidad adicional recomendada<\/strong>: Bebidas s\u00f3lidas (5%), bebidas (5%), alimentos para el ocio (3-5%)<\/li>\n<li><strong>\u00c1mbito de aplicaci\u00f3n<\/strong>:Bebidas s\u00f3lidas, productos l\u00e1cteos, alimentos preparados, alimentos inflados, condimentos, alimentos para personas mayores, alimentos horneados, alimentos para el tiempo libre, alimentos fr\u00edos y bebidas fr\u00edas, etc.<\/li>\n<\/ul>\n<h1 class=\"header-vfC6AV auto-hide-last-sibling-br\">Instrucciones de compra<\/h1>\n<ul class=\"auto-hide-last-sibling-br\">\n<li><strong>M\u00e9todo de embalaje<\/strong>:Tambor de cart\u00f3n de 25 kg o bolsa de papel de aluminio<\/li>\n<li><strong>Condiciones de almacenamiento<\/strong>:Debe conservarse sellado y protegido de la luz, almacenado en un lugar seco, fresco y bien ventilado.<\/li>\n<li><strong>Duraci\u00f3n<\/strong>: 2 a\u00f1os<\/li>\n<li><strong>Disponibilidad de muestra<\/strong>:Generalmente, se proporcionan muestras de 5 a 20 g de los productos; algunos productos cobran una tarifa de muestra.<\/li>\n<li><strong>Embalaje del producto<\/strong>:Envasado en bidones de cart\u00f3n o bolsas de aluminio (personalizables seg\u00fan requerimientos del cliente)<\/li>\n<li><strong>El tiempo de entrega<\/strong>:Los productos no personalizados se env\u00edan dentro de las 48 horas; el tiempo de entrega de los productos personalizados se ajusta seg\u00fan las necesidades reales.<\/li>\n<li><strong>M\u00e9todo de transporte<\/strong>:Log\u00edstica express nacional, la cotizaci\u00f3n incluye costos de transporte.<\/li>\n<\/ul>\n<\/div>\n<\/div>\n<\/div>\n<div class=\"answer-action-bar-pgm2JD answer-action-bar flex flex-col justify-end\" data-testid=\"message_action_bar\">\n<div class=\"container-rxM4SW flex flex-row items-start w-full self-center\" data-message-action-bar=\"1\"><\/div>\n<\/div>\n<\/div>\n<\/div>\n<\/div>\n<\/div>\n<\/div>\n<\/div>\n<\/div>\n<\/div>","protected":false},"featured_media":9562,"comment_status":"closed","ping_status":"closed","template":"","meta":[],"product_brand":[],"product_cat":[18,20],"product_tag":[],"class_list":{"0":"post-9561","1":"product","2":"type-product","3":"status-publish","4":"has-post-thumbnail","6":"product_cat-fruit-and-vegetable-powder","7":"product_cat-fruit-powder","9":"first","10":"instock","11":"shipping-taxable","12":"product-type-simple"},"_links":{"self":[{"href":"https:\/\/www.hvbio.com\/es\/wp-json\/wp\/v2\/product\/9561","targetHints":{"allow":["GET"]}}],"collection":[{"href":"https:\/\/www.hvbio.com\/es\/wp-json\/wp\/v2\/product"}],"about":[{"href":"https:\/\/www.hvbio.com\/es\/wp-json\/wp\/v2\/types\/product"}],"replies":[{"embeddable":true,"href":"https:\/\/www.hvbio.com\/es\/wp-json\/wp\/v2\/comments?post=9561"}],"wp:featuredmedia":[{"embeddable":true,"href":"https:\/\/www.hvbio.com\/es\/wp-json\/wp\/v2\/media\/9562"}],"wp:attachment":[{"href":"https:\/\/www.hvbio.com\/es\/wp-json\/wp\/v2\/media?parent=9561"}],"wp:term":[{"taxonomy":"product_brand","embeddable":true,"href":"https:\/\/www.hvbio.com\/es\/wp-json\/wp\/v2\/product_brand?post=9561"},{"taxonomy":"product_cat","embeddable":true,"href":"https:\/\/www.hvbio.com\/es\/wp-json\/wp\/v2\/product_cat?post=9561"},{"taxonomy":"product_tag","embeddable":true,"href":"https:\/\/www.hvbio.com\/es\/wp-json\/wp\/v2\/product_tag?post=9561"}],"curies":[{"name":"wp","href":"https:\/\/api.w.org\/{rel}","templated":true}]}}