{"id":9567,"date":"2025-08-19T14:20:39","date_gmt":"2025-08-19T06:20:39","guid":{"rendered":"https:\/\/www.hvbio.com\/?post_type=product&#038;p=9567"},"modified":"2025-08-19T14:27:33","modified_gmt":"2025-08-19T06:27:33","slug":"strawberry-powder-2","status":"publish","type":"product","link":"https:\/\/www.hvbio.com\/es\/producto\/strawberry-powder-2\/","title":{"rendered":"Polvo de fresa"},"content":{"rendered":"<table>\n<tbody>\n<tr>\n<td><strong>Nombre del producto<\/strong><\/td>\n<td>Polvo de fresa<\/td>\n<\/tr>\n<tr>\n<td><strong>Descripci\u00f3n del Producto<\/strong><\/td>\n<td>El polvo de fresa que produce nuestra empresa se elabora a partir de fresas y se procesa mediante tecnolog\u00eda de secado por aspersi\u00f3n relativamente avanzada. Conserva al m\u00e1ximo el sabor original de las fresas y contiene diversas vitaminas. Se presenta en polvo con buena fluidez, sabor exquisito, f\u00e1cil disoluci\u00f3n y f\u00e1cil conservaci\u00f3n.<\/td>\n<\/tr>\n<tr>\n<td><strong>Pieza usada<\/strong><\/td>\n<td>Fruta<\/td>\n<\/tr>\n<tr>\n<td><strong>Caracter\u00edsticas<\/strong><\/td>\n<td>Polvo rosa, analizado mediante TLC (cromatograf\u00eda en capa fina)<\/td>\n<\/tr>\n<tr>\n<td><strong>Tama\u00f1o de malla del producto<\/strong><\/td>\n<td>98% pasa a trav\u00e9s de un tamiz de malla 80<\/td>\n<\/tr>\n<tr>\n<td><strong>M\u00e9todo de embalaje<\/strong><\/td>\n<td>25 kg por tambor de papel o bolsa de papel de aluminio<\/td>\n<\/tr>\n<tr>\n<td><strong>Condiciones de almacenamiento<\/strong><\/td>\n<td>Debe sellarse y protegerse de la luz, almacenarse en un lugar seco, fresco y bien ventilado.<\/td>\n<\/tr>\n<tr>\n<td><strong>Duraci\u00f3n<\/strong><\/td>\n<td>24 meses<\/td>\n<\/tr>\n<tr>\n<td><strong>Express y Log\u00edstica<\/strong><\/td>\n<td>Env\u00edo por mensajer\u00eda urgente o log\u00edstica. La mensajer\u00eda urgente nacional suele llegar en 3 d\u00edas, y la log\u00edstica, en 5 d\u00edas. Los presupuestos suelen incluir los gastos de transporte nacional.<\/td>\n<\/tr>\n<tr>\n<td><strong>Disposici\u00f3n de muestra<\/strong><\/td>\n<td>Generalmente, se proporcionan muestras peque\u00f1as de 5 a 20 g de los productos; se cobran tarifas de muestra para algunos productos.<\/td>\n<\/tr>\n<tr>\n<td><strong>Embalaje del producto<\/strong><\/td>\n<td>Envasado en tambores de papel o bolsas de papel de aluminio (embalaje personalizable disponible seg\u00fan los requisitos del cliente)<\/td>\n<\/tr>\n<\/tbody>\n<\/table>","protected":false},"excerpt":{"rendered":"<table>\n<tbody>\n<tr>\n<td><strong>Nombre del producto<\/strong><\/td>\n<td>Polvo de fresa<\/td>\n<\/tr>\n<tr>\n<td><strong>Descripci\u00f3n del Producto<\/strong><\/td>\n<td>El polvo de fresa que produce nuestra empresa se elabora a partir de fresas y se procesa mediante tecnolog\u00eda de secado por aspersi\u00f3n relativamente avanzada. Conserva al m\u00e1ximo el sabor original de las fresas y contiene diversas vitaminas. Se presenta en polvo con buena fluidez, sabor exquisito, f\u00e1cil disoluci\u00f3n y f\u00e1cil conservaci\u00f3n.<\/td>\n<\/tr>\n<tr>\n<td><strong>Pieza usada<\/strong><\/td>\n<td>Fruta<\/td>\n<\/tr>\n<tr>\n<td><strong>Caracter\u00edsticas<\/strong><\/td>\n<td>Polvo rosa, analizado mediante TLC (cromatograf\u00eda en capa fina)<\/td>\n<\/tr>\n<tr>\n<td><strong>Tama\u00f1o de malla del producto<\/strong><\/td>\n<td>98% pasa a trav\u00e9s de un tamiz de malla 80<\/td>\n<\/tr>\n<tr>\n<td><strong>M\u00e9todo de embalaje<\/strong><\/td>\n<td>25 kg por tambor de papel o bolsa de papel de aluminio<\/td>\n<\/tr>\n<tr>\n<td><strong>Condiciones de almacenamiento<\/strong><\/td>\n<td>Debe sellarse y protegerse de la luz, almacenarse en un lugar seco, fresco y bien ventilado.<\/td>\n<\/tr>\n<tr>\n<td><strong>Duraci\u00f3n<\/strong><\/td>\n<td>24 meses<\/td>\n<\/tr>\n<tr>\n<td><strong>Express y Log\u00edstica<\/strong><\/td>\n<td>Env\u00edo por mensajer\u00eda urgente o log\u00edstica. La mensajer\u00eda urgente nacional suele llegar en 3 d\u00edas, y la log\u00edstica, en 5 d\u00edas. Los presupuestos suelen incluir los gastos de transporte nacional.<\/td>\n<\/tr>\n<tr>\n<td><strong>Disposici\u00f3n de muestra<\/strong><\/td>\n<td>Generalmente, se proporcionan muestras peque\u00f1as de 5 a 20 g de los productos; se cobran tarifas de muestra para algunos productos.<\/td>\n<\/tr>\n<tr>\n<td><strong>Embalaje del producto<\/strong><\/td>\n<td>Envasado en tambores de papel o bolsas de papel de aluminio (embalaje personalizable disponible seg\u00fan los requisitos del cliente)<\/td>\n<\/tr>\n<\/tbody>\n<\/table>","protected":false},"featured_media":9571,"comment_status":"closed","ping_status":"closed","template":"","meta":[],"product_brand":[],"product_cat":[20],"product_tag":[],"class_list":{"0":"post-9567","1":"product","2":"type-product","3":"status-publish","4":"has-post-thumbnail","6":"product_cat-fruit-powder","8":"first","9":"instock","10":"shipping-taxable","11":"product-type-simple"},"_links":{"self":[{"href":"https:\/\/www.hvbio.com\/es\/wp-json\/wp\/v2\/product\/9567","targetHints":{"allow":["GET"]}}],"collection":[{"href":"https:\/\/www.hvbio.com\/es\/wp-json\/wp\/v2\/product"}],"about":[{"href":"https:\/\/www.hvbio.com\/es\/wp-json\/wp\/v2\/types\/product"}],"replies":[{"embeddable":true,"href":"https:\/\/www.hvbio.com\/es\/wp-json\/wp\/v2\/comments?post=9567"}],"wp:featuredmedia":[{"embeddable":true,"href":"https:\/\/www.hvbio.com\/es\/wp-json\/wp\/v2\/media\/9571"}],"wp:attachment":[{"href":"https:\/\/www.hvbio.com\/es\/wp-json\/wp\/v2\/media?parent=9567"}],"wp:term":[{"taxonomy":"product_brand","embeddable":true,"href":"https:\/\/www.hvbio.com\/es\/wp-json\/wp\/v2\/product_brand?post=9567"},{"taxonomy":"product_cat","embeddable":true,"href":"https:\/\/www.hvbio.com\/es\/wp-json\/wp\/v2\/product_cat?post=9567"},{"taxonomy":"product_tag","embeddable":true,"href":"https:\/\/www.hvbio.com\/es\/wp-json\/wp\/v2\/product_tag?post=9567"}],"curies":[{"name":"wp","href":"https:\/\/api.w.org\/{rel}","templated":true}]}}