{"id":9615,"date":"2025-08-20T11:19:40","date_gmt":"2025-08-20T03:19:40","guid":{"rendered":"https:\/\/www.hvbio.com\/?post_type=product&#038;p=9615"},"modified":"2025-08-20T11:45:13","modified_gmt":"2025-08-20T03:45:13","slug":"watermelon-powder","status":"publish","type":"product","link":"https:\/\/www.hvbio.com\/es\/producto\/watermelon-powder\/","title":{"rendered":"extracto de c\u00e1scara de sand\u00eda"},"content":{"rendered":"<table>\n<tbody>\n<tr>\n<td><strong>Nombre del producto<\/strong><\/td>\n<td>Extracto de c\u00e1scara de sand\u00eda<\/td>\n<\/tr>\n<tr>\n<td><strong>Nombre alternativo<\/strong><\/td>\n<td>Xigua Cuiyi (C\u00e1scara Verde De Sand\u00eda)<\/td>\n<\/tr>\n<tr>\n<td><strong>Fuente de extracci\u00f3n<\/strong><\/td>\n<td>Pericarpio externo de\u00a0<em>Citrullus lanatus<\/em>\u00a0(Thunb.) Matsum. &amp; Nakai, una planta de la familia Cucurbitaceae<\/td>\n<\/tr>\n<tr>\n<td><strong>Origen de la materia prima<\/strong><\/td>\n<td>Cultivada en la mayor\u00eda de las regiones de China<\/td>\n<\/tr>\n<tr>\n<td><strong>Introducci\u00f3n<\/strong><\/td>\n<td><strong>Recopilaci\u00f3n y procesamiento<\/strong>Recolectar las c\u00e1scaras de sand\u00eda de julio a agosto, pelar la parte interior blanda y secarlas al sol; algunos procesos implican quitar la c\u00e1scara verde exterior y usar solo la parte central.<br class=\"container-utlnW2 wrapper-d0Cc1k undefined\" \/><strong>Componentes activos<\/strong>El jugo contiene citrulina, beta\u00edna, \u00e1cido m\u00e1lico, fructosa, glucosa, sacarosa, licopeno, vitamina C, etc.<\/td>\n<\/tr>\n<tr>\n<td><strong>Caracter\u00edsticas<\/strong><\/td>\n<td>Polvo de color marr\u00f3n amarillento, analizado mediante TLC (cromatograf\u00eda en capa fina)<\/td>\n<\/tr>\n<tr>\n<td><strong>Especificaci\u00f3n del producto<\/strong><\/td>\n<td>Extracto de c\u00e1scara de sand\u00eda 1:1 (Consulte con el servicio de atenci\u00f3n al cliente para otras especificaciones si fuera necesario)<\/td>\n<\/tr>\n<tr>\n<td><strong>Tama\u00f1o de malla del producto<\/strong><\/td>\n<td>98% pasa a trav\u00e9s de un tamiz de malla 80<\/td>\n<\/tr>\n<tr>\n<td><strong>M\u00e9todo de embalaje<\/strong><\/td>\n<td>Tambor de cart\u00f3n de 25 kg o bolsa de papel de aluminio<\/td>\n<\/tr>\n<tr>\n<td><strong>Condiciones de almacenamiento<\/strong><\/td>\n<td>Debe sellarse y protegerse de la luz, almacenarse en un lugar seco, fresco y bien ventilado.<\/td>\n<\/tr>\n<tr>\n<td><strong>Duraci\u00f3n<\/strong><\/td>\n<td>24 meses<\/td>\n<\/tr>\n<tr>\n<td><strong>Express y Log\u00edstica<\/strong><\/td>\n<td>Opciones de env\u00edo: Expr\u00e9s o log\u00edstica.<br class=\"container-utlnW2 wrapper-d0Cc1k undefined\" \/>Env\u00edo expr\u00e9s nacional: Generalmente llega en 3 d\u00edas; log\u00edstica: Generalmente llega en 5 d\u00edas.<br class=\"container-utlnW2 wrapper-d0Cc1k undefined\" \/>Los presupuestos suelen incluir los gastos de transporte nacional.<\/td>\n<\/tr>\n<tr>\n<td><strong>Disposici\u00f3n de muestra<\/strong><\/td>\n<td>Generalmente proporciona muestras peque\u00f1as de 5 a 20 g para la mayor\u00eda de los productos.<br class=\"container-utlnW2 wrapper-d0Cc1k undefined\" \/>Es posible que se cobren tarifas por las muestras de algunos productos.<\/td>\n<\/tr>\n<tr>\n<td><strong>Embalaje del producto<\/strong><\/td>\n<td>Envasado en tambores de cart\u00f3n o bolsas de papel de aluminio (embalaje personalizable disponible a petici\u00f3n del cliente)<\/td>\n<\/tr>\n<\/tbody>\n<\/table>\n<p>&nbsp;<\/p>","protected":false},"excerpt":{"rendered":"<table>\n<tbody>\n<tr>\n<td><strong>Nombre del producto<\/strong><\/td>\n<td>Extracto de c\u00e1scara de sand\u00eda<\/td>\n<\/tr>\n<tr>\n<td><strong>Nombre alternativo<\/strong><\/td>\n<td>Xigua Cuiyi (C\u00e1scara Verde De Sand\u00eda)<\/td>\n<\/tr>\n<tr>\n<td><strong>Fuente de extracci\u00f3n<\/strong><\/td>\n<td>Pericarpio externo de\u00a0<em>Citrullus lanatus<\/em>\u00a0(Thunb.) Matsum. &amp; Nakai, una planta de la familia Cucurbitaceae<\/td>\n<\/tr>\n<tr>\n<td><strong>Origen de la materia prima<\/strong><\/td>\n<td>Cultivada en la mayor\u00eda de las regiones de China<\/td>\n<\/tr>\n<tr>\n<td><strong>Introducci\u00f3n<\/strong><\/td>\n<td><strong>Recopilaci\u00f3n y procesamiento<\/strong>Recolectar las c\u00e1scaras de sand\u00eda de julio a agosto, pelar la parte interior blanda y secarlas al sol; algunos procesos implican quitar la c\u00e1scara verde exterior y usar solo la parte central.<br class=\"container-utlnW2 wrapper-d0Cc1k undefined\" \/><strong>Componentes activos<\/strong>El jugo contiene citrulina, beta\u00edna, \u00e1cido m\u00e1lico, fructosa, glucosa, sacarosa, licopeno, vitamina C, etc.<\/td>\n<\/tr>\n<tr>\n<td><strong>Caracter\u00edsticas<\/strong><\/td>\n<td>Polvo de color marr\u00f3n amarillento, analizado mediante TLC (cromatograf\u00eda en capa fina)<\/td>\n<\/tr>\n<tr>\n<td><strong>Especificaci\u00f3n del producto<\/strong><\/td>\n<td>Extracto de c\u00e1scara de sand\u00eda 1:1 (Consulte con el servicio de atenci\u00f3n al cliente para otras especificaciones si fuera necesario)<\/td>\n<\/tr>\n<tr>\n<td><strong>Tama\u00f1o de malla del producto<\/strong><\/td>\n<td>98% pasa a trav\u00e9s de un tamiz de malla 80<\/td>\n<\/tr>\n<tr>\n<td><strong>M\u00e9todo de embalaje<\/strong><\/td>\n<td>Tambor de cart\u00f3n de 25 kg o bolsa de papel de aluminio<\/td>\n<\/tr>\n<tr>\n<td><strong>Condiciones de almacenamiento<\/strong><\/td>\n<td>Debe sellarse y protegerse de la luz, almacenarse en un lugar seco, fresco y bien ventilado.<\/td>\n<\/tr>\n<tr>\n<td><strong>Duraci\u00f3n<\/strong><\/td>\n<td>24 meses<\/td>\n<\/tr>\n<tr>\n<td><strong>Express y Log\u00edstica<\/strong><\/td>\n<td>Opciones de env\u00edo: Expr\u00e9s o log\u00edstica.<br class=\"container-utlnW2 wrapper-d0Cc1k undefined\" \/>Env\u00edo expr\u00e9s nacional: Generalmente llega en 3 d\u00edas; log\u00edstica: Generalmente llega en 5 d\u00edas.<br class=\"container-utlnW2 wrapper-d0Cc1k undefined\" \/>Los presupuestos suelen incluir los gastos de transporte nacional.<\/td>\n<\/tr>\n<tr>\n<td><strong>Disposici\u00f3n de muestra<\/strong><\/td>\n<td>Generalmente proporciona muestras peque\u00f1as de 5 a 20 g para la mayor\u00eda de los productos.<br class=\"container-utlnW2 wrapper-d0Cc1k undefined\" \/>Es posible que se cobren tarifas por las muestras de algunos productos.<\/td>\n<\/tr>\n<tr>\n<td><strong>Embalaje del producto<\/strong><\/td>\n<td>Envasado en tambores de cart\u00f3n o bolsas de papel de aluminio (embalaje personalizable disponible a petici\u00f3n del cliente)<\/td>\n<\/tr>\n<\/tbody>\n<\/table>","protected":false},"featured_media":9609,"comment_status":"closed","ping_status":"closed","template":"","meta":[],"product_brand":[],"product_cat":[17,24],"product_tag":[30,29],"class_list":{"0":"post-9615","1":"product","2":"type-product","3":"status-publish","4":"has-post-thumbnail","6":"product_cat-plant-extract","7":"product_cat-ratio-extract","8":"product_tag-watermelon-powder","9":"product_tag-watermelon-rind-extract","11":"first","12":"instock","13":"shipping-taxable","14":"product-type-simple"},"_links":{"self":[{"href":"https:\/\/www.hvbio.com\/es\/wp-json\/wp\/v2\/product\/9615","targetHints":{"allow":["GET"]}}],"collection":[{"href":"https:\/\/www.hvbio.com\/es\/wp-json\/wp\/v2\/product"}],"about":[{"href":"https:\/\/www.hvbio.com\/es\/wp-json\/wp\/v2\/types\/product"}],"replies":[{"embeddable":true,"href":"https:\/\/www.hvbio.com\/es\/wp-json\/wp\/v2\/comments?post=9615"}],"wp:featuredmedia":[{"embeddable":true,"href":"https:\/\/www.hvbio.com\/es\/wp-json\/wp\/v2\/media\/9609"}],"wp:attachment":[{"href":"https:\/\/www.hvbio.com\/es\/wp-json\/wp\/v2\/media?parent=9615"}],"wp:term":[{"taxonomy":"product_brand","embeddable":true,"href":"https:\/\/www.hvbio.com\/es\/wp-json\/wp\/v2\/product_brand?post=9615"},{"taxonomy":"product_cat","embeddable":true,"href":"https:\/\/www.hvbio.com\/es\/wp-json\/wp\/v2\/product_cat?post=9615"},{"taxonomy":"product_tag","embeddable":true,"href":"https:\/\/www.hvbio.com\/es\/wp-json\/wp\/v2\/product_tag?post=9615"}],"curies":[{"name":"wp","href":"https:\/\/api.w.org\/{rel}","templated":true}]}}