{"id":9617,"date":"2025-08-20T11:09:20","date_gmt":"2025-08-20T03:09:20","guid":{"rendered":"https:\/\/www.hvbio.com\/?post_type=product&#038;p=9617"},"modified":"2025-08-20T11:09:20","modified_gmt":"2025-08-20T03:09:20","slug":"orange-freeze-dried-powder","status":"publish","type":"product","link":"https:\/\/www.hvbio.com\/es\/producto\/orange-freeze-dried-powder\/","title":{"rendered":"Polvo liofilizado de naranja"},"content":{"rendered":"<table>\n<tbody>\n<tr>\n<td><strong>Nombre del producto<\/strong><\/td>\n<td>Polvo liofilizado de naranja<\/td>\n<\/tr>\n<tr>\n<td><strong>Introducci\u00f3n del producto<\/strong><\/td>\n<td>El polvo liofilizado de naranja que produce nuestra empresa se elabora a partir de naranjas mediante tecnolog\u00eda avanzada de liofilizaci\u00f3n. Conserva el sabor original de las naranjas, contiene diversos nutrientes y se presenta en polvo con un sabor agradable y f\u00e1cil de almacenar.<\/td>\n<\/tr>\n<tr>\n<td><strong>Pieza usada<\/strong><\/td>\n<td>Pulpa de naranja<\/td>\n<\/tr>\n<tr>\n<td><strong>Caracter\u00edsticas<\/strong><\/td>\n<td>Polvo amarillo<\/td>\n<\/tr>\n<tr>\n<td><strong>M\u00e9todo de prueba<\/strong><\/td>\n<td>Prueba TLC<\/td>\n<\/tr>\n<tr>\n<td><strong>Tama\u00f1o de malla del producto<\/strong><\/td>\n<td>98% pasa a trav\u00e9s de un tamiz de malla 80<\/td>\n<\/tr>\n<tr>\n<td><strong>M\u00e9todo de embalaje<\/strong><\/td>\n<td>Tambor de cart\u00f3n de 25 kg o bolsa de aluminio<\/td>\n<\/tr>\n<tr>\n<td><strong>Condiciones de almacenamiento<\/strong><\/td>\n<td>Debe sellarse y protegerse de la luz, almacenarse en un lugar seco, fresco y bien ventilado.<\/td>\n<\/tr>\n<tr>\n<td><strong>Duraci\u00f3n<\/strong><\/td>\n<td>24 meses<\/td>\n<\/tr>\n<tr>\n<td><strong>Express\/Log\u00edstica<\/strong><\/td>\n<td>Env\u00edo por mensajer\u00eda urgente o log\u00edstica. La mensajer\u00eda urgente nacional suele llegar en 3 d\u00edas, y la log\u00edstica, en 5 d\u00edas. Los presupuestos suelen incluir los gastos de transporte nacional.<\/td>\n<\/tr>\n<tr>\n<td><strong>Disposici\u00f3n de muestra<\/strong><\/td>\n<td>Generalmente, se proporcionan muestras de 5 a 20 g de los productos; algunos productos requieren una tarifa de muestra.<\/td>\n<\/tr>\n<tr>\n<td><strong>Embalaje del producto<\/strong><\/td>\n<td>Envasado en bidones de cart\u00f3n o bolsas de aluminio (personalizables seg\u00fan requerimientos del cliente)<\/td>\n<\/tr>\n<\/tbody>\n<\/table>","protected":false},"excerpt":{"rendered":"<table>\n<tbody>\n<tr>\n<td><strong>Nombre del producto<\/strong><\/td>\n<td>Polvo liofilizado de naranja<\/td>\n<\/tr>\n<tr>\n<td><strong>Introducci\u00f3n del producto<\/strong><\/td>\n<td>El polvo liofilizado de naranja que produce nuestra empresa se elabora a partir de naranjas mediante tecnolog\u00eda avanzada de liofilizaci\u00f3n. Conserva el sabor original de las naranjas, contiene diversos nutrientes y se presenta en polvo con un sabor agradable y f\u00e1cil de almacenar.<\/td>\n<\/tr>\n<tr>\n<td><strong>Pieza usada<\/strong><\/td>\n<td>Pulpa de naranja<\/td>\n<\/tr>\n<tr>\n<td><strong>Caracter\u00edsticas<\/strong><\/td>\n<td>Polvo amarillo<\/td>\n<\/tr>\n<tr>\n<td><strong>M\u00e9todo de prueba<\/strong><\/td>\n<td>Prueba TLC<\/td>\n<\/tr>\n<tr>\n<td><strong>Tama\u00f1o de malla del producto<\/strong><\/td>\n<td>98% pasa a trav\u00e9s de un tamiz de malla 80<\/td>\n<\/tr>\n<tr>\n<td><strong>M\u00e9todo de embalaje<\/strong><\/td>\n<td>Tambor de cart\u00f3n de 25 kg o bolsa de aluminio<\/td>\n<\/tr>\n<tr>\n<td><strong>Condiciones de almacenamiento<\/strong><\/td>\n<td>Debe sellarse y protegerse de la luz, almacenarse en un lugar seco, fresco y bien ventilado.<\/td>\n<\/tr>\n<tr>\n<td><strong>Duraci\u00f3n<\/strong><\/td>\n<td>24 meses<\/td>\n<\/tr>\n<tr>\n<td><strong>Express\/Log\u00edstica<\/strong><\/td>\n<td>Env\u00edo por mensajer\u00eda urgente o log\u00edstica. La mensajer\u00eda urgente nacional suele llegar en 3 d\u00edas, y la log\u00edstica, en 5 d\u00edas. Los presupuestos suelen incluir los gastos de transporte nacional.<\/td>\n<\/tr>\n<tr>\n<td><strong>Disposici\u00f3n de muestra<\/strong><\/td>\n<td>Generalmente, se proporcionan muestras de 5 a 20 g de los productos; algunos productos requieren una tarifa de muestra.<\/td>\n<\/tr>\n<tr>\n<td><strong>Embalaje del producto<\/strong><\/td>\n<td>Envasado en bidones de cart\u00f3n o bolsas de aluminio (personalizables seg\u00fan requerimientos del cliente)<\/td>\n<\/tr>\n<\/tbody>\n<\/table>","protected":false},"featured_media":9621,"comment_status":"closed","ping_status":"closed","template":"","meta":[],"product_brand":[],"product_cat":[21,18],"product_tag":[],"class_list":{"0":"post-9617","1":"product","2":"type-product","3":"status-publish","4":"has-post-thumbnail","6":"product_cat-lyophilized-powder","7":"product_cat-fruit-and-vegetable-powder","9":"first","10":"instock","11":"shipping-taxable","12":"product-type-simple"},"_links":{"self":[{"href":"https:\/\/www.hvbio.com\/es\/wp-json\/wp\/v2\/product\/9617","targetHints":{"allow":["GET"]}}],"collection":[{"href":"https:\/\/www.hvbio.com\/es\/wp-json\/wp\/v2\/product"}],"about":[{"href":"https:\/\/www.hvbio.com\/es\/wp-json\/wp\/v2\/types\/product"}],"replies":[{"embeddable":true,"href":"https:\/\/www.hvbio.com\/es\/wp-json\/wp\/v2\/comments?post=9617"}],"wp:featuredmedia":[{"embeddable":true,"href":"https:\/\/www.hvbio.com\/es\/wp-json\/wp\/v2\/media\/9621"}],"wp:attachment":[{"href":"https:\/\/www.hvbio.com\/es\/wp-json\/wp\/v2\/media?parent=9617"}],"wp:term":[{"taxonomy":"product_brand","embeddable":true,"href":"https:\/\/www.hvbio.com\/es\/wp-json\/wp\/v2\/product_brand?post=9617"},{"taxonomy":"product_cat","embeddable":true,"href":"https:\/\/www.hvbio.com\/es\/wp-json\/wp\/v2\/product_cat?post=9617"},{"taxonomy":"product_tag","embeddable":true,"href":"https:\/\/www.hvbio.com\/es\/wp-json\/wp\/v2\/product_tag?post=9617"}],"curies":[{"name":"wp","href":"https:\/\/api.w.org\/{rel}","templated":true}]}}