{"id":9624,"date":"2025-08-20T11:21:03","date_gmt":"2025-08-20T03:21:03","guid":{"rendered":"https:\/\/www.hvbio.com\/?post_type=product&#038;p=9624"},"modified":"2025-08-20T11:21:04","modified_gmt":"2025-08-20T03:21:04","slug":"oyster-freeze-dried-powder","status":"publish","type":"product","link":"https:\/\/www.hvbio.com\/es\/producto\/oyster-freeze-dried-powder\/","title":{"rendered":"Polvo liofilizado de ostras"},"content":{"rendered":"<table>\n<tbody>\n<tr>\n<td><strong>Nombre del producto<\/strong><\/td>\n<td>Polvo liofilizado de ostras<\/td>\n<\/tr>\n<tr>\n<td><strong>Nombre en lat\u00edn<\/strong><\/td>\n<td>Cistanche deserticola Ma<\/td>\n<\/tr>\n<tr>\n<td><strong>Alias de productos<\/strong><\/td>\n<td>Concha de ostra, concha de ostra marina, concha izquierda, ostra izquierda, almeja ostra<\/td>\n<\/tr>\n<tr>\n<td><strong>N.\u00ba CAS<\/strong><\/td>\n<td>94465-79-9<\/td>\n<\/tr>\n<tr>\n<td><strong>Fuente de uso<\/strong><\/td>\n<td>Carne de ostra de especies de ostras como\u00a0<em>Crassostrea rivularis<\/em>,\u00a0<em>Crassostrea gigas<\/em>\u00a0o\u00a0<em>Crassostrea talienwhanensis<\/em>\u00a0de la familia Ostreidae<\/td>\n<\/tr>\n<tr>\n<td><strong>Componentes qu\u00edmicos<\/strong><\/td>\n<td>Prote\u00ednas, amino\u00e1cidos<\/td>\n<\/tr>\n<tr>\n<td><strong>Especificaci\u00f3n del producto<\/strong><\/td>\n<td>Polvo liofilizado<\/td>\n<\/tr>\n<tr>\n<td><strong>Tama\u00f1o de malla del producto<\/strong><\/td>\n<td>100% a trav\u00e9s de un tamiz de malla 30<\/td>\n<\/tr>\n<tr>\n<td><strong>Propiedades del producto<\/strong><\/td>\n<td>Polvo de color marr\u00f3n amarillento, analizado mediante TLC (cromatograf\u00eda en capa fina)<\/td>\n<\/tr>\n<tr>\n<td><strong>Origen de la materia prima<\/strong><\/td>\n<td>Se produce principalmente en zonas costeras como las provincias de Jiangsu, Fujian, Guangdong, Zhejiang, Liaoning y Shandong.<\/td>\n<\/tr>\n<tr>\n<td><strong>Duraci\u00f3n<\/strong><\/td>\n<td>24 meses<\/td>\n<\/tr>\n<tr>\n<td><strong>Express\/Log\u00edstica<\/strong><\/td>\n<td>Servicio de entrega expr\u00e9s o log\u00edstica<br class=\"container-utlnW2 wrapper-d0Cc1k undefined\" \/>El env\u00edo expr\u00e9s nacional suele llegar en 3 d\u00edas; el env\u00edo log\u00edstico suele llegar en 5 d\u00edas.<br class=\"container-utlnW2 wrapper-d0Cc1k undefined\" \/>Las cotizaciones generalmente incluyen los costos de transporte nacional.<\/td>\n<\/tr>\n<\/tbody>\n<\/table>","protected":false},"excerpt":{"rendered":"<table>\n<tbody>\n<tr>\n<td><strong>Nombre del producto<\/strong><\/td>\n<td>Polvo liofilizado de ostras<\/td>\n<\/tr>\n<tr>\n<td><strong>Nombre en lat\u00edn<\/strong><\/td>\n<td>Cistanche deserticola Ma<\/td>\n<\/tr>\n<tr>\n<td><strong>Alias de productos<\/strong><\/td>\n<td>Concha de ostra, concha de ostra marina, concha izquierda, ostra izquierda, almeja ostra<\/td>\n<\/tr>\n<tr>\n<td><strong>N.\u00ba CAS<\/strong><\/td>\n<td>94465-79-9<\/td>\n<\/tr>\n<tr>\n<td><strong>Fuente de uso<\/strong><\/td>\n<td>Carne de ostra de especies de ostras como\u00a0<em>Crassostrea rivularis<\/em>,\u00a0<em>Crassostrea gigas<\/em>\u00a0o\u00a0<em>Crassostrea talienwhanensis<\/em>\u00a0de la familia Ostreidae<\/td>\n<\/tr>\n<tr>\n<td><strong>Componentes qu\u00edmicos<\/strong><\/td>\n<td>Prote\u00ednas, amino\u00e1cidos<\/td>\n<\/tr>\n<tr>\n<td><strong>Especificaci\u00f3n del producto<\/strong><\/td>\n<td>Polvo liofilizado<\/td>\n<\/tr>\n<tr>\n<td><strong>Tama\u00f1o de malla del producto<\/strong><\/td>\n<td>100% a trav\u00e9s de un tamiz de malla 30<\/td>\n<\/tr>\n<tr>\n<td><strong>Propiedades del producto<\/strong><\/td>\n<td>Polvo de color marr\u00f3n amarillento, analizado mediante TLC (cromatograf\u00eda en capa fina)<\/td>\n<\/tr>\n<tr>\n<td><strong>Origen de la materia prima<\/strong><\/td>\n<td>Se produce principalmente en zonas costeras como las provincias de Jiangsu, Fujian, Guangdong, Zhejiang, Liaoning y Shandong.<\/td>\n<\/tr>\n<tr>\n<td><strong>Duraci\u00f3n<\/strong><\/td>\n<td>24 meses<\/td>\n<\/tr>\n<tr>\n<td><strong>Express\/Log\u00edstica<\/strong><\/td>\n<td>Servicio de entrega expr\u00e9s o log\u00edstica<br class=\"container-utlnW2 wrapper-d0Cc1k undefined\" \/>El env\u00edo expr\u00e9s nacional suele llegar en 3 d\u00edas; el env\u00edo log\u00edstico suele llegar en 5 d\u00edas.<br class=\"container-utlnW2 wrapper-d0Cc1k undefined\" \/>Las cotizaciones generalmente incluyen los costos de transporte nacional.<\/td>\n<\/tr>\n<\/tbody>\n<\/table>","protected":false},"featured_media":9633,"comment_status":"closed","ping_status":"closed","template":"","meta":[],"product_brand":[],"product_cat":[21,18],"product_tag":[],"class_list":{"0":"post-9624","1":"product","2":"type-product","3":"status-publish","4":"has-post-thumbnail","6":"product_cat-lyophilized-powder","7":"product_cat-fruit-and-vegetable-powder","9":"first","10":"instock","11":"shipping-taxable","12":"product-type-simple"},"_links":{"self":[{"href":"https:\/\/www.hvbio.com\/es\/wp-json\/wp\/v2\/product\/9624","targetHints":{"allow":["GET"]}}],"collection":[{"href":"https:\/\/www.hvbio.com\/es\/wp-json\/wp\/v2\/product"}],"about":[{"href":"https:\/\/www.hvbio.com\/es\/wp-json\/wp\/v2\/types\/product"}],"replies":[{"embeddable":true,"href":"https:\/\/www.hvbio.com\/es\/wp-json\/wp\/v2\/comments?post=9624"}],"wp:featuredmedia":[{"embeddable":true,"href":"https:\/\/www.hvbio.com\/es\/wp-json\/wp\/v2\/media\/9633"}],"wp:attachment":[{"href":"https:\/\/www.hvbio.com\/es\/wp-json\/wp\/v2\/media?parent=9624"}],"wp:term":[{"taxonomy":"product_brand","embeddable":true,"href":"https:\/\/www.hvbio.com\/es\/wp-json\/wp\/v2\/product_brand?post=9624"},{"taxonomy":"product_cat","embeddable":true,"href":"https:\/\/www.hvbio.com\/es\/wp-json\/wp\/v2\/product_cat?post=9624"},{"taxonomy":"product_tag","embeddable":true,"href":"https:\/\/www.hvbio.com\/es\/wp-json\/wp\/v2\/product_tag?post=9624"}],"curies":[{"name":"wp","href":"https:\/\/api.w.org\/{rel}","templated":true}]}}