{"id":9625,"date":"2025-08-20T11:28:07","date_gmt":"2025-08-20T03:28:07","guid":{"rendered":"https:\/\/www.hvbio.com\/?post_type=product&#038;p=9625"},"modified":"2025-08-20T11:41:11","modified_gmt":"2025-08-20T03:41:11","slug":"broccoli-powder","status":"publish","type":"product","link":"https:\/\/www.hvbio.com\/es\/producto\/broccoli-powder\/","title":{"rendered":"Polvo de br\u00f3coli"},"content":{"rendered":"<table style=\"height: 358px;\" width=\"1360\">\n<thead>\n<tr>\n<th><strong>Art\u00edculo<\/strong><\/th>\n<th><strong>Detalles<\/strong><\/th>\n<\/tr>\n<\/thead>\n<tbody>\n<tr>\n<td><strong>Nombre del producto<\/strong><\/td>\n<td>Polvo de br\u00f3coli<\/td>\n<\/tr>\n<tr>\n<td><strong>Otros nombres<\/strong><\/td>\n<td>Cauliflower Powder, Green Cauliflower Powder, Green Vegetable Pollen Powder, Blue Broccoli Powder, Green Broccoli Powder<\/td>\n<\/tr>\n<tr>\n<td><strong>Disolvente de extracci\u00f3n y pieza utilizada<\/strong><\/td>\n<td>&#8211;\u00a0<strong>Parte usada<\/strong>: Fruit<br class=\"container-utlnW2 wrapper-d0Cc1k undefined\" \/>&#8211;\u00a0<strong>Disolventes de extracci\u00f3n<\/strong>: Ethanol and water (for broccoli extract)<\/td>\n<\/tr>\n<tr>\n<td><strong>Apariencia<\/strong><\/td>\n<td>green powder<\/td>\n<\/tr>\n<tr>\n<td><strong>M\u00e9todo de detecci\u00f3n<\/strong><\/td>\n<td>TLC (cromatograf\u00eda en capa fina)<\/td>\n<\/tr>\n<tr>\n<td><strong>Almacenamiento<\/strong><\/td>\n<td>Conservar en un recipiente herm\u00e9tico, en un lugar fresco, seco y oscuro, alejado de fuentes de calor y ambientes h\u00famedos.<\/td>\n<\/tr>\n<tr>\n<td><strong>Duraci\u00f3n<\/strong><\/td>\n<td>Dos a\u00f1os<\/td>\n<\/tr>\n<\/tbody>\n<\/table>","protected":false},"excerpt":{"rendered":"<h5 class=\"header-vfC6AV auto-hide-last-sibling-br\">Product Name: Broccoli Powder<\/h5>\n<div class=\"auto-hide-last-sibling-br paragraph-JOTKXA paragraph-element br-paragraph-space\">Other Names: Cauliflower Powder, Green Broccoli Powder, Green Vegetable Pollen, Blue Broccoli Powder, Green Cauliflower Powder<br class=\"container-utlnW2 wrapper-d0Cc1k undefined\" \/>Extraction Solvent and Used Part: The extraction part of broccoli powder is the fruit; ethanol and water can be used as solvents for broccoli extract.<br class=\"container-utlnW2 wrapper-d0Cc1k undefined\" \/>Appearance:green powder<br class=\"container-utlnW2 wrapper-d0Cc1k undefined\" \/>M\u00e9todo de detecci\u00f3n: TLC<\/div>\n<h5 class=\"header-vfC6AV auto-hide-last-sibling-br\">Instrucciones de compra<\/h5>\n<ul class=\"auto-hide-last-sibling-br\">\n<li>\u3010Packaging Method\u301125 kg\/cardboard drum or aluminum foil bag<\/li>\n<li>\u3010Condiciones de almacenamiento\u3011Debe sellarse y protegerse de la luz, almacenarse en un lugar seco, fresco y bien ventilado.<\/li>\n<li>\u3010Vida \u00fatil\u3011Dos a\u00f1os<\/li>\n<li>\u3010Sample\u3011Generally, 5-20g samples are provided for most products; some products charge a sample fee.<\/li>\n<li>\u3010Embalaje del producto\u3011Envasado en tambores de cart\u00f3n o bolsas de papel de aluminio (embalaje personalizable disponible a pedido del cliente)<\/li>\n<li>\u3010Tiempo de entrega\u3011Los productos no personalizados se enviar\u00e1n dentro de las 48 horas; el tiempo de entrega de los productos personalizados se ajustar\u00e1 seg\u00fan las necesidades reales.<\/li>\n<li>\u3010M\u00e9todo de embalaje\u3011Tambor de cart\u00f3n de 25 kg o bolsa de papel de aluminio; el embalaje se puede ajustar seg\u00fan las condiciones reales.<\/li>\n<li>\u3010M\u00e9todo de transporte\u3011Log\u00edstica express nacional; la cotizaci\u00f3n incluye los costos de transporte.<\/li>\n<li>\u3010Condiciones de almacenamiento\u3011Sellado y protegido de la luz, almacenado en un lugar seco, fresco y bien ventilado.<\/li>\n<\/ul>","protected":false},"featured_media":9629,"comment_status":"closed","ping_status":"closed","template":"","meta":[],"product_brand":[],"product_cat":[18,19],"product_tag":[],"class_list":{"0":"post-9625","1":"product","2":"type-product","3":"status-publish","4":"has-post-thumbnail","6":"product_cat-fruit-and-vegetable-powder","7":"product_cat-vegetable-powders","9":"first","10":"instock","11":"shipping-taxable","12":"product-type-simple"},"_links":{"self":[{"href":"https:\/\/www.hvbio.com\/es\/wp-json\/wp\/v2\/product\/9625","targetHints":{"allow":["GET"]}}],"collection":[{"href":"https:\/\/www.hvbio.com\/es\/wp-json\/wp\/v2\/product"}],"about":[{"href":"https:\/\/www.hvbio.com\/es\/wp-json\/wp\/v2\/types\/product"}],"replies":[{"embeddable":true,"href":"https:\/\/www.hvbio.com\/es\/wp-json\/wp\/v2\/comments?post=9625"}],"wp:featuredmedia":[{"embeddable":true,"href":"https:\/\/www.hvbio.com\/es\/wp-json\/wp\/v2\/media\/9629"}],"wp:attachment":[{"href":"https:\/\/www.hvbio.com\/es\/wp-json\/wp\/v2\/media?parent=9625"}],"wp:term":[{"taxonomy":"product_brand","embeddable":true,"href":"https:\/\/www.hvbio.com\/es\/wp-json\/wp\/v2\/product_brand?post=9625"},{"taxonomy":"product_cat","embeddable":true,"href":"https:\/\/www.hvbio.com\/es\/wp-json\/wp\/v2\/product_cat?post=9625"},{"taxonomy":"product_tag","embeddable":true,"href":"https:\/\/www.hvbio.com\/es\/wp-json\/wp\/v2\/product_tag?post=9625"}],"curies":[{"name":"wp","href":"https:\/\/api.w.org\/{rel}","templated":true}]}}