{"id":9641,"date":"2025-08-20T11:37:48","date_gmt":"2025-08-20T03:37:48","guid":{"rendered":"https:\/\/www.hvbio.com\/?post_type=product&#038;p=9641"},"modified":"2025-08-20T11:37:49","modified_gmt":"2025-08-20T03:37:49","slug":"rhamnus-bark-total-anthraquinones-10","status":"publish","type":"product","link":"https:\/\/www.hvbio.com\/es\/producto\/rhamnus-bark-total-anthraquinones-10\/","title":{"rendered":"Antraquinonas totales de corteza de Rhamnus 10%"},"content":{"rendered":"<table>\n<tbody>\n<tr>\n<td><strong>Nombre del producto<\/strong><\/td>\n<td>Antraquinonas totales de corteza de Rhamnus 10%<\/td>\n<\/tr>\n<tr>\n<td><strong>Nombre de materia prima alternativa<\/strong><\/td>\n<td>Corteza de \u00e1rbol verde congelada<\/td>\n<\/tr>\n<tr>\n<td><strong>Caracter\u00edsticas de la planta<\/strong><\/td>\n<td>La corteza es plana o ligeramente en forma de artesa, con longitudes variables y un espesor de 2-3 mm.<br class=\"container-utlnW2 wrapper-d0Cc1k undefined\" \/>Superficie exterior: Marr\u00f3n gris\u00e1ceo, rugosa, con grietas verticales y horizontales y lenticelas horizontales; la corteza de las ramas es m\u00e1s lisa, de color marr\u00f3n rojizo cuando se quita el corcho.<br class=\"container-utlnW2 wrapper-d0Cc1k undefined\" \/>Superficie interior: De color marr\u00f3n rojizo oscuro, con texturas verticales de color blanquecino.<br class=\"container-utlnW2 wrapper-d0Cc1k undefined\" \/>Textura: Dura y quebradiza, f\u00e1cil de romper, secci\u00f3n transversal fibrosa.<br class=\"container-utlnW2 wrapper-d0Cc1k undefined\" \/>Olor y sabor: Olor d\u00e9bil y espec\u00edfico, sabor amargo.<\/td>\n<\/tr>\n<tr>\n<td><strong>Distribuci\u00f3n principal<\/strong><\/td>\n<td>Distribuido en el este de China, centro-sur, suroeste de China, as\u00ed como en Hebei, Shanxi, Shaanxi, Gansu y otras regiones.<\/td>\n<\/tr>\n<tr>\n<td><strong>Fuente de extracci\u00f3n<\/strong><\/td>\n<td>Corteza o corteza de la ra\u00edz de\u00a0<em>Rhamnus utilis<\/em>\u00a0Decne. (una planta de la familia Rhamnaceae)<\/td>\n<\/tr>\n<tr>\n<td><strong>Especificaci\u00f3n<\/strong><\/td>\n<td>10% Antraquinonas o personalizadas seg\u00fan requerimientos del cliente<\/td>\n<\/tr>\n<tr>\n<td><strong>Apariencia<\/strong><\/td>\n<td>Polvo de color amarillo parduzco<\/td>\n<\/tr>\n<tr>\n<td><strong>Tama\u00f1o de malla<\/strong><\/td>\n<td>Cribado a trav\u00e9s de mallas 80-100<\/td>\n<\/tr>\n<tr>\n<td><strong>Condiciones de almacenamiento<\/strong><\/td>\n<td>Conservar en un lugar fresco y seco, protegido de la luz y las altas temperaturas. Vida \u00fatil: 2 a\u00f1os.<\/td>\n<\/tr>\n<\/tbody>\n<\/table>","protected":false},"excerpt":{"rendered":"<table>\n<tbody>\n<tr>\n<td><strong>Nombre del producto<\/strong><\/td>\n<td>Antraquinonas totales de corteza de Rhamnus 10%<\/td>\n<\/tr>\n<tr>\n<td><strong>Nombre de materia prima alternativa<\/strong><\/td>\n<td>Corteza de \u00e1rbol verde congelada<\/td>\n<\/tr>\n<tr>\n<td><strong>Caracter\u00edsticas de la planta<\/strong><\/td>\n<td>La corteza es plana o ligeramente en forma de artesa, con longitudes variables y un espesor de 2-3 mm.<br class=\"container-utlnW2 wrapper-d0Cc1k undefined\" \/>Superficie exterior: Marr\u00f3n gris\u00e1ceo, rugosa, con grietas verticales y horizontales y lenticelas horizontales; la corteza de las ramas es m\u00e1s lisa, de color marr\u00f3n rojizo cuando se quita el corcho.<br class=\"container-utlnW2 wrapper-d0Cc1k undefined\" \/>Superficie interior: De color marr\u00f3n rojizo oscuro, con texturas verticales de color blanquecino.<br class=\"container-utlnW2 wrapper-d0Cc1k undefined\" \/>Textura: Dura y quebradiza, f\u00e1cil de romper, secci\u00f3n transversal fibrosa.<br class=\"container-utlnW2 wrapper-d0Cc1k undefined\" \/>Olor y sabor: Olor d\u00e9bil y espec\u00edfico, sabor amargo.<\/td>\n<\/tr>\n<tr>\n<td><strong>Distribuci\u00f3n principal<\/strong><\/td>\n<td>Distribuido en el este de China, centro-sur, suroeste de China, as\u00ed como en Hebei, Shanxi, Shaanxi, Gansu y otras regiones.<\/td>\n<\/tr>\n<tr>\n<td><strong>Fuente de extracci\u00f3n<\/strong><\/td>\n<td>Corteza o corteza de la ra\u00edz de\u00a0<em>Rhamnus utilis<\/em>\u00a0Decne. (una planta de la familia Rhamnaceae)<\/td>\n<\/tr>\n<tr>\n<td><strong>Especificaci\u00f3n<\/strong><\/td>\n<td>10% Antraquinonas o personalizadas seg\u00fan requerimientos del cliente<\/td>\n<\/tr>\n<tr>\n<td><strong>Apariencia<\/strong><\/td>\n<td>Polvo de color amarillo parduzco<\/td>\n<\/tr>\n<tr>\n<td><strong>Tama\u00f1o de malla<\/strong><\/td>\n<td>Cribado a trav\u00e9s de mallas 80-100<\/td>\n<\/tr>\n<tr>\n<td><strong>Condiciones de almacenamiento<\/strong><\/td>\n<td>Conservar en un lugar fresco y seco, protegido de la luz y las altas temperaturas. Vida \u00fatil: 2 a\u00f1os.<\/td>\n<\/tr>\n<\/tbody>\n<\/table>","protected":false},"featured_media":9651,"comment_status":"closed","ping_status":"closed","template":"","meta":[],"product_brand":[],"product_cat":[23,17],"product_tag":[],"class_list":{"0":"post-9641","1":"product","2":"type-product","3":"status-publish","4":"has-post-thumbnail","6":"product_cat-standard-extract","7":"product_cat-plant-extract","9":"first","10":"instock","11":"shipping-taxable","12":"product-type-simple"},"_links":{"self":[{"href":"https:\/\/www.hvbio.com\/es\/wp-json\/wp\/v2\/product\/9641","targetHints":{"allow":["GET"]}}],"collection":[{"href":"https:\/\/www.hvbio.com\/es\/wp-json\/wp\/v2\/product"}],"about":[{"href":"https:\/\/www.hvbio.com\/es\/wp-json\/wp\/v2\/types\/product"}],"replies":[{"embeddable":true,"href":"https:\/\/www.hvbio.com\/es\/wp-json\/wp\/v2\/comments?post=9641"}],"wp:featuredmedia":[{"embeddable":true,"href":"https:\/\/www.hvbio.com\/es\/wp-json\/wp\/v2\/media\/9651"}],"wp:attachment":[{"href":"https:\/\/www.hvbio.com\/es\/wp-json\/wp\/v2\/media?parent=9641"}],"wp:term":[{"taxonomy":"product_brand","embeddable":true,"href":"https:\/\/www.hvbio.com\/es\/wp-json\/wp\/v2\/product_brand?post=9641"},{"taxonomy":"product_cat","embeddable":true,"href":"https:\/\/www.hvbio.com\/es\/wp-json\/wp\/v2\/product_cat?post=9641"},{"taxonomy":"product_tag","embeddable":true,"href":"https:\/\/www.hvbio.com\/es\/wp-json\/wp\/v2\/product_tag?post=9641"}],"curies":[{"name":"wp","href":"https:\/\/api.w.org\/{rel}","templated":true}]}}