{"id":9645,"date":"2025-08-20T11:39:05","date_gmt":"2025-08-20T03:39:05","guid":{"rendered":"https:\/\/www.hvbio.com\/?post_type=product&#038;p=9645"},"modified":"2025-08-20T11:49:46","modified_gmt":"2025-08-20T03:49:46","slug":"freeze-dried-dragon-fruit-powder","status":"publish","type":"product","link":"https:\/\/www.hvbio.com\/es\/producto\/freeze-dried-dragon-fruit-powder\/","title":{"rendered":"Polvo de fruta del drag\u00f3n congelado y deshidratado"},"content":{"rendered":"<table style=\"height: 360px;\" width=\"1163\">\n<thead>\n<tr>\n<th>Art\u00edculo<\/th>\n<th>Detalles<\/th>\n<\/tr>\n<\/thead>\n<tbody>\n<tr>\n<td>Nombre del producto<\/td>\n<td>Polvo de fruta del drag\u00f3n congelado y deshidratado<\/td>\n<\/tr>\n<tr>\n<td>Otros nombres<\/td>\n<td>Dragon Fruit Extract, Red Dragon Fruit Powder<\/td>\n<\/tr>\n<tr>\n<td>Disolvente de extracci\u00f3n y parte utilizada<\/td>\n<td>The commonly used extraction solvent is ethanol, and the main extraction part is the pulp of dragon fruit.<\/td>\n<\/tr>\n<tr>\n<td>Apariencia<\/td>\n<td>Purple-Red Powder<\/td>\n<\/tr>\n<tr>\n<td>M\u00e9todo de prueba<\/td>\n<td>TLC (cromatograf\u00eda en capa fina)<\/td>\n<\/tr>\n<tr>\n<td>Almacenamiento<\/td>\n<td>Store in a sealed container in a cool, dry, and dark place, away from heat sources and humid environments.<\/td>\n<\/tr>\n<tr>\n<td>Duraci\u00f3n<\/td>\n<td>Dos a\u00f1os<\/td>\n<\/tr>\n<\/tbody>\n<\/table>","protected":false},"excerpt":{"rendered":"<h5 class=\"header-vfC6AV auto-hide-last-sibling-br\">Product Name: Dragon Fruit Freeze &#8211; Dried Powder<\/h5>\n<div class=\"auto-hide-last-sibling-br paragraph-JOTKXA paragraph-element br-paragraph-space\">Other Names: Dragon Fruit Extract, Red-Pitaya Fruit Powder<br class=\"container-utlnW2 wrapper-d0Cc1k undefined\" \/>Extraction Solvent &amp; Used Part: The commonly used extraction solvent is ethanol, and the main extraction part is the flesh of dragon fruit.<br class=\"container-utlnW2 wrapper-d0Cc1k undefined\" \/>Appearance: Fuchsia powder<br class=\"container-utlnW2 wrapper-d0Cc1k undefined\" \/>M\u00e9todo de detecci\u00f3n: TLC<\/div>\n<h5 class=\"header-vfC6AV auto-hide-last-sibling-br\">Instrucciones de compra<\/h5>\n<ul class=\"auto-hide-last-sibling-br\">\n<li><strong>M\u00e9todo de embalaje<\/strong>:Tambor de cart\u00f3n de 25 kg o bolsa de papel de aluminio<\/li>\n<li><strong>Condiciones de almacenamiento<\/strong>:Debe sellarse y protegerse de la luz, almacenarse en un lugar seco, fresco y bien ventilado.<\/li>\n<li><strong>Duraci\u00f3n<\/strong>: 2 a\u00f1os<\/li>\n<li><strong>Disposici\u00f3n de muestra<\/strong>:Generalmente, se proporcionan muestras de 5 a 20 g para la mayor\u00eda de los productos; se cobra una tarifa de muestra para algunos productos.<\/li>\n<li><strong>Embalaje del producto<\/strong>:Envasado en tambores de cart\u00f3n o bolsas de papel de aluminio (embalaje personalizable disponible a petici\u00f3n del cliente)<\/li>\n<li><strong>El tiempo de entrega<\/strong>:Los productos no personalizados se enviar\u00e1n dentro de las 48 horas; el tiempo de entrega de los productos personalizados se ajustar\u00e1 seg\u00fan las necesidades reales.<\/li>\n<li><strong>M\u00e9todo de transporte<\/strong>:Log\u00edstica express nacional, el precio cotizado incluye costos de transporte.<\/li>\n<\/ul>","protected":false},"featured_media":9646,"comment_status":"closed","ping_status":"closed","template":"","meta":[],"product_brand":[],"product_cat":[18,21],"product_tag":[],"class_list":{"0":"post-9645","1":"product","2":"type-product","3":"status-publish","4":"has-post-thumbnail","6":"product_cat-fruit-and-vegetable-powder","7":"product_cat-lyophilized-powder","9":"first","10":"instock","11":"shipping-taxable","12":"product-type-simple"},"_links":{"self":[{"href":"https:\/\/www.hvbio.com\/es\/wp-json\/wp\/v2\/product\/9645","targetHints":{"allow":["GET"]}}],"collection":[{"href":"https:\/\/www.hvbio.com\/es\/wp-json\/wp\/v2\/product"}],"about":[{"href":"https:\/\/www.hvbio.com\/es\/wp-json\/wp\/v2\/types\/product"}],"replies":[{"embeddable":true,"href":"https:\/\/www.hvbio.com\/es\/wp-json\/wp\/v2\/comments?post=9645"}],"wp:featuredmedia":[{"embeddable":true,"href":"https:\/\/www.hvbio.com\/es\/wp-json\/wp\/v2\/media\/9646"}],"wp:attachment":[{"href":"https:\/\/www.hvbio.com\/es\/wp-json\/wp\/v2\/media?parent=9645"}],"wp:term":[{"taxonomy":"product_brand","embeddable":true,"href":"https:\/\/www.hvbio.com\/es\/wp-json\/wp\/v2\/product_brand?post=9645"},{"taxonomy":"product_cat","embeddable":true,"href":"https:\/\/www.hvbio.com\/es\/wp-json\/wp\/v2\/product_cat?post=9645"},{"taxonomy":"product_tag","embeddable":true,"href":"https:\/\/www.hvbio.com\/es\/wp-json\/wp\/v2\/product_tag?post=9645"}],"curies":[{"name":"wp","href":"https:\/\/api.w.org\/{rel}","templated":true}]}}