{"id":9654,"date":"2025-08-20T11:46:00","date_gmt":"2025-08-20T03:46:00","guid":{"rendered":"https:\/\/www.hvbio.com\/?post_type=product&#038;p=9654"},"modified":"2025-08-20T11:46:26","modified_gmt":"2025-08-20T03:46:26","slug":"viburnum-emodin-10","status":"publish","type":"product","link":"https:\/\/www.hvbio.com\/es\/producto\/viburnum-emodin-10\/","title":{"rendered":"Emodina de viburnum 10%"},"content":{"rendered":"<div class=\"inter-jQQQ8P\">\n<div class=\"container-PrUkKo\">\n<div class=\"item-hGGxLi\">\n<div class=\"container-arOxqB chrome70-container\">\n<div class=\"inner-FyM8gE inner-item-swzCut\" data-target-id=\"message-box-target-id\" data-testid=\"union_message\">\n<div class=\"message-block-container-aFugD6\" data-testid=\"message-block-container\">\n<div class=\"flex flex-row w-full w-full max-w-full s-font-base text-s-color-text-secondary p-0 rounded-s-radius-s bg-transparent group data-[attr=select-mode]:-mt-10 data-[attr=select-mode]:py-10 data-[attr=select-mode]:px-16 data-[attr=select-mode]:sm:p-10 data-[attr=select-mode]:hover:bg-s-color-bg-base data-[attr=select-mode]:hover:rounded-s-radius-xs data-[attr=select-mode]:has-[:checked]:bg-s-color-bg-trans data-[attr=select-mode]:has-[:checked]:rounded-s-radius-xs data-[attr=select-mode]:pointer-events-none\" data-testid=\"receive_message\">\n<div class=\"flex flex-col flex-grow max-w-full min-w-0\">\n<div class=\"flex flex-row w-full\" data-testid=\"message_content\" data-message-id=\"17046199895986178\">\n<div class=\"w-full\" data-plugin-identifier=\"Symbol(infra:receive-message-box:text)\">\n<div class=\"container-ZYIsnH flow-markdown-body theme-samantha-Nbr9UN\" dir=\"ltr\" data-testid=\"message_text_content\" data-show-indicator=\"false\">\n<div class=\"auto-hide-last-sibling-br mdbox-table-root table-container-GhL7Lo\" data-scroll-inline-overflow=\"false\" data-scroll-inline-at-start=\"true\" data-scroll-inline-start-overflow=\"false\" data-scroll-inline-at-end=\"true\" data-scroll-inline-end-overflow=\"false\">\n<div class=\"table-scroll-container-hgHkfW mdbox-table-scroll-container\">\n<table>\n<thead>\n<tr>\n<th>Art\u00edculo<\/th>\n<th>Detalles<\/th>\n<\/tr>\n<\/thead>\n<tbody>\n<tr>\n<td>Nombre del producto<\/td>\n<td>Emodina de viburnum 10%<\/td>\n<\/tr>\n<tr>\n<td>Nombre en lat\u00edn<\/td>\n<td>Emodina<\/td>\n<\/tr>\n<tr>\n<td>Alias<\/td>\n<td>(Zhusha Lian Jiasu)<\/td>\n<\/tr>\n<tr>\n<td>Alias en ingl\u00e9s<\/td>\n<td>CI 75440; CI Amarillo Natural 14; Emodina; 1,3,8-Trihidroxi-6-metilantraquinona; 6-Metil-1,3,8-trihidroxiantraquinona; emodina de corteza de fr\u00e1ngula[1]<\/td>\n<\/tr>\n<tr>\n<td>Nombre qu\u00edmico<\/td>\n<td>1,3,8-Trihidroxi-6-metilantraquinona<\/td>\n<\/tr>\n<tr>\n<td>F\u00f3rmula molecular<\/td>\n<td>C\u2081\u2085H\u2081\u2080O\u2085<\/td>\n<\/tr>\n<tr>\n<td>Peso molecular<\/td>\n<td>270.23<\/td>\n<\/tr>\n<tr>\n<td>N.\u00ba CAS<\/td>\n<td>518-82-1<\/td>\n<\/tr>\n<tr>\n<td>N.\u00ba EINECS<\/td>\n<td>208-258-8<\/td>\n<\/tr>\n<tr>\n<td>Fuente<\/td>\n<td>Extra\u00eddo de los rizomas y ra\u00edces secos de\u00a0<em>Polygonum cuspidatum<\/em>\u00a0Sieb. y Zucc. (familia de las poligon\u00e1ceas)<\/td>\n<\/tr>\n<tr>\n<td>Propiedades<\/td>\n<td>Polvo fino de color marr\u00f3n rojizo; casi insoluble en agua, soluble en etanol y soluciones alcalinas.<\/td>\n<\/tr>\n<tr>\n<td>Especificaci\u00f3n<\/td>\n<td>Este producto tiene la especificaci\u00f3n 50%; para otras especificaciones, comun\u00edquese con el servicio de atenci\u00f3n al cliente.<\/td>\n<\/tr>\n<tr>\n<td>Tama\u00f1o de part\u00edcula<\/td>\n<td>Pasa a trav\u00e9s de un tamiz de malla 80<\/td>\n<\/tr>\n<tr>\n<td>Condiciones de almacenamiento<\/td>\n<td>Conservar en un lugar fresco y seco, protegido de la luz y las altas temperaturas. Vida \u00fatil: 2 a\u00f1os.<\/td>\n<\/tr>\n<\/tbody>\n<\/table>\n<\/div>\n<\/div>\n<\/div>\n<\/div>\n<\/div>\n<div class=\"answer-action-bar-pgm2JD answer-action-bar flex flex-col justify-end\" data-testid=\"message_action_bar\">\n<div class=\"container-rxM4SW flex flex-row items-start w-full self-center\" data-message-action-bar=\"1\">\n<div class=\"left-Y7jNAM\">\n<div class=\"bp5-overflow-list container-i9_9R9 align-start-BRJcKo inner-K6EVuU\">\n<p>&nbsp;<\/p>\n<div class=\"container-Vsbmrs\"><button class=\"semi-button semi-button-primary semi-button-light container-ESWhjk size-small-jTps3E background-white-v4rjV_ color-grey-deep-pHDbUa semi-button-with-icon\" tabindex=\"0\" type=\"button\" data-testid=\"create_doc_by_message\" aria-disabled=\"false\" aria-describedby=\"v24jr9r\" data-popupid=\"v24jr9r\"><span class=\"semi-button-content\"><span class=\"semi-button-content-right\">\u7f16\u8f91<\/span><\/span><\/button><\/div>\n<p><button class=\"semi-button semi-button-primary semi-button-light container-ESWhjk size-small-jTps3E background-white-v4rjV_ color-grey-deep-pHDbUa share-action-btn-uaNw52 semi-button-with-icon\" type=\"button\" data-testid=\"message_action_share\" aria-disabled=\"false\"><span class=\"semi-button-content\"><span class=\"semi-button-content-right\">\u5206\u4eab<\/span><\/span><\/button><\/p>\n<div class=\"flex\" tabindex=\"0\" aria-expanded=\"false\" aria-haspopup=\"dialog\" aria-controls=\"o6pvph0\" data-popupid=\"o6pvph0\"><\/div>\n<\/div>\n<\/div>\n<\/div>\n<\/div>\n<div class=\"suggest-message-list-wrapper-Hn7Sfr\" data-testid=\"suggest_message_list\">\n<div class=\"suggest-list-item suggest-message-LJeEWd\" data-testid=\"suggest_message_item\"><\/div>\n<\/div>\n<\/div>\n<\/div>\n<\/div>\n<\/div>\n<\/div>\n<\/div>\n<\/div>\n<\/div>\n<div class=\"top-lAPxtl\">\n<div class=\"container-arOxqB chrome70-container\"><\/div>\n<\/div>","protected":false},"excerpt":{"rendered":"<p>Emodina de viburnum 10%<\/p>","protected":false},"featured_media":9655,"comment_status":"closed","ping_status":"closed","template":"","meta":[],"product_brand":[],"product_cat":[17,23],"product_tag":[31],"class_list":{"0":"post-9654","1":"product","2":"type-product","3":"status-publish","4":"has-post-thumbnail","6":"product_cat-plant-extract","7":"product_cat-standard-extract","8":"product_tag-viburnum-emodin-10","10":"first","11":"instock","12":"shipping-taxable","13":"product-type-simple"},"_links":{"self":[{"href":"https:\/\/www.hvbio.com\/es\/wp-json\/wp\/v2\/product\/9654","targetHints":{"allow":["GET"]}}],"collection":[{"href":"https:\/\/www.hvbio.com\/es\/wp-json\/wp\/v2\/product"}],"about":[{"href":"https:\/\/www.hvbio.com\/es\/wp-json\/wp\/v2\/types\/product"}],"replies":[{"embeddable":true,"href":"https:\/\/www.hvbio.com\/es\/wp-json\/wp\/v2\/comments?post=9654"}],"wp:featuredmedia":[{"embeddable":true,"href":"https:\/\/www.hvbio.com\/es\/wp-json\/wp\/v2\/media\/9655"}],"wp:attachment":[{"href":"https:\/\/www.hvbio.com\/es\/wp-json\/wp\/v2\/media?parent=9654"}],"wp:term":[{"taxonomy":"product_brand","embeddable":true,"href":"https:\/\/www.hvbio.com\/es\/wp-json\/wp\/v2\/product_brand?post=9654"},{"taxonomy":"product_cat","embeddable":true,"href":"https:\/\/www.hvbio.com\/es\/wp-json\/wp\/v2\/product_cat?post=9654"},{"taxonomy":"product_tag","embeddable":true,"href":"https:\/\/www.hvbio.com\/es\/wp-json\/wp\/v2\/product_tag?post=9654"}],"curies":[{"name":"wp","href":"https:\/\/api.w.org\/{rel}","templated":true}]}}