{"id":9672,"date":"2025-08-20T12:15:23","date_gmt":"2025-08-20T04:15:23","guid":{"rendered":"https:\/\/www.hvbio.com\/?post_type=product&#038;p=9672"},"modified":"2025-08-20T12:31:16","modified_gmt":"2025-08-20T04:31:16","slug":"sophora-flavescens-total-alkaloids-10","status":"publish","type":"product","link":"https:\/\/www.hvbio.com\/es\/producto\/sophora-flavescens-total-alkaloids-10\/","title":{"rendered":"Alcaloides totales de Sophora flavescens 10%"},"content":{"rendered":"<div class=\"inter-jQQQ8P\">\n<div class=\"container-PrUkKo\">\n<div class=\"item-hGGxLi\">\n<div class=\"container-arOxqB chrome70-container\">\n<div class=\"inner-FyM8gE inner-item-swzCut\" data-target-id=\"message-box-target-id\" data-testid=\"union_message\">\n<div class=\"message-block-container-aFugD6\" data-testid=\"message-block-container\">\n<div class=\"flex flex-row w-full w-full max-w-full s-font-base text-s-color-text-secondary p-0 rounded-s-radius-s bg-transparent group data-[attr=select-mode]:-mt-10 data-[attr=select-mode]:py-10 data-[attr=select-mode]:px-16 data-[attr=select-mode]:sm:p-10 data-[attr=select-mode]:hover:bg-s-color-bg-base data-[attr=select-mode]:hover:rounded-s-radius-xs data-[attr=select-mode]:has-[:checked]:bg-s-color-bg-trans data-[attr=select-mode]:has-[:checked]:rounded-s-radius-xs data-[attr=select-mode]:pointer-events-none\" data-testid=\"receive_message\">\n<div class=\"flex flex-col flex-grow max-w-full min-w-0\">\n<div class=\"flex flex-row w-full\" data-testid=\"message_content\" data-message-id=\"17042185659823362\">\n<div class=\"w-full\" data-plugin-identifier=\"Symbol(infra:receive-message-box:text)\">\n<div class=\"container-ZYIsnH flow-markdown-body theme-samantha-Nbr9UN\" dir=\"ltr\" data-testid=\"message_text_content\" data-show-indicator=\"false\">\n<div class=\"auto-hide-last-sibling-br mdbox-table-root table-container-GhL7Lo\" data-scroll-inline-overflow=\"false\" data-scroll-inline-at-start=\"true\" data-scroll-inline-start-overflow=\"false\" data-scroll-inline-at-end=\"true\" data-scroll-inline-end-overflow=\"false\">\n<div class=\"table-scroll-container-hgHkfW mdbox-table-scroll-container\">\n<table>\n<thead>\n<tr>\n<th>Art\u00edculo<\/th>\n<th>Detalles<\/th>\n<\/tr>\n<\/thead>\n<tbody>\n<tr>\n<td>Nombre del producto<\/td>\n<td>Alcaloides totales de Sophora flavescens 10%<\/td>\n<\/tr>\n<tr>\n<td>Nombre en ingl\u00e9s<\/td>\n<td>Alcaloides totales de Sophorae Flavescentis<\/td>\n<\/tr>\n<tr>\n<td>Fuente vegetal<\/td>\n<td>Ra\u00edces secas de\u00a0<em>Sophora flavescens<\/em>\u00a0Ait. (Familia Fabaceae)<\/td>\n<\/tr>\n<tr>\n<td>Alias<\/td>\n<td>\u00a0(Ye Huai), (Haohan Zhi), (Ku Gu), (Di Gu), (Di Huai), (Shan Huaizi)<\/td>\n<\/tr>\n<tr>\n<td>Ingredientes activos<\/td>\n<td>Matrina, oximatrina y otros alcaloides diversos<\/td>\n<\/tr>\n<tr>\n<td>Contenido del producto<\/td>\n<td>10%<\/td>\n<\/tr>\n<tr>\n<td>Caracter\u00edsticas del producto<\/td>\n<td>Polvo de color marr\u00f3n amarillento a blanquecino; olor ligero; sabor extremadamente amargo<\/td>\n<\/tr>\n<tr>\n<td>M\u00e9todo de detecci\u00f3n<\/td>\n<td>HPLC (cromatograf\u00eda l\u00edquida de alta resoluci\u00f3n)<\/td>\n<\/tr>\n<tr>\n<td>M\u00e9todo de almacenamiento<\/td>\n<td>Selle y almacene en un lugar fresco y seco; proteja de la humedad y de las infestaciones de polillas.<\/td>\n<\/tr>\n<tr>\n<td>Embalaje del producto<\/td>\n<td>25 kg por tambor de cart\u00f3n; 1 kg por bolsa de papel de aluminio; o seg\u00fan los requisitos del cliente<\/td>\n<\/tr>\n<\/tbody>\n<\/table>\n<\/div>\n<\/div>\n<\/div>\n<\/div>\n<\/div>\n<\/div>\n<\/div>\n<\/div>\n<\/div>\n<\/div>\n<\/div>\n<\/div>\n<\/div>","protected":false},"excerpt":{"rendered":"<p>Alcaloides totales de Sophora flavescens 10%,<strong>Diversos alcaloides como la matrina y la oximatrina, polvo de color amarillo parduzco a blanquecino, ligeramente arom\u00e1tico, sabor extremadamente amargo.<\/strong><\/p>","protected":false},"featured_media":9673,"comment_status":"closed","ping_status":"closed","template":"","meta":[],"product_brand":[],"product_cat":[17,23],"product_tag":[33],"class_list":{"0":"post-9672","1":"product","2":"type-product","3":"status-publish","4":"has-post-thumbnail","6":"product_cat-plant-extract","7":"product_cat-standard-extract","8":"product_tag-sophora-flavescens-total-alkaloids-10","10":"first","11":"instock","12":"shipping-taxable","13":"product-type-simple"},"_links":{"self":[{"href":"https:\/\/www.hvbio.com\/es\/wp-json\/wp\/v2\/product\/9672","targetHints":{"allow":["GET"]}}],"collection":[{"href":"https:\/\/www.hvbio.com\/es\/wp-json\/wp\/v2\/product"}],"about":[{"href":"https:\/\/www.hvbio.com\/es\/wp-json\/wp\/v2\/types\/product"}],"replies":[{"embeddable":true,"href":"https:\/\/www.hvbio.com\/es\/wp-json\/wp\/v2\/comments?post=9672"}],"wp:featuredmedia":[{"embeddable":true,"href":"https:\/\/www.hvbio.com\/es\/wp-json\/wp\/v2\/media\/9673"}],"wp:attachment":[{"href":"https:\/\/www.hvbio.com\/es\/wp-json\/wp\/v2\/media?parent=9672"}],"wp:term":[{"taxonomy":"product_brand","embeddable":true,"href":"https:\/\/www.hvbio.com\/es\/wp-json\/wp\/v2\/product_brand?post=9672"},{"taxonomy":"product_cat","embeddable":true,"href":"https:\/\/www.hvbio.com\/es\/wp-json\/wp\/v2\/product_cat?post=9672"},{"taxonomy":"product_tag","embeddable":true,"href":"https:\/\/www.hvbio.com\/es\/wp-json\/wp\/v2\/product_tag?post=9672"}],"curies":[{"name":"wp","href":"https:\/\/api.w.org\/{rel}","templated":true}]}}