{"id":9701,"date":"2025-08-21T11:50:47","date_gmt":"2025-08-21T03:50:47","guid":{"rendered":"https:\/\/www.hvbio.com\/?post_type=product&#038;p=9701"},"modified":"2025-08-21T11:50:47","modified_gmt":"2025-08-21T03:50:47","slug":"astragaloside-iv-1","status":"publish","type":"product","link":"https:\/\/www.hvbio.com\/es\/producto\/astragaloside-iv-1\/","title":{"rendered":"Astragal\u00f3sido IV 1%"},"content":{"rendered":"<table style=\"height: 320px;\" width=\"1569\">\n<thead>\n<tr>\n<th>Art\u00edculo<\/th>\n<th>Detalles<\/th>\n<\/tr>\n<\/thead>\n<tbody>\n<tr>\n<td>Nombre del producto<\/td>\n<td>Astragal\u00f3sido IV 1%<\/td>\n<\/tr>\n<tr>\n<td>Otros nombres<\/td>\n<td>Astragal\u00f3sido IV; Astragal\u00f3sido IV; Astragal\u00f3sido IV; Astragal\u00f3sido IV<\/td>\n<\/tr>\n<tr>\n<td>Disolvente de extracci\u00f3n y parte de la planta utilizada<\/td>\n<td>Disolventes de extracci\u00f3n: disolvente de extracci\u00f3n acuoso, disolvente mixto agua-alcohol. La fuente es la ra\u00edz seca de\u00a0<em>Astr\u00e1galo membranaceus<\/em>\u00a0(Fisch.) Bge. o\u00a0<em>Astr\u00e1galo membranaceus<\/em>\u00a0(Pesca) Bge. var.\u00a0<em>mongholicus<\/em>\u00a0(Bge.) Hsiao (familia Fabaceae)<\/td>\n<\/tr>\n<tr>\n<td>Apariencia<\/td>\n<td>Polvo marr\u00f3n oscuro<\/td>\n<\/tr>\n<tr>\n<td>M\u00e9todo de prueba<\/td>\n<td>HPLC (cromatograf\u00eda l\u00edquida de alta resoluci\u00f3n)<\/td>\n<\/tr>\n<tr>\n<td>Almacenamiento<\/td>\n<td>Conservar en un recipiente herm\u00e9tico en un lugar fresco, seco y oscuro, alejado de fuentes de calor y humedad.<\/td>\n<\/tr>\n<tr>\n<td>Duraci\u00f3n<\/td>\n<td>Dos a\u00f1os<\/td>\n<\/tr>\n<\/tbody>\n<\/table>","protected":false},"excerpt":{"rendered":"<h4 class=\"header-vfC6AV auto-hide-last-sibling-br\">Nombre del producto: Astragal\u00f3sido IV 1%<\/h4>\n<h4 class=\"auto-hide-last-sibling-br paragraph-JOTKXA paragraph-element br-paragraph-space\">Otros nombres: Astragal\u00f3sido IV<\/h4>\n<h4 class=\"header-vfC6AV auto-hide-last-sibling-br\">Disolvente de extracci\u00f3n y pieza usada:<\/h4>\n<ul class=\"auto-hide-last-sibling-br\">\n<li>\n<h4>Fuente principal: Ra\u00edces secas de\u00a0<em>Astr\u00e1galo membranaceus<\/em>\u00a0(una planta leguminosa).<\/h4>\n<\/li>\n<li>\n<h4>Disolventes de extracci\u00f3n: Disolvente de extracci\u00f3n acuoso, disolvente mixto agua-etanol.<\/h4>\n<\/li>\n<\/ul>\n<h4 class=\"header-vfC6AV auto-hide-last-sibling-br\">Apariencia:<\/h4>\n<h4 class=\"auto-hide-last-sibling-br paragraph-JOTKXA paragraph-element br-paragraph-space\">Polvo marr\u00f3n oscuro<\/h4>\n<h4 class=\"header-vfC6AV auto-hide-last-sibling-br\">M\u00e9todo de detecci\u00f3n:<\/h4>\n<h4 class=\"auto-hide-last-sibling-br paragraph-JOTKXA paragraph-element br-paragraph-space\">HPLC (cromatograf\u00eda l\u00edquida de alta resoluci\u00f3n)<\/h4>\n<h4 class=\"header-vfC6AV auto-hide-last-sibling-br\">Condiciones de compra<\/h4>\n<ul class=\"auto-hide-last-sibling-br\">\n<li>\n<h4><strong>M\u00e9todo de embalaje<\/strong>:Tambor de cart\u00f3n de 25 kg o bolsa de papel de aluminio.<\/h4>\n<\/li>\n<li>\n<h4><strong>Condiciones de almacenamiento<\/strong>:Debe mantenerse sellado y protegido de la luz; almacenarse en un lugar seco, fresco y bien ventilado.<\/h4>\n<\/li>\n<li>\n<h4><strong>Duraci\u00f3n<\/strong>:2 a\u00f1os.<\/h4>\n<\/li>\n<li>\n<h4><strong>Disposici\u00f3n de muestra<\/strong>:Generalmente, se proporcionan muestras de 5 a 20 g para la mayor\u00eda de los productos; pueden aplicarse tarifas de muestra para algunos productos.<\/h4>\n<\/li>\n<li>\n<h4><strong>Embalaje del producto<\/strong>:Tambor de cart\u00f3n o bolsa de papel aluminio (personalizable seg\u00fan requerimientos del cliente).<\/h4>\n<\/li>\n<li>\n<h4><strong>El tiempo de entrega<\/strong>:Los productos no personalizados se env\u00edan dentro de las 48 horas; el tiempo de entrega de los productos personalizados se ajusta seg\u00fan las necesidades reales.<\/h4>\n<\/li>\n<li>\n<h4><strong>M\u00e9todo de transporte<\/strong>:Log\u00edstica express nacional, precio cotizado incluye costos de transporte.<\/h4>\n<\/li>\n<\/ul>","protected":false},"featured_media":9702,"comment_status":"closed","ping_status":"closed","template":"","meta":[],"product_brand":[],"product_cat":[17,23],"product_tag":[],"class_list":{"0":"post-9701","1":"product","2":"type-product","3":"status-publish","4":"has-post-thumbnail","6":"product_cat-plant-extract","7":"product_cat-standard-extract","9":"first","10":"instock","11":"shipping-taxable","12":"product-type-simple"},"_links":{"self":[{"href":"https:\/\/www.hvbio.com\/es\/wp-json\/wp\/v2\/product\/9701","targetHints":{"allow":["GET"]}}],"collection":[{"href":"https:\/\/www.hvbio.com\/es\/wp-json\/wp\/v2\/product"}],"about":[{"href":"https:\/\/www.hvbio.com\/es\/wp-json\/wp\/v2\/types\/product"}],"replies":[{"embeddable":true,"href":"https:\/\/www.hvbio.com\/es\/wp-json\/wp\/v2\/comments?post=9701"}],"wp:featuredmedia":[{"embeddable":true,"href":"https:\/\/www.hvbio.com\/es\/wp-json\/wp\/v2\/media\/9702"}],"wp:attachment":[{"href":"https:\/\/www.hvbio.com\/es\/wp-json\/wp\/v2\/media?parent=9701"}],"wp:term":[{"taxonomy":"product_brand","embeddable":true,"href":"https:\/\/www.hvbio.com\/es\/wp-json\/wp\/v2\/product_brand?post=9701"},{"taxonomy":"product_cat","embeddable":true,"href":"https:\/\/www.hvbio.com\/es\/wp-json\/wp\/v2\/product_cat?post=9701"},{"taxonomy":"product_tag","embeddable":true,"href":"https:\/\/www.hvbio.com\/es\/wp-json\/wp\/v2\/product_tag?post=9701"}],"curies":[{"name":"wp","href":"https:\/\/api.w.org\/{rel}","templated":true}]}}