{"id":9715,"date":"2025-08-21T14:10:31","date_gmt":"2025-08-21T06:10:31","guid":{"rendered":"https:\/\/www.hvbio.com\/?post_type=product&#038;p=9715"},"modified":"2025-08-21T14:10:31","modified_gmt":"2025-08-21T06:10:31","slug":"polygonum-cuspidatum-emodin-95","status":"publish","type":"product","link":"https:\/\/www.hvbio.com\/es\/producto\/polygonum-cuspidatum-emodin-95\/","title":{"rendered":"Emodina 95% de Polygonum Cuspidatum"},"content":{"rendered":"<table>\n<tbody>\n<tr>\n<td><strong>Nombre del producto<\/strong><\/td>\n<td>Emodina 95% de Polygonum Cuspidatum<\/td>\n<\/tr>\n<tr>\n<td><strong>Alias de productos<\/strong><\/td>\n<td>Extracto de\u00a0<em>Polygonum cuspidatum<\/em>\u00a0(Alias comunes: Extracto de Dayeshezongguan, Extracto de Shandahuang, Extracto de Banzhang, Extracto de Suantanggan)<\/td>\n<\/tr>\n<tr>\n<td><strong>Nombre en ingl\u00e9s<\/strong><\/td>\n<td>Rizoma de la hierba gigante<\/td>\n<\/tr>\n<tr>\n<td><strong>Fuente de materia prima<\/strong><\/td>\n<td>Rizomas y ra\u00edces de\u00a0<em>Polygonum cuspidatum<\/em>\u00a0Sieb. et Zucc., una planta de la familia Polygonaceae<\/td>\n<\/tr>\n<tr>\n<td><strong>Ingredientes activos<\/strong><\/td>\n<td>Resveratrol, emodina<\/td>\n<\/tr>\n<tr>\n<td><strong>Especificaci\u00f3n<\/strong><\/td>\n<td>Especificaci\u00f3n est\u00e1ndar: Extracto de rizoma de knotweed gigante con emodina 95%<br class=\"container-utlnW2 wrapper-d0Cc1k undefined\" \/>Hay otras especificaciones disponibles (50%, 98% Emodin; relaci\u00f3n 10:1), comun\u00edquese con el servicio de atenci\u00f3n al cliente.<\/td>\n<\/tr>\n<tr>\n<td><strong>M\u00e9todo de prueba<\/strong><\/td>\n<td>HPLC<\/td>\n<\/tr>\n<tr>\n<td><strong>Color<\/strong><\/td>\n<td>Polvo de color marr\u00f3n amarillento<\/td>\n<\/tr>\n<tr>\n<td><strong>Tama\u00f1o de malla<\/strong><\/td>\n<td>malla 80-100<\/td>\n<\/tr>\n<tr>\n<td><strong>M\u00e9todo de embalaje<\/strong><\/td>\n<td>Para pedidos \u2264 5 kg: embalaje de pl\u00e1stico de doble capa con embalaje exterior de papel de aluminio.<br class=\"container-utlnW2 wrapper-d0Cc1k undefined\" \/>Para pedidos \u2265 25 kg: embalaje en tambor de papel<br class=\"container-utlnW2 wrapper-d0Cc1k undefined\" \/>Embalaje est\u00e1ndar: 25 kg\/tambor<\/td>\n<\/tr>\n<tr>\n<td><strong>Condiciones de almacenamiento<\/strong><\/td>\n<td>Sellar y proteger de la luz.<br class=\"container-utlnW2 wrapper-d0Cc1k undefined\" \/>Conservar en un lugar seco, fresco y bien ventilado.<br class=\"container-utlnW2 wrapper-d0Cc1k undefined\" \/>Vida \u00fatil: 2 a\u00f1os<\/td>\n<\/tr>\n<\/tbody>\n<\/table>","protected":false},"excerpt":{"rendered":"<p>Emodina 95% de Polygonum Cuspidatum<\/p>\n<p><span data-leaf=\"true\"><span class=\"lb\">Extracto de Polygonum Cuspidatum con <\/span><\/span><span data-leaf=\"true\"><span class=\"lb\">95% Emodina<\/span><\/span><span data-leaf=\"true\"><span class=\"lb\"> (componente activo), probado y verificado por <\/span><\/span><span data-leaf=\"true\"><span class=\"lb\">HPLC (cromatograf\u00eda l\u00edquida de alta resoluci\u00f3n)<\/span><\/span><span data-leaf=\"true\"><span class=\"lb\"> Para garantizar su pureza y calidad. En condiciones de almacenamiento selladas y protegidas de la luz, tiene una <\/span><\/span><span data-leaf=\"true\"><span class=\"lb\">Vida \u00fatil de 24 meses<\/span><\/span><span data-leaf=\"true\"><span class=\"lb\">. Ideal para las industrias farmac\u00e9utica y de suplementos de salud, proporcionando materia prima de alta potencia para el desarrollo de f\u00f3rmulas.<\/span><\/span><\/p>","protected":false},"featured_media":9716,"comment_status":"closed","ping_status":"closed","template":"","meta":[],"product_brand":[],"product_cat":[23,17],"product_tag":[],"class_list":{"0":"post-9715","1":"product","2":"type-product","3":"status-publish","4":"has-post-thumbnail","6":"product_cat-standard-extract","7":"product_cat-plant-extract","9":"first","10":"instock","11":"shipping-taxable","12":"product-type-simple"},"_links":{"self":[{"href":"https:\/\/www.hvbio.com\/es\/wp-json\/wp\/v2\/product\/9715","targetHints":{"allow":["GET"]}}],"collection":[{"href":"https:\/\/www.hvbio.com\/es\/wp-json\/wp\/v2\/product"}],"about":[{"href":"https:\/\/www.hvbio.com\/es\/wp-json\/wp\/v2\/types\/product"}],"replies":[{"embeddable":true,"href":"https:\/\/www.hvbio.com\/es\/wp-json\/wp\/v2\/comments?post=9715"}],"wp:featuredmedia":[{"embeddable":true,"href":"https:\/\/www.hvbio.com\/es\/wp-json\/wp\/v2\/media\/9716"}],"wp:attachment":[{"href":"https:\/\/www.hvbio.com\/es\/wp-json\/wp\/v2\/media?parent=9715"}],"wp:term":[{"taxonomy":"product_brand","embeddable":true,"href":"https:\/\/www.hvbio.com\/es\/wp-json\/wp\/v2\/product_brand?post=9715"},{"taxonomy":"product_cat","embeddable":true,"href":"https:\/\/www.hvbio.com\/es\/wp-json\/wp\/v2\/product_cat?post=9715"},{"taxonomy":"product_tag","embeddable":true,"href":"https:\/\/www.hvbio.com\/es\/wp-json\/wp\/v2\/product_tag?post=9715"}],"curies":[{"name":"wp","href":"https:\/\/api.w.org\/{rel}","templated":true}]}}