{"id":9720,"date":"2025-08-21T14:07:51","date_gmt":"2025-08-21T06:07:51","guid":{"rendered":"https:\/\/www.hvbio.com\/?post_type=product&#038;p=9720"},"modified":"2025-08-21T14:09:21","modified_gmt":"2025-08-21T06:09:21","slug":"boswellic-acid-90","status":"publish","type":"product","link":"https:\/\/www.hvbio.com\/es\/producto\/boswellic-acid-90\/","title":{"rendered":"\u00c1cido bosw\u00e9lico 90%"},"content":{"rendered":"<table style=\"height: 332px;\" width=\"1561\">\n<thead>\n<tr>\n<th><strong>Art\u00edculo<\/strong><\/th>\n<th><strong>Detalles<\/strong><\/th>\n<\/tr>\n<\/thead>\n<tbody>\n<tr>\n<td><strong>Nombre del producto<\/strong><\/td>\n<td>\n<h5 class=\"header-vfC6AV auto-hide-last-sibling-br\">\u00c1cido bosw\u00e9lico 90%<\/h5>\n<\/td>\n<\/tr>\n<tr>\n<td><strong>Otros nombres<\/strong><\/td>\n<td>Xunluxiang, Maweixiang, Rutouxiang, Taxiang, Xixiang, Tianzexiang, Molexiang (nombres tradicionales chinos); tambi\u00e9n conocido com\u00fanmente como \u00e1cido de resina de incienso en los mercados internacionales.<\/td>\n<\/tr>\n<tr>\n<td><strong>Disolvente de extracci\u00f3n y piezas<\/strong><\/td>\n<td>&#8211;\u00a0<strong>Disolvente de extracci\u00f3n<\/strong>:Principalmente disolventes org\u00e1nicos como etanol, metanol.<br class=\"container-utlnW2 wrapper-d0Cc1k undefined\" \/>&#8211;\u00a0<strong>Parte extra\u00edda<\/strong>:Resina exudada de la corteza de\u00a0<em>Boswellia carterii<\/em>\u00a0Birdw. y otras plantas del mismo g\u00e9nero (familia Burseraceae), generalmente obtenidas del tronco.<\/td>\n<\/tr>\n<tr>\n<td><strong>Apariencia<\/strong><\/td>\n<td>polvo blanco<\/td>\n<\/tr>\n<tr>\n<td><strong>M\u00e9todo de detecci\u00f3n<\/strong><\/td>\n<td>M\u00e9todo de titulaci\u00f3n<\/td>\n<\/tr>\n<tr>\n<td><strong>Almacenamiento<\/strong><\/td>\n<td>Conservar en un recipiente herm\u00e9tico, conservar en un lugar fresco, seco y oscuro, alejado de fuentes de calor y ambientes h\u00famedos.<\/td>\n<\/tr>\n<tr>\n<td><strong>Duraci\u00f3n<\/strong><\/td>\n<td>2 a\u00f1os<\/td>\n<\/tr>\n<\/tbody>\n<\/table>","protected":false},"excerpt":{"rendered":"<div class=\"inter-jQQQ8P\">\n<div class=\"container-PrUkKo\">\n<div class=\"item-hGGxLi\">\n<div class=\"container-arOxqB chrome70-container\">\n<div class=\"inner-FyM8gE inner-item-swzCut\" data-target-id=\"message-box-target-id\" data-testid=\"union_message\">\n<div class=\"message-block-container-aFugD6\" data-testid=\"message-block-container\">\n<div class=\"flex flex-row w-full w-full max-w-full s-font-base text-s-color-text-secondary p-0 rounded-s-radius-s bg-transparent group data-[attr=select-mode]:-mt-10 data-[attr=select-mode]:py-10 data-[attr=select-mode]:px-16 data-[attr=select-mode]:sm:p-10 data-[attr=select-mode]:hover:bg-s-color-bg-base data-[attr=select-mode]:hover:rounded-s-radius-xs data-[attr=select-mode]:has-[:checked]:bg-s-color-bg-trans data-[attr=select-mode]:has-[:checked]:rounded-s-radius-xs data-[attr=select-mode]:pointer-events-none\" data-testid=\"receive_message\">\n<div class=\"flex flex-col flex-grow max-w-full min-w-0\">\n<div class=\"flex flex-row w-full\" data-testid=\"message_content\" data-message-id=\"17198572561678082\">\n<div class=\"w-full\" data-plugin-identifier=\"Symbol(infra:receive-message-box:text)\">\n<div class=\"container-ZYIsnH flow-markdown-body theme-samantha-Nbr9UN\" dir=\"ltr\" data-testid=\"message_text_content\" data-show-indicator=\"false\">\n<h4 class=\"header-vfC6AV auto-hide-last-sibling-br\">Informaci\u00f3n del producto: \u00c1cido bosw\u00e9lico 90%<\/h4>\n<ul class=\"auto-hide-last-sibling-br\">\n<li>\n<h4><strong>Otros nombres<\/strong>: Incienso, Mawei Xiang (chino), Rutou Xiang (chino), Ta Xiang (chino), Xi Xiang (chino), Tianze Xiang (chino), Mole Xiang (chino)<\/h4>\n<\/li>\n<li>\n<h4><strong>Disolvente de extracci\u00f3n y piezas<\/strong>Los principales disolventes de extracci\u00f3n son disolventes org\u00e1nicos como el etanol y el metanol. La parte de extracci\u00f3n es la resina exudada de la corteza de...\u00a0<em>Boswellia carteri<\/em>\u00a0Birdw. y otras plantas del mismo g\u00e9nero de la familia Burseraceae, generalmente obtenidas del tronco.<\/h4>\n<\/li>\n<li>\n<h4><strong>Apariencia<\/strong>:polvo blanco<\/h4>\n<\/li>\n<li>\n<h4><strong>M\u00e9todo de prueba<\/strong>:M\u00e9todo de titulaci\u00f3n<\/h4>\n<\/li>\n<\/ul>\n<h4 class=\"header-vfC6AV auto-hide-last-sibling-br\">Notas de compra<\/h4>\n<ul class=\"auto-hide-last-sibling-br\">\n<li>\n<h4><strong>M\u00e9todo de embalaje<\/strong>: bid\u00f3n de cart\u00f3n de 25 kg o bolsa de aluminio<\/h4>\n<\/li>\n<li>\n<h4><strong>Condiciones de almacenamiento<\/strong>:Debe sellarse y protegerse de la luz, almacenarse en un lugar seco, fresco y bien ventilado.<\/h4>\n<\/li>\n<li>\n<h4><strong>Duraci\u00f3n<\/strong>: 2 a\u00f1os<\/h4>\n<\/li>\n<li>\n<h4><strong>Muestra<\/strong>:Generalmente, se proporcionan muestras de 5 a 20 g para la mayor\u00eda de los productos; se cobra una tarifa de muestra para algunos productos.<\/h4>\n<\/li>\n<li>\n<h4><strong>Embalaje del producto<\/strong>:Tambor de cart\u00f3n o bolsa de aluminio (personalizable seg\u00fan requerimientos del cliente)<\/h4>\n<\/li>\n<li>\n<h4><strong>El tiempo de entrega<\/strong>:Los productos no personalizados se env\u00edan dentro de las 48 horas; el tiempo de entrega de los productos personalizados se ajusta seg\u00fan las necesidades reales.<\/h4>\n<\/li>\n<li>\n<h4><strong>M\u00e9todo de transporte<\/strong>:Log\u00edstica express nacional; la cotizaci\u00f3n incluye costos de transporte<\/h4>\n<\/li>\n<\/ul>\n<\/div>\n<\/div>\n<\/div>\n<div class=\"answer-action-bar-pgm2JD answer-action-bar flex flex-col justify-end\" data-testid=\"message_action_bar\">\n<div class=\"container-rxM4SW flex flex-row items-start w-full self-center\" data-message-action-bar=\"1\"><\/div>\n<\/div>\n<\/div>\n<\/div>\n<\/div>\n<\/div>\n<\/div>\n<\/div>\n<\/div>\n<\/div>","protected":false},"featured_media":9721,"comment_status":"closed","ping_status":"closed","template":"","meta":[],"product_brand":[],"product_cat":[17,23],"product_tag":[],"class_list":{"0":"post-9720","1":"product","2":"type-product","3":"status-publish","4":"has-post-thumbnail","6":"product_cat-plant-extract","7":"product_cat-standard-extract","9":"first","10":"instock","11":"shipping-taxable","12":"product-type-simple"},"_links":{"self":[{"href":"https:\/\/www.hvbio.com\/es\/wp-json\/wp\/v2\/product\/9720","targetHints":{"allow":["GET"]}}],"collection":[{"href":"https:\/\/www.hvbio.com\/es\/wp-json\/wp\/v2\/product"}],"about":[{"href":"https:\/\/www.hvbio.com\/es\/wp-json\/wp\/v2\/types\/product"}],"replies":[{"embeddable":true,"href":"https:\/\/www.hvbio.com\/es\/wp-json\/wp\/v2\/comments?post=9720"}],"wp:featuredmedia":[{"embeddable":true,"href":"https:\/\/www.hvbio.com\/es\/wp-json\/wp\/v2\/media\/9721"}],"wp:attachment":[{"href":"https:\/\/www.hvbio.com\/es\/wp-json\/wp\/v2\/media?parent=9720"}],"wp:term":[{"taxonomy":"product_brand","embeddable":true,"href":"https:\/\/www.hvbio.com\/es\/wp-json\/wp\/v2\/product_brand?post=9720"},{"taxonomy":"product_cat","embeddable":true,"href":"https:\/\/www.hvbio.com\/es\/wp-json\/wp\/v2\/product_cat?post=9720"},{"taxonomy":"product_tag","embeddable":true,"href":"https:\/\/www.hvbio.com\/es\/wp-json\/wp\/v2\/product_tag?post=9720"}],"curies":[{"name":"wp","href":"https:\/\/api.w.org\/{rel}","templated":true}]}}