{"id":9736,"date":"2025-08-21T14:19:42","date_gmt":"2025-08-21T06:19:42","guid":{"rendered":"https:\/\/www.hvbio.com\/?post_type=product&#038;p=9736"},"modified":"2025-08-21T14:19:42","modified_gmt":"2025-08-21T06:19:42","slug":"caffeic-acid-99","status":"publish","type":"product","link":"https:\/\/www.hvbio.com\/es\/producto\/caffeic-acid-99\/","title":{"rendered":"\u00c1cido cafeico 99%"},"content":{"rendered":"<table>\n<thead>\n<tr>\n<th><strong>Art\u00edculo<\/strong><\/th>\n<th><strong>Detalles<\/strong><\/th>\n<\/tr>\n<\/thead>\n<tbody>\n<tr>\n<td><strong>Nombre del producto<\/strong><\/td>\n<td>\u00c1cido cafeico 99%<\/td>\n<\/tr>\n<tr>\n<td><strong>Otros nombres<\/strong><\/td>\n<td>\u00c1cido 3,4-dihidroxicin\u00e1mico; \u00c1cido 3,4-dihidroxifenilacr\u00edlico<\/td>\n<\/tr>\n<tr>\n<td><strong>Disolvente de extracci\u00f3n y piezas<\/strong><\/td>\n<td>&#8211;\u00a0<strong>Disolventes de extracci\u00f3n<\/strong>:Los disolventes de extracci\u00f3n comunes incluyen disolventes org\u00e1nicos como el metanol y el etanol.<br class=\"container-utlnW2 wrapper-d0Cc1k undefined\" \/>&#8211;\u00a0<strong>Piezas de extracci\u00f3n<\/strong>:El \u00e1cido cafeico se puede extraer de diferentes partes de varias plantas, incluidas\u00a0<em>Artemisia capillaris<\/em>\u00a0(partes a\u00e9reas), alcachofa (<em>Cynara scolymus<\/em>), brotes de madreselva (<em>Lonicera japonica<\/em>), maracuy\u00e1, rizomas de cohosh (<em>Cimic\u00edfuga<\/em>\u00a0spp.), ra\u00edces de valeriana (<em>Valeriana officinalis<\/em>), c\u00e1scaras de lim\u00f3n y toda la hierba de vara de oro (<em>Solidago decurrens<\/em>., familia Asteraceae).<\/td>\n<\/tr>\n<tr>\n<td><strong>Apariencia<\/strong><\/td>\n<td>Polvo amarillo claro<\/td>\n<\/tr>\n<tr>\n<td><strong>M\u00e9todo de prueba<\/strong><\/td>\n<td>HPLC (cromatograf\u00eda l\u00edquida de alta resoluci\u00f3n)<\/td>\n<\/tr>\n<tr>\n<td><strong>Almacenamiento<\/strong><\/td>\n<td>Conservar en recipiente herm\u00e9tico, conservar en lugar fresco, seco y protegido de la luz, alejado de fuentes de calor y ambientes h\u00famedos.<\/td>\n<\/tr>\n<tr>\n<td><strong>Duraci\u00f3n<\/strong><\/td>\n<td>Dos a\u00f1os<\/td>\n<\/tr>\n<\/tbody>\n<\/table>","protected":false},"excerpt":{"rendered":"<h5 class=\"header-vfC6AV auto-hide-last-sibling-br\">Nombre del producto: \u00c1cido cafeico 99%<\/h5>\n<h5 class=\"auto-hide-last-sibling-br paragraph-JOTKXA paragraph-element br-paragraph-space\">Otros nombres: \u00c1cido 3,4-dihidroxicin\u00e1mico, \u00c1cido 3,4-dihidroxicin\u00e1mico<\/h5>\n<h5 class=\"header-vfC6AV auto-hide-last-sibling-br\">Disolventes de extracci\u00f3n y partes de plantas usadas<\/h5>\n<h5 class=\"auto-hide-last-sibling-br paragraph-JOTKXA paragraph-element br-paragraph-space\">Los disolventes de extracci\u00f3n comunes incluyen disolventes org\u00e1nicos como el metanol y el etanol. El \u00e1cido cafeico se puede extraer de diferentes partes de diversas plantas, incluyendo\u00a0<em>Artemisia capillaris<\/em>\u00a0(Yinchen), alcachofa,\u00a0<em>Lonicera japonica<\/em>\u00a0(Madreselva), maracuy\u00e1, rizomas de\u00a0<em>Cimicifuga foetida<\/em>\u00a0(Shengma), ra\u00edces de valeriana, c\u00e1scaras de lim\u00f3n y toda la hierba de\u00a0<em>Solidago decurrens<\/em>\u00a0(una planta de la familia Asteraceae).<\/h5>\n<h5 class=\"header-vfC6AV auto-hide-last-sibling-br\">Aspecto: Polvo amarillo claro<\/h5>\n<h5 class=\"header-vfC6AV auto-hide-last-sibling-br\">M\u00e9todo de detecci\u00f3n: HPLC<\/h5>\n<h5 class=\"header-vfC6AV auto-hide-last-sibling-br\">Instrucciones de compra<\/h5>\n<ul class=\"auto-hide-last-sibling-br\">\n<li>\n<h5><strong>M\u00e9todo de embalaje<\/strong>:25 kg por tambor de papel o bolsa de papel de aluminio<\/h5>\n<\/li>\n<li>\n<h5><strong>Condiciones de almacenamiento<\/strong>:Debe sellarse y protegerse de la luz; almacenarse en un lugar seco, fresco y bien ventilado.<\/h5>\n<\/li>\n<li>\n<h5><strong>Duraci\u00f3n<\/strong>: 2 a\u00f1os<\/h5>\n<\/li>\n<li>\n<h5><strong>Disposici\u00f3n de muestra<\/strong>:Generalmente, se proporcionan muestras de 5 a 20 g para la mayor\u00eda de los productos; pueden aplicarse tarifas de muestra para algunos productos.<\/h5>\n<\/li>\n<li>\n<h5><strong>Embalaje del producto<\/strong>:Envasado en tambores de papel o bolsas de papel de aluminio (personalizables seg\u00fan los requisitos del cliente)<\/h5>\n<\/li>\n<li>\n<h5><strong>El tiempo de entrega<\/strong>:Los productos no personalizados se enviar\u00e1n dentro de las 48 horas; el tiempo de entrega de los productos personalizados se ajustar\u00e1 seg\u00fan las necesidades reales.<\/h5>\n<\/li>\n<li>\n<h5><strong>M\u00e9todo de transporte<\/strong>:Log\u00edstica express nacional, el precio cotizado incluye costos de transporte.<\/h5>\n<\/li>\n<\/ul>","protected":false},"featured_media":9742,"comment_status":"closed","ping_status":"closed","template":"","meta":[],"product_brand":[],"product_cat":[17,23],"product_tag":[],"class_list":{"0":"post-9736","1":"product","2":"type-product","3":"status-publish","4":"has-post-thumbnail","6":"product_cat-plant-extract","7":"product_cat-standard-extract","9":"first","10":"instock","11":"shipping-taxable","12":"product-type-simple"},"_links":{"self":[{"href":"https:\/\/www.hvbio.com\/es\/wp-json\/wp\/v2\/product\/9736","targetHints":{"allow":["GET"]}}],"collection":[{"href":"https:\/\/www.hvbio.com\/es\/wp-json\/wp\/v2\/product"}],"about":[{"href":"https:\/\/www.hvbio.com\/es\/wp-json\/wp\/v2\/types\/product"}],"replies":[{"embeddable":true,"href":"https:\/\/www.hvbio.com\/es\/wp-json\/wp\/v2\/comments?post=9736"}],"wp:featuredmedia":[{"embeddable":true,"href":"https:\/\/www.hvbio.com\/es\/wp-json\/wp\/v2\/media\/9742"}],"wp:attachment":[{"href":"https:\/\/www.hvbio.com\/es\/wp-json\/wp\/v2\/media?parent=9736"}],"wp:term":[{"taxonomy":"product_brand","embeddable":true,"href":"https:\/\/www.hvbio.com\/es\/wp-json\/wp\/v2\/product_brand?post=9736"},{"taxonomy":"product_cat","embeddable":true,"href":"https:\/\/www.hvbio.com\/es\/wp-json\/wp\/v2\/product_cat?post=9736"},{"taxonomy":"product_tag","embeddable":true,"href":"https:\/\/www.hvbio.com\/es\/wp-json\/wp\/v2\/product_tag?post=9736"}],"curies":[{"name":"wp","href":"https:\/\/api.w.org\/{rel}","templated":true}]}}