{"id":9752,"date":"2025-08-21T14:42:10","date_gmt":"2025-08-21T06:42:10","guid":{"rendered":"https:\/\/www.hvbio.com\/?post_type=product&#038;p=9752"},"modified":"2025-08-21T14:42:10","modified_gmt":"2025-08-21T06:42:10","slug":"saw-palmetto-extract-25","status":"publish","type":"product","link":"https:\/\/www.hvbio.com\/es\/producto\/saw-palmetto-extract-25\/","title":{"rendered":"Extracto de saw palmetto 25%"},"content":{"rendered":"<table>\n<tbody>\n<tr>\n<td><strong>Nombre del producto<\/strong><\/td>\n<td>Extracto de saw palmetto 25%<\/td>\n<\/tr>\n<tr>\n<td><strong>Especificaci\u00f3n del producto<\/strong><\/td>\n<td>25%<\/td>\n<\/tr>\n<tr>\n<td><strong>Pieza de extracci\u00f3n<\/strong><\/td>\n<td>Leaves<\/td>\n<\/tr>\n<tr>\n<td><strong>Apariencia<\/strong><\/td>\n<td>White powder<\/td>\n<\/tr>\n<tr>\n<td><strong>M\u00e9todo de prueba<\/strong><\/td>\n<td>GC (Gas Chromatography)<\/td>\n<\/tr>\n<tr>\n<td><strong>M\u00e9todo de embalaje<\/strong><\/td>\n<td>25kg cardboard drum \/ aluminum foil bag<\/td>\n<\/tr>\n<tr>\n<td><strong>Condiciones de almacenamiento<\/strong><\/td>\n<td>Debe sellarse y protegerse de la luz; almacenarse en un lugar seco, fresco y bien ventilado.<\/td>\n<\/tr>\n<tr>\n<td><strong>Duraci\u00f3n<\/strong><\/td>\n<td>24 meses<\/td>\n<\/tr>\n<tr>\n<td><strong>Express\/Log\u00edstica<\/strong><\/td>\n<td>Env\u00edo expr\u00e9s o log\u00edstica. El env\u00edo expr\u00e9s nacional suele llegar en 3 d\u00edas; el env\u00edo log\u00edstico, en 5 d\u00edas. Los presupuestos suelen incluir los gastos de transporte nacional.<\/td>\n<\/tr>\n<tr>\n<td><strong>Disposici\u00f3n de muestra<\/strong><\/td>\n<td>Generally, 5-20g samples are provided for most products; some products require a sample fee.<\/td>\n<\/tr>\n<\/tbody>\n<\/table>","protected":false},"excerpt":{"rendered":"<div class=\"ace-line\" dir=\"auto\" data-node=\"true\"><span data-leaf=\"true\"><span class=\"lb\">Saw Palmetto Extract 25% Product features a clear active ingredient content, presenting as off-white powder. It has a 24-month shelf life and adopts GC (Gas Chromatography) as the testing standard, guaranteeing stable and reliable product quality.<\/span><\/span><span data-string=\"true\" data-enter=\"true\" data-leaf=\"true\">\u200b<\/span><\/div>","protected":false},"featured_media":9761,"comment_status":"closed","ping_status":"closed","template":"","meta":[],"product_brand":[],"product_cat":[23,17],"product_tag":[],"class_list":{"0":"post-9752","1":"product","2":"type-product","3":"status-publish","4":"has-post-thumbnail","6":"product_cat-standard-extract","7":"product_cat-plant-extract","9":"first","10":"instock","11":"shipping-taxable","12":"product-type-simple"},"_links":{"self":[{"href":"https:\/\/www.hvbio.com\/es\/wp-json\/wp\/v2\/product\/9752","targetHints":{"allow":["GET"]}}],"collection":[{"href":"https:\/\/www.hvbio.com\/es\/wp-json\/wp\/v2\/product"}],"about":[{"href":"https:\/\/www.hvbio.com\/es\/wp-json\/wp\/v2\/types\/product"}],"replies":[{"embeddable":true,"href":"https:\/\/www.hvbio.com\/es\/wp-json\/wp\/v2\/comments?post=9752"}],"wp:featuredmedia":[{"embeddable":true,"href":"https:\/\/www.hvbio.com\/es\/wp-json\/wp\/v2\/media\/9761"}],"wp:attachment":[{"href":"https:\/\/www.hvbio.com\/es\/wp-json\/wp\/v2\/media?parent=9752"}],"wp:term":[{"taxonomy":"product_brand","embeddable":true,"href":"https:\/\/www.hvbio.com\/es\/wp-json\/wp\/v2\/product_brand?post=9752"},{"taxonomy":"product_cat","embeddable":true,"href":"https:\/\/www.hvbio.com\/es\/wp-json\/wp\/v2\/product_cat?post=9752"},{"taxonomy":"product_tag","embeddable":true,"href":"https:\/\/www.hvbio.com\/es\/wp-json\/wp\/v2\/product_tag?post=9752"}],"curies":[{"name":"wp","href":"https:\/\/api.w.org\/{rel}","templated":true}]}}