{"id":9771,"date":"2025-08-21T14:57:18","date_gmt":"2025-08-21T06:57:18","guid":{"rendered":"https:\/\/www.hvbio.com\/?post_type=product&#038;p=9771"},"modified":"2025-08-21T14:57:19","modified_gmt":"2025-08-21T06:57:19","slug":"shikimic-acid-98","status":"publish","type":"product","link":"https:\/\/www.hvbio.com\/es\/producto\/shikimic-acid-98\/","title":{"rendered":"\u00c1cido shik\u00edmico 98%"},"content":{"rendered":"<table>\n<tbody>\n<tr>\n<td><strong>Nombre del producto<\/strong><\/td>\n<td>\u00c1cido shik\u00edmico 98%<\/td>\n<\/tr>\n<tr>\n<td><strong>Fuente vegetal<\/strong><\/td>\n<td>El \u00e1cido shik\u00edmico est\u00e1 presente en los frutos maduros secos de\u00a0<em>Illicium verum<\/em>\u00a0Hook.f. (una planta de la familia Magnoliaceae), com\u00fanmente conocida como an\u00eds estrellado.<\/td>\n<\/tr>\n<tr>\n<td><strong>Propiedades f\u00edsicas y qu\u00edmicas<\/strong><\/td>\n<td>\u2013 Aspecto: Cristales aciculares incoloros o blancos<br class=\"container-utlnW2 wrapper-d0Cc1k undefined\" \/>\u2013 Solubilidad: 18% soluble en agua a 20\u2103, ligeramente soluble en etanol y \u00e9ter, casi insoluble en cloroformo y benceno.<br class=\"container-utlnW2 wrapper-d0Cc1k undefined\" \/>\u2013 Punto de fusi\u00f3n: 185-187\u2103<\/td>\n<\/tr>\n<tr>\n<td><strong>Est\u00e1ndar de calidad<\/strong><\/td>\n<td>Est\u00e1ndar empresarial<\/td>\n<\/tr>\n<tr>\n<td><strong>Especificaci\u00f3n del producto<\/strong><\/td>\n<td>98%<\/td>\n<\/tr>\n<tr>\n<td><strong>Usos principales<\/strong><\/td>\n<td>1. Afecta el metabolismo del \u00e1cido araquid\u00f3nico para inhibir la agregaci\u00f3n plaquetaria, la trombosis arterial\/venosa y la formaci\u00f3n de trombosis cerebral.<br class=\"container-utlnW2 wrapper-d0Cc1k undefined\" \/>2. Tiene efectos antiinflamatorios y analg\u00e9sicos.<br class=\"container-utlnW2 wrapper-d0Cc1k undefined\" \/>3. Sirve como intermediario para medicamentos antivirales y anticancer\u00edgenos.<br class=\"container-utlnW2 wrapper-d0Cc1k undefined\" \/>4. Se utiliza principalmente como intermedio farmac\u00e9utico (tiene cierta irritaci\u00f3n, no es adecuado para uso directo).<\/td>\n<\/tr>\n<tr>\n<td><strong>Embalaje y almacenamiento<\/strong><\/td>\n<td>\u2013 Embalaje: 25 kg\/bid\u00f3n<br class=\"container-utlnW2 wrapper-d0Cc1k undefined\" \/>\u2013 Almacenamiento: Conservar en un lugar cerrado y seco.<\/td>\n<\/tr>\n<\/tbody>\n<\/table>","protected":false},"excerpt":{"rendered":"<div class=\"inter-jQQQ8P\">\n<div class=\"container-PrUkKo\">\n<div class=\"item-hGGxLi\">\n<div class=\"container-arOxqB chrome70-container\">\n<div class=\"inner-FyM8gE inner-item-swzCut\" data-target-id=\"message-box-target-id\" data-testid=\"union_message\">\n<div class=\"message-block-container-aFugD6\" data-testid=\"message-block-container\">\n<div class=\"flex flex-row w-full w-full max-w-full s-font-base text-s-color-text-secondary p-0 rounded-s-radius-s bg-transparent group data-[attr=select-mode]:-mt-10 data-[attr=select-mode]:py-10 data-[attr=select-mode]:px-16 data-[attr=select-mode]:sm:p-10 data-[attr=select-mode]:hover:bg-s-color-bg-base data-[attr=select-mode]:hover:rounded-s-radius-xs data-[attr=select-mode]:has-[:checked]:bg-s-color-bg-trans data-[attr=select-mode]:has-[:checked]:rounded-s-radius-xs data-[attr=select-mode]:pointer-events-none\" data-testid=\"receive_message\">\n<div class=\"flex flex-col flex-grow max-w-full min-w-0\">\n<div class=\"flex flex-row w-full\" data-testid=\"message_content\" data-message-id=\"17201421380261890\">\n<div class=\"w-full\" data-plugin-identifier=\"Symbol(receive-write-text-content)\">\n<div class=\"container-ZYIsnH flow-markdown-body theme-samantha-Nbr9UN\" dir=\"ltr\" data-testid=\"message_text_content\" data-show-indicator=\"false\">\n<div class=\"auto-hide-last-sibling-br paragraph-JOTKXA paragraph-element br-paragraph-space\">Nuestro producto \u00c1cido Shik\u00edmico 98% presenta una alta pureza y se presenta en forma de polvo blanco o blanquecino. Se extrae principalmente de los frutos maduros y secos de Illicium verum Hook.f., de la familia Magnoliaceae. El \u00e1cido shik\u00edmico es un intermediario crucial en la bios\u00edntesis de amino\u00e1cidos arom\u00e1ticos en plantas y microorganismos. Gracias a su estructura \u00fanica y a su papel en la v\u00eda del shikimato, ha atra\u00eddo gran atenci\u00f3n en el campo de la investigaci\u00f3n bioqu\u00edmica, especialmente en el desarrollo de antibi\u00f3ticos y herbicidas. Posee efectos antiinflamatorios y analg\u00e9sicos, y tambi\u00e9n puede utilizarse como intermediario en la elaboraci\u00f3n de f\u00e1rmacos antivirales y anticancer\u00edgenos, siendo de gran valor en la investigaci\u00f3n farmac\u00e9utica y en otros campos.<\/div>\n<\/div>\n<\/div>\n<\/div>\n<div class=\"answer-action-bar-pgm2JD answer-action-bar flex flex-col justify-end\" data-testid=\"message_action_bar\">\n<div class=\"container-rxM4SW flex flex-row items-start w-full self-center\" data-message-action-bar=\"1\">\n<div class=\"left-Y7jNAM\">\n<div class=\"bp5-overflow-list container-i9_9R9 align-start-BRJcKo inner-K6EVuU\"><button class=\"semi-button semi-button-primary semi-button-light container-ESWhjk size-small-jTps3E background-white-v4rjV_ color-grey-deep-pHDbUa semi-button-with-icon semi-button-with-icon-only\" tabindex=\"0\" type=\"button\" data-testid=\"message_action_copy\" aria-disabled=\"false\" aria-describedby=\"0ggv32g\" data-popupid=\"0ggv32g\">\u00a0<\/button><\/div>\n<\/div>\n<\/div>\n<\/div>\n<\/div>\n<\/div>\n<\/div>\n<\/div>\n<\/div>\n<\/div>\n<\/div>\n<\/div>","protected":false},"featured_media":9775,"comment_status":"closed","ping_status":"closed","template":"","meta":[],"product_brand":[],"product_cat":[17,23],"product_tag":[],"class_list":{"0":"post-9771","1":"product","2":"type-product","3":"status-publish","4":"has-post-thumbnail","6":"product_cat-plant-extract","7":"product_cat-standard-extract","9":"first","10":"instock","11":"shipping-taxable","12":"product-type-simple"},"_links":{"self":[{"href":"https:\/\/www.hvbio.com\/es\/wp-json\/wp\/v2\/product\/9771","targetHints":{"allow":["GET"]}}],"collection":[{"href":"https:\/\/www.hvbio.com\/es\/wp-json\/wp\/v2\/product"}],"about":[{"href":"https:\/\/www.hvbio.com\/es\/wp-json\/wp\/v2\/types\/product"}],"replies":[{"embeddable":true,"href":"https:\/\/www.hvbio.com\/es\/wp-json\/wp\/v2\/comments?post=9771"}],"wp:featuredmedia":[{"embeddable":true,"href":"https:\/\/www.hvbio.com\/es\/wp-json\/wp\/v2\/media\/9775"}],"wp:attachment":[{"href":"https:\/\/www.hvbio.com\/es\/wp-json\/wp\/v2\/media?parent=9771"}],"wp:term":[{"taxonomy":"product_brand","embeddable":true,"href":"https:\/\/www.hvbio.com\/es\/wp-json\/wp\/v2\/product_brand?post=9771"},{"taxonomy":"product_cat","embeddable":true,"href":"https:\/\/www.hvbio.com\/es\/wp-json\/wp\/v2\/product_cat?post=9771"},{"taxonomy":"product_tag","embeddable":true,"href":"https:\/\/www.hvbio.com\/es\/wp-json\/wp\/v2\/product_tag?post=9771"}],"curies":[{"name":"wp","href":"https:\/\/api.w.org\/{rel}","templated":true}]}}