{"id":9779,"date":"2025-08-22T11:15:08","date_gmt":"2025-08-22T03:15:08","guid":{"rendered":"https:\/\/www.hvbio.com\/?post_type=product&#038;p=9779"},"modified":"2025-08-22T11:15:08","modified_gmt":"2025-08-22T03:15:08","slug":"peanut-red-skin-95","status":"publish","type":"product","link":"https:\/\/www.hvbio.com\/es\/producto\/peanut-red-skin-95\/","title":{"rendered":"Piel roja de cacahuete 95%"},"content":{"rendered":"<table>\n<tbody>\n<tr>\n<td><strong>Nombre del producto<\/strong><\/td>\n<td>Piel roja de cacahuete 95%<\/td>\n<\/tr>\n<tr>\n<td><strong>Fuente vegetal<\/strong><\/td>\n<td>cubierta de la semilla de\u00a0<em>Arachis hypogaea L.<\/em>\u00a0(una planta del g\u00e9nero\u00a0<em>Arachis<\/em>\u00a0en la familia Fabaceae)<\/td>\n<\/tr>\n<tr>\n<td><strong>Nombres alternativos<\/strong><\/td>\n<td>Pelaje de man\u00ed, piel de man\u00ed<\/td>\n<\/tr>\n<tr>\n<td><strong>Ingrediente activo<\/strong><\/td>\n<td>Proantocianidinas<\/td>\n<\/tr>\n<tr>\n<td><strong>Contenido del producto<\/strong><\/td>\n<td>95%<\/td>\n<\/tr>\n<tr>\n<td><strong>Car\u00e1cter del producto<\/strong><\/td>\n<td>Polvo fino de color marr\u00f3n rojizo; aroma ligero; sabor astringente y ligeramente amargo.<\/td>\n<\/tr>\n<tr>\n<td><strong>M\u00e9todo de prueba<\/strong><\/td>\n<td>HPLC<\/td>\n<\/tr>\n<tr>\n<td><strong>M\u00e9todo de almacenamiento<\/strong><\/td>\n<td>Sellado, almacenado en un lugar fresco y seco; protegido de la humedad y las polillas.<\/td>\n<\/tr>\n<tr>\n<td><strong>Embalaje del producto<\/strong><\/td>\n<td>Tambor de cart\u00f3n de 25 kg; bolsa de papel de aluminio de 1 kg; o personalizado seg\u00fan los requisitos del cliente<\/td>\n<\/tr>\n<\/tbody>\n<\/table>","protected":false},"excerpt":{"rendered":"<p>El producto Piel Roja de Cacahuete 95% contiene el ingrediente activo 95%, que generalmente se presenta como un polvo de color rojo a rojo oscuro (Nota: Para obtener un color preciso, se puede agregar el n\u00famero de color espec\u00edfico o la descripci\u00f3n de la prueba). Tiene una vida \u00fatil regular de 24 meses (sujeta a la etiqueta del empaque del producto), y el est\u00e1ndar de prueba puede referirse a m\u00e9todos generales de la industria (como la cromatograf\u00eda l\u00edquida de alta resoluci\u00f3n HPLC, sujeto al plan de prueba vigente), lo que garantiza la pureza y calidad del ingrediente.<\/p>","protected":false},"featured_media":9780,"comment_status":"closed","ping_status":"closed","template":"","meta":[],"product_brand":[],"product_cat":[17,23],"product_tag":[],"class_list":{"0":"post-9779","1":"product","2":"type-product","3":"status-publish","4":"has-post-thumbnail","6":"product_cat-plant-extract","7":"product_cat-standard-extract","9":"first","10":"instock","11":"shipping-taxable","12":"product-type-simple"},"_links":{"self":[{"href":"https:\/\/www.hvbio.com\/es\/wp-json\/wp\/v2\/product\/9779","targetHints":{"allow":["GET"]}}],"collection":[{"href":"https:\/\/www.hvbio.com\/es\/wp-json\/wp\/v2\/product"}],"about":[{"href":"https:\/\/www.hvbio.com\/es\/wp-json\/wp\/v2\/types\/product"}],"replies":[{"embeddable":true,"href":"https:\/\/www.hvbio.com\/es\/wp-json\/wp\/v2\/comments?post=9779"}],"wp:featuredmedia":[{"embeddable":true,"href":"https:\/\/www.hvbio.com\/es\/wp-json\/wp\/v2\/media\/9780"}],"wp:attachment":[{"href":"https:\/\/www.hvbio.com\/es\/wp-json\/wp\/v2\/media?parent=9779"}],"wp:term":[{"taxonomy":"product_brand","embeddable":true,"href":"https:\/\/www.hvbio.com\/es\/wp-json\/wp\/v2\/product_brand?post=9779"},{"taxonomy":"product_cat","embeddable":true,"href":"https:\/\/www.hvbio.com\/es\/wp-json\/wp\/v2\/product_cat?post=9779"},{"taxonomy":"product_tag","embeddable":true,"href":"https:\/\/www.hvbio.com\/es\/wp-json\/wp\/v2\/product_tag?post=9779"}],"curies":[{"name":"wp","href":"https:\/\/api.w.org\/{rel}","templated":true}]}}