{"id":9790,"date":"2025-08-22T11:18:59","date_gmt":"2025-08-22T03:18:59","guid":{"rendered":"https:\/\/www.hvbio.com\/?post_type=product&#038;p=9790"},"modified":"2025-08-22T11:18:59","modified_gmt":"2025-08-22T03:18:59","slug":"cats-claw-alkaloids-3","status":"publish","type":"product","link":"https:\/\/www.hvbio.com\/es\/producto\/cats-claw-alkaloids-3\/","title":{"rendered":"Alcaloides de la u\u00f1a de gato 3%"},"content":{"rendered":"<div class=\"inter-jQQQ8P\">\n<div class=\"container-PrUkKo\">\n<div class=\"item-hGGxLi\">\n<div class=\"container-arOxqB chrome70-container\">\n<div class=\"inner-FyM8gE inner-item-swzCut\" data-target-id=\"message-box-target-id\" data-testid=\"union_message\">\n<div class=\"message-block-container-aFugD6\" data-testid=\"message-block-container\">\n<div class=\"flex flex-row w-full w-full max-w-full s-font-base text-s-color-text-secondary p-0 rounded-s-radius-s bg-transparent group data-[attr=select-mode]:-mt-10 data-[attr=select-mode]:py-10 data-[attr=select-mode]:px-16 data-[attr=select-mode]:sm:p-10 data-[attr=select-mode]:hover:bg-s-color-bg-base data-[attr=select-mode]:hover:rounded-s-radius-xs data-[attr=select-mode]:has-[:checked]:bg-s-color-bg-trans data-[attr=select-mode]:has-[:checked]:rounded-s-radius-xs data-[attr=select-mode]:pointer-events-none\" data-testid=\"receive_message\">\n<div class=\"flex flex-col flex-grow max-w-full min-w-0\">\n<div class=\"flex flex-row w-full\" data-testid=\"message_content\" data-message-id=\"17326046614698498\">\n<div class=\"w-full\" data-plugin-identifier=\"Symbol(infra:receive-message-box:text)\">\n<div class=\"container-ZYIsnH flow-markdown-body theme-samantha-Nbr9UN\" dir=\"ltr\" data-testid=\"message_text_content\" data-show-indicator=\"false\">\n<div class=\"auto-hide-last-sibling-br mdbox-table-root table-container-GhL7Lo\" data-scroll-inline-overflow=\"false\" data-scroll-inline-at-start=\"true\" data-scroll-inline-start-overflow=\"false\" data-scroll-inline-at-end=\"true\" data-scroll-inline-end-overflow=\"false\">\n<div class=\"table-scroll-container-hgHkfW mdbox-table-scroll-container\">\n<table style=\"height: 458px;\" width=\"1265\">\n<thead>\n<tr>\n<th><strong>Art\u00edculo<\/strong><\/th>\n<th><strong>Descripci\u00f3n<\/strong><\/th>\n<\/tr>\n<\/thead>\n<tbody>\n<tr>\n<td>Nombre del producto<\/td>\n<td>Alcaloides de la u\u00f1a de gato 3%<\/td>\n<\/tr>\n<tr>\n<td>Ingrediente principal<\/td>\n<td>Total Alkaloids of Cat&#8217;s Claw<\/td>\n<\/tr>\n<tr>\n<td>Fuente de extracci\u00f3n<\/td>\n<td>Dried Tubers of the plant\u00a0<em>Ranunculus ternatus<\/em>\u00a0(Cat&#8217;s Claw)<\/td>\n<\/tr>\n<tr>\n<td>Apariencia<\/td>\n<td>Polvo de color amarillo parduzco<\/td>\n<\/tr>\n<tr>\n<td>M\u00e9todo de detecci\u00f3n<\/td>\n<td>HPLC (cromatograf\u00eda l\u00edquida de alta resoluci\u00f3n)<\/td>\n<\/tr>\n<tr>\n<td>Forma de dosificaci\u00f3n de la aplicaci\u00f3n<\/td>\n<td>Raw Material<\/td>\n<\/tr>\n<tr>\n<td>Tiempo de suministro<\/td>\n<td>Todo el a\u00f1o<\/td>\n<\/tr>\n<tr>\n<td>Condici\u00f3n de almacenamiento<\/td>\n<td>Conservar en recipiente herm\u00e9tico, conservar en lugar fresco, seco y protegido de la luz, alejado de fuentes de calor y ambientes h\u00famedos.<\/td>\n<\/tr>\n<tr>\n<td>Duraci\u00f3n<\/td>\n<td>Dos a\u00f1os<\/td>\n<\/tr>\n<\/tbody>\n<\/table>\n<\/div>\n<\/div>\n<\/div>\n<\/div>\n<\/div>\n<\/div>\n<\/div>\n<\/div>\n<\/div>\n<\/div>\n<\/div>\n<\/div>\n<\/div>","protected":false},"excerpt":{"rendered":"<h3 class=\"header-vfC6AV auto-hide-last-sibling-br\">Product Name: Cat&#8217;s Claw Alkaloids 3%<\/h3>\n<ul class=\"auto-hide-last-sibling-br\">\n<li><strong>Ingrediente principal<\/strong>: Total Alkaloids of Cat&#8217;s Claw<\/li>\n<li><strong>Fuente de extracci\u00f3n<\/strong>: Dried tubers of the Cat&#8217;s Claw plant<\/li>\n<li><strong>Apariencia<\/strong>: Brownish-yellow powder<\/li>\n<li><strong>M\u00e9todo de prueba<\/strong>: HPLC<\/li>\n<li><strong>Forma de dosificaci\u00f3n de la aplicaci\u00f3n<\/strong>: Raw material<\/li>\n<li><strong>Tiempo de suministro<\/strong>:Todo el a\u00f1o<\/li>\n<\/ul>\n<h3 class=\"header-vfC6AV auto-hide-last-sibling-br\">Instrucciones de compra<\/h3>\n<ul class=\"auto-hide-last-sibling-br\">\n<li><strong>M\u00e9todo de embalaje<\/strong>:25 kg por bid\u00f3n de cart\u00f3n o bolsa de papel de aluminio<\/li>\n<li><strong>Condiciones de almacenamiento<\/strong>:Debe sellarse y protegerse de la luz, almacenarse en un lugar seco, fresco y bien ventilado.<\/li>\n<li><strong>Duraci\u00f3n<\/strong>: 2 a\u00f1os<\/li>\n<li><strong>Disposici\u00f3n de muestra<\/strong>:Generalmente, se proporcionan entre 5 y 20 g de muestras peque\u00f1as para la mayor\u00eda de los productos; se cobran tarifas de muestra para algunos productos.<\/li>\n<li><strong>Embalaje del producto<\/strong>:Envasado en tambores de cart\u00f3n o bolsas de papel de aluminio (embalaje personalizable disponible a petici\u00f3n del cliente)<\/li>\n<li><strong>El tiempo de entrega<\/strong>:Los productos no personalizados se env\u00edan dentro de las 48 horas; el tiempo de entrega de los productos personalizados se ajusta seg\u00fan las necesidades reales.<\/li>\n<li><strong>M\u00e9todo de transporte<\/strong>:Log\u00edstica express nacional, precio cotizado incluye costos de transporte.<\/li>\n<\/ul>","protected":false},"featured_media":9784,"comment_status":"closed","ping_status":"closed","template":"","meta":[],"product_brand":[],"product_cat":[17,23],"product_tag":[],"class_list":{"0":"post-9790","1":"product","2":"type-product","3":"status-publish","4":"has-post-thumbnail","6":"product_cat-plant-extract","7":"product_cat-standard-extract","9":"first","10":"instock","11":"shipping-taxable","12":"product-type-simple"},"_links":{"self":[{"href":"https:\/\/www.hvbio.com\/es\/wp-json\/wp\/v2\/product\/9790","targetHints":{"allow":["GET"]}}],"collection":[{"href":"https:\/\/www.hvbio.com\/es\/wp-json\/wp\/v2\/product"}],"about":[{"href":"https:\/\/www.hvbio.com\/es\/wp-json\/wp\/v2\/types\/product"}],"replies":[{"embeddable":true,"href":"https:\/\/www.hvbio.com\/es\/wp-json\/wp\/v2\/comments?post=9790"}],"wp:featuredmedia":[{"embeddable":true,"href":"https:\/\/www.hvbio.com\/es\/wp-json\/wp\/v2\/media\/9784"}],"wp:attachment":[{"href":"https:\/\/www.hvbio.com\/es\/wp-json\/wp\/v2\/media?parent=9790"}],"wp:term":[{"taxonomy":"product_brand","embeddable":true,"href":"https:\/\/www.hvbio.com\/es\/wp-json\/wp\/v2\/product_brand?post=9790"},{"taxonomy":"product_cat","embeddable":true,"href":"https:\/\/www.hvbio.com\/es\/wp-json\/wp\/v2\/product_cat?post=9790"},{"taxonomy":"product_tag","embeddable":true,"href":"https:\/\/www.hvbio.com\/es\/wp-json\/wp\/v2\/product_tag?post=9790"}],"curies":[{"name":"wp","href":"https:\/\/api.w.org\/{rel}","templated":true}]}}