{"id":9793,"date":"2025-08-22T11:32:10","date_gmt":"2025-08-22T03:32:10","guid":{"rendered":"https:\/\/www.hvbio.com\/?post_type=product&#038;p=9793"},"modified":"2025-08-22T11:32:10","modified_gmt":"2025-08-22T03:32:10","slug":"hawthorn-leaf-flavonoids-80","status":"publish","type":"product","link":"https:\/\/www.hvbio.com\/es\/producto\/hawthorn-leaf-flavonoids-80\/","title":{"rendered":"Flavonoides de hojas de espino 80%"},"content":{"rendered":"<table style=\"height: 390px;\" width=\"1218\">\n<thead>\n<tr>\n<th><strong>Art\u00edculo<\/strong><\/th>\n<th><strong>Descripci\u00f3n<\/strong><\/th>\n<\/tr>\n<\/thead>\n<tbody>\n<tr>\n<td>Nombre del producto<\/td>\n<td>Flavonoides de hojas de espino 80%<\/td>\n<\/tr>\n<tr>\n<td>Ingredientes principales<\/td>\n<td>Flavonoides, Vitexina Ramn\u00f3sido<\/td>\n<\/tr>\n<tr>\n<td>Fuente de extracci\u00f3n<\/td>\n<td>Extracto de hojas secas de\u00a0<em>Crataegus pinnatifida<\/em>\u00a0Bge. var.\u00a0<em>importante<\/em>\u00a0NEBr. o\u00a0<em>Crataegus pinnatifida<\/em>\u00a0Bge. (familia de las ros\u00e1ceas)<\/td>\n<\/tr>\n<tr>\n<td>Apariencia<\/td>\n<td>Polvo marr\u00f3n<\/td>\n<\/tr>\n<tr>\n<td>M\u00e9todo de detecci\u00f3n<\/td>\n<td>HPLC\/UV<\/td>\n<\/tr>\n<tr>\n<td>Forma de dosificaci\u00f3n de la aplicaci\u00f3n<\/td>\n<td>Extracto de planta<\/td>\n<\/tr>\n<tr>\n<td>Tiempo de suministro<\/td>\n<td>Todo el a\u00f1o<\/td>\n<\/tr>\n<tr>\n<td>Condici\u00f3n de almacenamiento<\/td>\n<td>Conservar en recipiente herm\u00e9tico, conservar en lugar fresco, seco y oscuro, alejado de fuentes de calor y ambientes h\u00famedos.<\/td>\n<\/tr>\n<tr>\n<td>Duraci\u00f3n<\/td>\n<td>Dos a\u00f1os<\/td>\n<\/tr>\n<\/tbody>\n<\/table>","protected":false},"excerpt":{"rendered":"<h3 class=\"header-vfC6AV auto-hide-last-sibling-br\">Nombre del producto: Flavonoides de hoja de espino 80%<\/h3>\n<ul class=\"auto-hide-last-sibling-br\">\n<li><strong>Ingredientes principales<\/strong>: Flavonoides, Vitexina Ramn\u00f3sido<\/li>\n<li><strong>Fuente de extracci\u00f3n<\/strong>:Extracto de hoja de espino, derivado de las hojas secas de\u00a0<em>Crataegus pinnatifida<\/em>\u00a0Bge. var.\u00a0<em>importante<\/em>\u00a0NEBr. o\u00a0<em>Crataegus pinnatifida<\/em>\u00a0Bge. (familia de las ros\u00e1ceas)<\/li>\n<li><strong>Apariencia<\/strong>:Polvo marr\u00f3n<\/li>\n<li><strong>M\u00e9todo de prueba<\/strong>:HPLC\/UV<\/li>\n<li><strong>Forma de dosificaci\u00f3n de la aplicaci\u00f3n<\/strong>Extracto de planta<\/li>\n<li><strong>Tiempo de suministro<\/strong>:Disponible todo el a\u00f1o<\/li>\n<\/ul>\n<h3 class=\"header-vfC6AV auto-hide-last-sibling-br\">Condiciones de compra<\/h3>\n<ul class=\"auto-hide-last-sibling-br\">\n<li><strong>M\u00e9todo de embalaje<\/strong>:Tambor de cart\u00f3n de 25 kg o bolsa de papel de aluminio<\/li>\n<li><strong>Condiciones de almacenamiento<\/strong>:Debe sellarse y protegerse de la luz; almacenarse en un lugar seco, fresco y bien ventilado.<\/li>\n<li><strong>Duraci\u00f3n<\/strong>: 2 a\u00f1os<\/li>\n<li><strong>Disposici\u00f3n de muestra<\/strong>:Por lo general, se proporcionan entre 5 y 20 g de muestras peque\u00f1as para la mayor\u00eda de los productos; pueden aplicarse tarifas de muestra para algunos productos.<\/li>\n<li><strong>Embalaje del producto<\/strong>:Tambor de cart\u00f3n o bolsa de papel de aluminio (embalaje personalizable disponible a petici\u00f3n del cliente)<\/li>\n<li><strong>El tiempo de entrega<\/strong>:Los productos no personalizados se enviar\u00e1n dentro de las 48 horas; el tiempo de entrega de los productos personalizados se ajustar\u00e1 seg\u00fan los requisitos reales.<\/li>\n<li><strong>M\u00e9todo de transporte<\/strong>:Log\u00edstica express nacional, precio cotizado incluye costos de transporte.<\/li>\n<\/ul>","protected":false},"featured_media":9794,"comment_status":"closed","ping_status":"closed","template":"","meta":[],"product_brand":[],"product_cat":[17,23],"product_tag":[],"class_list":{"0":"post-9793","1":"product","2":"type-product","3":"status-publish","4":"has-post-thumbnail","6":"product_cat-plant-extract","7":"product_cat-standard-extract","9":"first","10":"instock","11":"shipping-taxable","12":"product-type-simple"},"_links":{"self":[{"href":"https:\/\/www.hvbio.com\/es\/wp-json\/wp\/v2\/product\/9793","targetHints":{"allow":["GET"]}}],"collection":[{"href":"https:\/\/www.hvbio.com\/es\/wp-json\/wp\/v2\/product"}],"about":[{"href":"https:\/\/www.hvbio.com\/es\/wp-json\/wp\/v2\/types\/product"}],"replies":[{"embeddable":true,"href":"https:\/\/www.hvbio.com\/es\/wp-json\/wp\/v2\/comments?post=9793"}],"wp:featuredmedia":[{"embeddable":true,"href":"https:\/\/www.hvbio.com\/es\/wp-json\/wp\/v2\/media\/9794"}],"wp:attachment":[{"href":"https:\/\/www.hvbio.com\/es\/wp-json\/wp\/v2\/media?parent=9793"}],"wp:term":[{"taxonomy":"product_brand","embeddable":true,"href":"https:\/\/www.hvbio.com\/es\/wp-json\/wp\/v2\/product_brand?post=9793"},{"taxonomy":"product_cat","embeddable":true,"href":"https:\/\/www.hvbio.com\/es\/wp-json\/wp\/v2\/product_cat?post=9793"},{"taxonomy":"product_tag","embeddable":true,"href":"https:\/\/www.hvbio.com\/es\/wp-json\/wp\/v2\/product_tag?post=9793"}],"curies":[{"name":"wp","href":"https:\/\/api.w.org\/{rel}","templated":true}]}}