{"id":9798,"date":"2025-08-22T11:46:05","date_gmt":"2025-08-22T03:46:05","guid":{"rendered":"https:\/\/www.hvbio.com\/?post_type=product&#038;p=9798"},"modified":"2025-08-22T11:46:05","modified_gmt":"2025-08-22T03:46:05","slug":"hypericin-0-3","status":"publish","type":"product","link":"https:\/\/www.hvbio.com\/es\/producto\/hypericin-0-3\/","title":{"rendered":"Hipericina 0.3%"},"content":{"rendered":"<table style=\"height: 353px;\" width=\"1062\">\n<thead>\n<tr>\n<th>Art\u00edculo<\/th>\n<th>Detalles<\/th>\n<\/tr>\n<\/thead>\n<tbody>\n<tr>\n<td>Nombre del producto<\/td>\n<td>Hipericina 0.3%<\/td>\n<\/tr>\n<tr>\n<td>Ingrediente principal<\/td>\n<td>Hipericina<\/td>\n<\/tr>\n<tr>\n<td>Fuente de extracci\u00f3n<\/td>\n<td>Hypericum perforatum (hierba de San Juan)<\/td>\n<\/tr>\n<tr>\n<td>Apariencia<\/td>\n<td>Polvo marr\u00f3n oscuro<\/td>\n<\/tr>\n<tr>\n<td>M\u00e9todo de detecci\u00f3n<\/td>\n<td>HPLC<\/td>\n<\/tr>\n<tr>\n<td>Forma de dosificaci\u00f3n de la aplicaci\u00f3n<\/td>\n<td>Extenso<\/td>\n<\/tr>\n<tr>\n<td>Tiempo de suministro<\/td>\n<td>Todo el a\u00f1o<\/td>\n<\/tr>\n<tr>\n<td>Almacenamiento<\/td>\n<td>Conservar en recipiente herm\u00e9tico, conservar en lugar fresco, seco y oscuro, alejado de fuentes de calor y ambientes h\u00famedos.<\/td>\n<\/tr>\n<tr>\n<td>Duraci\u00f3n<\/td>\n<td>Dos a\u00f1os<\/td>\n<\/tr>\n<\/tbody>\n<\/table>","protected":false},"excerpt":{"rendered":"<h4 class=\"header-vfC6AV auto-hide-last-sibling-br\">Nombre del producto: Hipericina 0.3%<\/h4>\n<ul class=\"auto-hide-last-sibling-br\">\n<li><strong>Ingrediente principal<\/strong>:Hipericina<\/li>\n<li><strong>Fuente de extracci\u00f3n<\/strong>: Hierba de San Juan (Hypericum perforatum L.)<\/li>\n<li><strong>Apariencia<\/strong>:Polvo marr\u00f3n oscuro<\/li>\n<li><strong>M\u00e9todo de detecci\u00f3n<\/strong>:HPLC (cromatograf\u00eda l\u00edquida de alta resoluci\u00f3n)<\/li>\n<li><strong>Formas de dosificaci\u00f3n de aplicaci\u00f3n<\/strong>:Amplia gama de aplicaciones<\/li>\n<li><strong>Tiempo de suministro<\/strong>:Disponible durante todo el a\u00f1o<\/li>\n<\/ul>\n<h4 class=\"header-vfC6AV auto-hide-last-sibling-br\">Notas de compra<\/h4>\n<ul class=\"auto-hide-last-sibling-br\">\n<li><strong>M\u00e9todo de embalaje<\/strong>:25 kg por tambor de fibra o bolsa de papel de aluminio<\/li>\n<li><strong>Condiciones de almacenamiento<\/strong>:Debe sellarse y protegerse de la luz; almacenarse en un lugar seco, fresco y bien ventilado.<\/li>\n<li><strong>Duraci\u00f3n<\/strong>: 2 a\u00f1os<\/li>\n<li><strong>Disposici\u00f3n de muestra<\/strong>:Generalmente, se proporcionan entre 5 y 20 g de muestra para la mayor\u00eda de los productos; se cobra una tarifa de muestra para algunos productos.<\/li>\n<li><strong>Embalaje del producto<\/strong>:Envasado en tambores de fibra o bolsas de papel de aluminio (personalizables seg\u00fan los requisitos del cliente)<\/li>\n<li><strong>El tiempo de entrega<\/strong>:Los productos no personalizados se env\u00edan dentro de las 48 horas; el tiempo de entrega de los productos personalizados se ajusta seg\u00fan las necesidades reales.<\/li>\n<li><strong>M\u00e9todo de transporte<\/strong>:Log\u00edstica express nacional, precio cotizado incluye costos de transporte.<\/li>\n<\/ul>","protected":false},"featured_media":9799,"comment_status":"closed","ping_status":"closed","template":"","meta":[],"product_brand":[],"product_cat":[17,23],"product_tag":[],"class_list":{"0":"post-9798","1":"product","2":"type-product","3":"status-publish","4":"has-post-thumbnail","6":"product_cat-plant-extract","7":"product_cat-standard-extract","9":"first","10":"instock","11":"shipping-taxable","12":"product-type-simple"},"_links":{"self":[{"href":"https:\/\/www.hvbio.com\/es\/wp-json\/wp\/v2\/product\/9798","targetHints":{"allow":["GET"]}}],"collection":[{"href":"https:\/\/www.hvbio.com\/es\/wp-json\/wp\/v2\/product"}],"about":[{"href":"https:\/\/www.hvbio.com\/es\/wp-json\/wp\/v2\/types\/product"}],"replies":[{"embeddable":true,"href":"https:\/\/www.hvbio.com\/es\/wp-json\/wp\/v2\/comments?post=9798"}],"wp:featuredmedia":[{"embeddable":true,"href":"https:\/\/www.hvbio.com\/es\/wp-json\/wp\/v2\/media\/9799"}],"wp:attachment":[{"href":"https:\/\/www.hvbio.com\/es\/wp-json\/wp\/v2\/media?parent=9798"}],"wp:term":[{"taxonomy":"product_brand","embeddable":true,"href":"https:\/\/www.hvbio.com\/es\/wp-json\/wp\/v2\/product_brand?post=9798"},{"taxonomy":"product_cat","embeddable":true,"href":"https:\/\/www.hvbio.com\/es\/wp-json\/wp\/v2\/product_cat?post=9798"},{"taxonomy":"product_tag","embeddable":true,"href":"https:\/\/www.hvbio.com\/es\/wp-json\/wp\/v2\/product_tag?post=9798"}],"curies":[{"name":"wp","href":"https:\/\/api.w.org\/{rel}","templated":true}]}}