{"id":9811,"date":"2025-08-22T14:19:31","date_gmt":"2025-08-22T06:19:31","guid":{"rendered":"https:\/\/www.hvbio.com\/?post_type=product&#038;p=9811"},"modified":"2025-08-22T14:19:31","modified_gmt":"2025-08-22T06:19:31","slug":"ligustilide-1","status":"publish","type":"product","link":"https:\/\/www.hvbio.com\/es\/producto\/ligustilide-1\/","title":{"rendered":"\u00a0Ligustilida 1%"},"content":{"rendered":"<table style=\"height: 394px;\" width=\"965\">\n<tbody>\n<tr>\n<td>Nombre del producto<\/td>\n<td>\u00a0Ligustilida 1%<\/td>\n<\/tr>\n<tr>\n<td>Componente principal<\/td>\n<td>Ligustilida<\/td>\n<\/tr>\n<tr>\n<td>Fuente de extracci\u00f3n<\/td>\n<td>Las ra\u00edces secas de Angelica sinensis, una planta de la familia Umbelliferae<\/td>\n<\/tr>\n<tr>\n<td>Apariencia<\/td>\n<td>Polvo de color marr\u00f3n amarillento<\/td>\n<\/tr>\n<tr>\n<td>M\u00e9todo de detecci\u00f3n<\/td>\n<td>HPLC<\/td>\n<\/tr>\n<tr>\n<td>Formularios de solicitud<\/td>\n<td>Generalizado<\/td>\n<\/tr>\n<tr>\n<td>Tiempo de suministro<\/td>\n<td>Durante todo el a\u00f1o<\/td>\n<\/tr>\n<tr>\n<td>Almacenamiento<\/td>\n<td>Conservar en recipiente cerrado, en lugar fresco, seco y oscuro, alejado de fuentes de calor y ambientes h\u00famedos.<\/td>\n<\/tr>\n<tr>\n<td>Duraci\u00f3n<\/td>\n<td>Dos a\u00f1os<\/td>\n<\/tr>\n<\/tbody>\n<\/table>","protected":false},"excerpt":{"rendered":"<h4 class=\"header-vfC6AV auto-hide-last-sibling-br\">Nombre del producto: Ligustilida 1%<\/h4>\n<ul class=\"auto-hide-last-sibling-br\">\n<li><strong>Ingrediente principal<\/strong>: Ligustilida<\/li>\n<li><strong>Fuente de extracci\u00f3n<\/strong>:Extra\u00eddo principalmente de las ra\u00edces secas de\u00a0<em>Ang\u00e9lica sinensis<\/em>\u00a0(Oliv.) Diels, una planta de la familia Apiaceae.<\/li>\n<li><strong>Apariencia<\/strong>:Polvo de color amarillo jengibre<\/li>\n<li><strong>M\u00e9todo de detecci\u00f3n<\/strong>: HPLC<\/li>\n<li><strong>Formas de dosificaci\u00f3n de aplicaci\u00f3n<\/strong>:Amplia gama de aplicaciones<\/li>\n<li><strong>Tiempo de suministro<\/strong>:Disponible todo el a\u00f1o<\/li>\n<\/ul>\n<h4 class=\"header-vfC6AV auto-hide-last-sibling-br\">Instrucciones de compra<\/h4>\n<ul class=\"auto-hide-last-sibling-br\">\n<li><strong>M\u00e9todo de embalaje<\/strong>:25 kg por tambor de fibra o bolsa de papel de aluminio<\/li>\n<li><strong>Condiciones de almacenamiento<\/strong>:Debe sellarse y protegerse de la luz, almacenarse en un lugar seco, fresco y bien ventilado.<\/li>\n<li><strong>Duraci\u00f3n<\/strong>: 2 a\u00f1os<\/li>\n<li><strong>Disposici\u00f3n de muestra<\/strong>:Generalmente, se proporcionan muestras de 5 a 20 g para la mayor\u00eda de los productos; pueden aplicarse tarifas de muestra para algunos productos.<\/li>\n<li><strong>Embalaje del producto<\/strong>:Envasado en tambores de fibra o bolsas de papel de aluminio (embalaje personalizado disponible a pedido del cliente)<\/li>\n<li><strong>El tiempo de entrega<\/strong>:Los productos no personalizados se enviar\u00e1n dentro de las 48 horas; el tiempo de entrega de los productos personalizados se ajustar\u00e1 seg\u00fan los requisitos reales.<\/li>\n<li><strong>M\u00e9todo de transporte<\/strong>:Entrega expr\u00e9s nacional\/log\u00edstica; el precio cotizado incluye costos de transporte.<\/li>\n<\/ul>","protected":false},"featured_media":9812,"comment_status":"closed","ping_status":"closed","template":"","meta":[],"product_brand":[],"product_cat":[17,23],"product_tag":[],"class_list":{"0":"post-9811","1":"product","2":"type-product","3":"status-publish","4":"has-post-thumbnail","6":"product_cat-plant-extract","7":"product_cat-standard-extract","9":"first","10":"instock","11":"shipping-taxable","12":"product-type-simple"},"_links":{"self":[{"href":"https:\/\/www.hvbio.com\/es\/wp-json\/wp\/v2\/product\/9811","targetHints":{"allow":["GET"]}}],"collection":[{"href":"https:\/\/www.hvbio.com\/es\/wp-json\/wp\/v2\/product"}],"about":[{"href":"https:\/\/www.hvbio.com\/es\/wp-json\/wp\/v2\/types\/product"}],"replies":[{"embeddable":true,"href":"https:\/\/www.hvbio.com\/es\/wp-json\/wp\/v2\/comments?post=9811"}],"wp:featuredmedia":[{"embeddable":true,"href":"https:\/\/www.hvbio.com\/es\/wp-json\/wp\/v2\/media\/9812"}],"wp:attachment":[{"href":"https:\/\/www.hvbio.com\/es\/wp-json\/wp\/v2\/media?parent=9811"}],"wp:term":[{"taxonomy":"product_brand","embeddable":true,"href":"https:\/\/www.hvbio.com\/es\/wp-json\/wp\/v2\/product_brand?post=9811"},{"taxonomy":"product_cat","embeddable":true,"href":"https:\/\/www.hvbio.com\/es\/wp-json\/wp\/v2\/product_cat?post=9811"},{"taxonomy":"product_tag","embeddable":true,"href":"https:\/\/www.hvbio.com\/es\/wp-json\/wp\/v2\/product_tag?post=9811"}],"curies":[{"name":"wp","href":"https:\/\/api.w.org\/{rel}","templated":true}]}}