{"id":9826,"date":"2025-08-26T14:19:36","date_gmt":"2025-08-26T06:19:36","guid":{"rendered":"https:\/\/www.hvbio.com\/?post_type=product&#038;p=9826"},"modified":"2025-08-26T14:21:52","modified_gmt":"2025-08-26T06:21:52","slug":"mugwort-leaf-extract","status":"publish","type":"product","link":"https:\/\/www.hvbio.com\/es\/producto\/mugwort-leaf-extract\/","title":{"rendered":"Extracto de hoja de artemisa"},"content":{"rendered":"<table style=\"height: 385px;\" width=\"1115\">\n<thead>\n<tr>\n<th>Art\u00edculo<\/th>\n<th>Contenido<\/th>\n<\/tr>\n<\/thead>\n<tbody>\n<tr>\n<td><strong>Nombre del producto<\/strong><\/td>\n<td>Extracto de hoja de artemisa\/Extracto de Ai Ye<\/td>\n<\/tr>\n<tr>\n<td><strong>Ingredientes principales<\/strong><\/td>\n<td>Compuestos vol\u00e1tiles del aceite<\/td>\n<\/tr>\n<tr>\n<td><strong>Fuente de extracci\u00f3n<\/strong><\/td>\n<td>La materia prima del extracto de hojas de artemisa se deriva de las hojas secas de\u00a0<em>Artemisia argyi<\/em>\u00a0(Ay, s\u00ed)<\/td>\n<\/tr>\n<tr>\n<td><strong>Apariencia<\/strong><\/td>\n<td>Polvo marr\u00f3n<\/td>\n<\/tr>\n<tr>\n<td><strong>M\u00e9todo de detecci\u00f3n<\/strong><\/td>\n<td>TLC (cromatograf\u00eda en capa fina)<\/td>\n<\/tr>\n<tr>\n<td><strong>Formas de dosificaci\u00f3n de aplicaci\u00f3n<\/strong><\/td>\n<td>Amplia gama (por ejemplo, c\u00e1psulas, tabletas, ung\u00fcentos, cosm\u00e9ticos, productos de salud)<\/td>\n<\/tr>\n<tr>\n<td><strong>Tiempo de suministro<\/strong><\/td>\n<td>Todo el a\u00f1o<\/td>\n<\/tr>\n<tr>\n<td><strong>Almacenamiento<\/strong><\/td>\n<td>Conservar en un recipiente herm\u00e9tico, colocar en un lugar fresco, seco y oscuro, y mantener alejado de fuentes de calor y ambientes h\u00famedos.<\/td>\n<\/tr>\n<tr>\n<td><strong>Duraci\u00f3n<\/strong><\/td>\n<td>2 a\u00f1os<\/td>\n<\/tr>\n<\/tbody>\n<\/table>","protected":false},"excerpt":{"rendered":"<h4 class=\"header-vfC6AV auto-hide-last-sibling-br\">Nombre del producto: Extracto de hoja de artemisa<\/h4>\n<h4 class=\"header-vfC6AV auto-hide-last-sibling-br\">Ingredientes principales: aceites vol\u00e1tiles<\/h4>\n<h4 class=\"header-vfC6AV auto-hide-last-sibling-br\">Fuente de extracci\u00f3n: La materia prima del extracto de hojas de artemisa son las hojas secas de artemisa (Artemisia argyi).<\/h4>\n<h4 class=\"header-vfC6AV auto-hide-last-sibling-br\">Aspecto: Polvo marr\u00f3n<\/h4>\n<h4 class=\"header-vfC6AV auto-hide-last-sibling-br\">M\u00e9todo de detecci\u00f3n: TLC (cromatograf\u00eda en capa fina)<\/h4>\n<h4 class=\"header-vfC6AV auto-hide-last-sibling-br\">Formas de dosificaci\u00f3n de aplicaci\u00f3n: amplia gama<\/h4>\n<h4 class=\"header-vfC6AV auto-hide-last-sibling-br\">Tiempo de suministro: todo el a\u00f1o<\/h4>\n<h4 class=\"header-vfC6AV auto-hide-last-sibling-br\">Instrucciones de compra<\/h4>\n<ul class=\"auto-hide-last-sibling-br\">\n<li>\n<h4>\u3010M\u00e9todo de embalaje\u301125 kg por tambor de cart\u00f3n o bolsa de papel de aluminio<\/h4>\n<\/li>\n<li>\n<h4>\u3010Condiciones de almacenamiento\u3011Debe sellarse y protegerse de la luz, almacenarse en un lugar seco, fresco y bien ventilado.<\/h4>\n<\/li>\n<li>\n<h4>\u3010Vida \u00fatil\u30112 a\u00f1os<\/h4>\n<\/li>\n<li>\n<h4>\u3010Suministro de muestras\u3011Generalmente, se proporcionan entre 5 y 20 g de muestras peque\u00f1as para los productos; se cobran tarifas de muestra para algunos productos.<\/h4>\n<\/li>\n<li>\n<h4>\u3010Embalaje del producto\u3011Envasado en tambores de cart\u00f3n o bolsas de papel de aluminio (embalaje personalizado disponible a pedido del cliente)<\/h4>\n<\/li>\n<li>\n<h4>\u3010Tiempo de entrega\u3011Los productos no personalizados se enviar\u00e1n dentro de las 48 horas; el tiempo de entrega de los productos personalizados se ajustar\u00e1 seg\u00fan las necesidades reales.<\/h4>\n<\/li>\n<li>\n<h4>\u3010M\u00e9todo de embalaje\u301125 kg por tambor de cart\u00f3n o bolsa de papel de aluminio; el embalaje se puede ajustar seg\u00fan las circunstancias reales.<\/h4>\n<\/li>\n<li>\n<h4>\u3010M\u00e9todo de transporte\u3011Entrega expr\u00e9s nacional o log\u00edstica; el precio cotizado incluye los costos de transporte.<\/h4>\n<\/li>\n<li>\n<h4>\u3010Condiciones de almacenamiento\u3011Sellado y protegido de la luz, almacenado en un lugar seco, fresco y bien ventilado.<\/h4>\n<\/li>\n<\/ul>","protected":false},"featured_media":9827,"comment_status":"closed","ping_status":"closed","template":"","meta":[],"product_brand":[],"product_cat":[17,24],"product_tag":[],"class_list":{"0":"post-9826","1":"product","2":"type-product","3":"status-publish","4":"has-post-thumbnail","6":"product_cat-plant-extract","7":"product_cat-ratio-extract","9":"first","10":"instock","11":"shipping-taxable","12":"product-type-simple"},"_links":{"self":[{"href":"https:\/\/www.hvbio.com\/es\/wp-json\/wp\/v2\/product\/9826","targetHints":{"allow":["GET"]}}],"collection":[{"href":"https:\/\/www.hvbio.com\/es\/wp-json\/wp\/v2\/product"}],"about":[{"href":"https:\/\/www.hvbio.com\/es\/wp-json\/wp\/v2\/types\/product"}],"replies":[{"embeddable":true,"href":"https:\/\/www.hvbio.com\/es\/wp-json\/wp\/v2\/comments?post=9826"}],"wp:featuredmedia":[{"embeddable":true,"href":"https:\/\/www.hvbio.com\/es\/wp-json\/wp\/v2\/media\/9827"}],"wp:attachment":[{"href":"https:\/\/www.hvbio.com\/es\/wp-json\/wp\/v2\/media?parent=9826"}],"wp:term":[{"taxonomy":"product_brand","embeddable":true,"href":"https:\/\/www.hvbio.com\/es\/wp-json\/wp\/v2\/product_brand?post=9826"},{"taxonomy":"product_cat","embeddable":true,"href":"https:\/\/www.hvbio.com\/es\/wp-json\/wp\/v2\/product_cat?post=9826"},{"taxonomy":"product_tag","embeddable":true,"href":"https:\/\/www.hvbio.com\/es\/wp-json\/wp\/v2\/product_tag?post=9826"}],"curies":[{"name":"wp","href":"https:\/\/api.w.org\/{rel}","templated":true}]}}