{"id":9840,"date":"2025-08-26T15:00:59","date_gmt":"2025-08-26T07:00:59","guid":{"rendered":"https:\/\/www.hvbio.com\/?post_type=product&#038;p=9840"},"modified":"2025-08-26T15:01:18","modified_gmt":"2025-08-26T07:01:18","slug":"zucchini-powder","status":"publish","type":"product","link":"https:\/\/www.hvbio.com\/es\/producto\/zucchini-powder\/","title":{"rendered":"Polvo de calabac\u00edn"},"content":{"rendered":"<table>\n<tbody>\n<tr>\n<td>Nombre del producto<\/td>\n<td>Polvo de calabac\u00edn<\/td>\n<\/tr>\n<tr>\n<td>Fuente vegetal<\/td>\n<td>El tierno fruto de\u00a0<em>Cucurbita pepo<\/em>\u00a0L. (calabac\u00edn), una planta del g\u00e9nero\u00a0<em>Cucurbita<\/em>\u00a0en la familia de las Cucurbit\u00e1ceas.<\/td>\n<\/tr>\n<tr>\n<td>Ingredientes activos<\/td>\n<td>Contiene caroteno, potasio, vitamina C, f\u00f3sforo, calcio, as\u00ed como peque\u00f1as cantidades de riboflavina, niacina, tiamina, carbohidratos y otros nutrientes.<\/td>\n<\/tr>\n<tr>\n<td>Car\u00e1cter del producto<\/td>\n<td>Polvo fino amarillo<\/td>\n<\/tr>\n<tr>\n<td>M\u00e9todo de detecci\u00f3n<\/td>\n<td>TLC<\/td>\n<\/tr>\n<tr>\n<td>M\u00e9todo de almacenamiento<\/td>\n<td>Sellar y almacenar en un lugar fresco y seco, protegido de la humedad y las polillas.<\/td>\n<\/tr>\n<tr>\n<td>Embalaje del producto<\/td>\n<td>25 kg\/tambor de cart\u00f3n; 1 kg\/bolsa de papel de aluminio<\/td>\n<\/tr>\n<\/tbody>\n<\/table>","protected":false},"excerpt":{"rendered":"<p>El polvo de calabac\u00edn se obtiene del fruto joven de la planta de calabac\u00edn, perteneciente a la familia de las cucurbit\u00e1ceas y al g\u00e9nero Cucurbita. Contiene diversos nutrientes como betacaroteno, potasio, vitamina C, f\u00f3sforo, calcio, riboflavina, \u00e1cido clorh\u00eddrico, tiamina y carbohidratos.<\/p>\n<p>&nbsp;<\/p>","protected":false},"featured_media":9845,"comment_status":"closed","ping_status":"closed","template":"","meta":[],"product_brand":[],"product_cat":[18,19],"product_tag":[39],"class_list":{"0":"post-9840","1":"product","2":"type-product","3":"status-publish","4":"has-post-thumbnail","6":"product_cat-fruit-and-vegetable-powder","7":"product_cat-vegetable-powders","8":"product_tag-zucchini-powder","10":"first","11":"instock","12":"shipping-taxable","13":"product-type-simple"},"_links":{"self":[{"href":"https:\/\/www.hvbio.com\/es\/wp-json\/wp\/v2\/product\/9840","targetHints":{"allow":["GET"]}}],"collection":[{"href":"https:\/\/www.hvbio.com\/es\/wp-json\/wp\/v2\/product"}],"about":[{"href":"https:\/\/www.hvbio.com\/es\/wp-json\/wp\/v2\/types\/product"}],"replies":[{"embeddable":true,"href":"https:\/\/www.hvbio.com\/es\/wp-json\/wp\/v2\/comments?post=9840"}],"wp:featuredmedia":[{"embeddable":true,"href":"https:\/\/www.hvbio.com\/es\/wp-json\/wp\/v2\/media\/9845"}],"wp:attachment":[{"href":"https:\/\/www.hvbio.com\/es\/wp-json\/wp\/v2\/media?parent=9840"}],"wp:term":[{"taxonomy":"product_brand","embeddable":true,"href":"https:\/\/www.hvbio.com\/es\/wp-json\/wp\/v2\/product_brand?post=9840"},{"taxonomy":"product_cat","embeddable":true,"href":"https:\/\/www.hvbio.com\/es\/wp-json\/wp\/v2\/product_cat?post=9840"},{"taxonomy":"product_tag","embeddable":true,"href":"https:\/\/www.hvbio.com\/es\/wp-json\/wp\/v2\/product_tag?post=9840"}],"curies":[{"name":"wp","href":"https:\/\/api.w.org\/{rel}","templated":true}]}}