{"id":9864,"date":"2025-08-26T15:55:52","date_gmt":"2025-08-26T07:55:52","guid":{"rendered":"https:\/\/www.hvbio.com\/?post_type=product&#038;p=9864"},"modified":"2025-08-26T15:55:53","modified_gmt":"2025-08-26T07:55:53","slug":"chrysophanol-0-5","status":"publish","type":"product","link":"https:\/\/www.hvbio.com\/es\/producto\/chrysophanol-0-5\/","title":{"rendered":"Crisofanol 0.5%"},"content":{"rendered":"<table style=\"height: 412px;\" width=\"1172\">\n<thead>\n<tr>\n<th><strong>Atributo<\/strong><\/th>\n<th><strong>Descripci\u00f3n<\/strong><\/th>\n<\/tr>\n<\/thead>\n<tbody>\n<tr>\n<td><strong>Nombre del producto<\/strong><\/td>\n<td>Crisofanol 0.5%<\/td>\n<\/tr>\n<tr>\n<td><strong>Ingrediente principal<\/strong><\/td>\n<td>Crisofanol (Nombre qu\u00edmico: 1,8-dihidroxi-3-metilantraquinona; F\u00f3rmula molecular: C\u2081\u2085H\u2081\u2080O\u2084)<\/td>\n<\/tr>\n<tr>\n<td><strong>Fuente de extracci\u00f3n<\/strong><\/td>\n<td>Derivado principalmente de las ra\u00edces y rizomas secos de plantas Polygonaceae, que incluyen:<br class=\"container-utlnW2 wrapper-d0Cc1k undefined\" \/>&#8211;\u00a0<em>Rheum palmatum<\/em>\u00a0L. (Ruibarbo de hojas de palma)<br class=\"container-utlnW2 wrapper-d0Cc1k undefined\" \/>&#8211;\u00a0<em>Rheum tanguticum<\/em>\u00a0M\u00e1xima. ex Balf. (Tangut ruibarbo)<br class=\"container-utlnW2 wrapper-d0Cc1k undefined\" \/>&#8211;\u00a0<em>Rheum officinale<\/em>\u00a0Baill. (Ruibarbo oficial)<\/td>\n<\/tr>\n<tr>\n<td><strong>Apariencia<\/strong><\/td>\n<td>Polvo marr\u00f3n<\/td>\n<\/tr>\n<tr>\n<td><strong>M\u00e9todo de detecci\u00f3n<\/strong><\/td>\n<td>HPLC (cromatograf\u00eda l\u00edquida de alta resoluci\u00f3n)<\/td>\n<\/tr>\n<tr>\n<td><strong>Formas de dosificaci\u00f3n de aplicaci\u00f3n<\/strong><\/td>\n<td>De amplio alcance<\/td>\n<\/tr>\n<tr>\n<td><strong>Tiempo de suministro<\/strong><\/td>\n<td>Todo el a\u00f1o<\/td>\n<\/tr>\n<tr>\n<td><strong>Condiciones de almacenamiento<\/strong><\/td>\n<td>Conservar en un recipiente herm\u00e9tico, conservar en un lugar fresco, seco y protegido de la luz, y alejado de fuentes de calor y ambientes h\u00famedos.<\/td>\n<\/tr>\n<tr>\n<td><strong>Duraci\u00f3n<\/strong><\/td>\n<td>Dos a\u00f1os<\/td>\n<\/tr>\n<\/tbody>\n<\/table>","protected":false},"excerpt":{"rendered":"<h4 class=\"header-vfC6AV auto-hide-last-sibling-br\">Nombre del producto: Crisofanol 0.5%<\/h4>\n<h4 class=\"header-vfC6AV auto-hide-last-sibling-br\">Ingrediente principal: Crisofanol<\/h4>\n<h4 class=\"header-vfC6AV auto-hide-last-sibling-br\">Fuente de extracci\u00f3n: Derivado principalmente de las ra\u00edces y rizomas secos de plantas Polygonaceae, incluidas\u00a0<em>Rheum palmatum<\/em>\u00a0L. (ruibarbo de hojas de palma),\u00a0<em>Rheum tanguticum<\/em>\u00a0Maxim. ex Balf. (Ruibarbo Tangut), y\u00a0<em>Rheum officinale<\/em>\u00a0Baill. (Ruibarbo oficial).<\/h4>\n<h4 class=\"header-vfC6AV auto-hide-last-sibling-br\">Apariencia: Polvo marr\u00f3n<\/h4>\n<h4 class=\"header-vfC6AV auto-hide-last-sibling-br\">M\u00e9todo de detecci\u00f3n: HPLC (cromatograf\u00eda l\u00edquida de alta resoluci\u00f3n)<\/h4>\n<h4 class=\"header-vfC6AV auto-hide-last-sibling-br\">Formas de dosificaci\u00f3n de aplicaci\u00f3n: amplia gama<\/h4>\n<h4 class=\"header-vfC6AV auto-hide-last-sibling-br\">Tiempo de suministro: todo el a\u00f1o<\/h4>\n<h4 class=\"header-vfC6AV auto-hide-last-sibling-br\">Instrucciones de compra<\/h4>\n<ul class=\"auto-hide-last-sibling-br\">\n<li>\n<h4>\u3010M\u00e9todo de embalaje\u301125 kg por tambor de cart\u00f3n o bolsa de papel de aluminio<\/h4>\n<\/li>\n<li>\n<h4>\u3010Condiciones de almacenamiento\u3011Debe sellarse y protegerse de la luz, almacenarse en un lugar seco, fresco y bien ventilado.<\/h4>\n<\/li>\n<li>\n<h4>\u3010Vida \u00fatil\u30112 a\u00f1os<\/h4>\n<\/li>\n<li>\n<h4>\u3010Suministro de muestras\u3011Generalmente, se proporcionan entre 5 y 20 g de muestras peque\u00f1as para los productos; se cobran tarifas de muestra para algunos productos.<\/h4>\n<\/li>\n<li>\n<h4>\u3010Embalaje del producto\u3011Envasado en tambores de cart\u00f3n o bolsas de papel de aluminio (embalaje personalizado disponible a pedido del cliente)<\/h4>\n<\/li>\n<li>\n<h4>\u3010Tiempo de entrega\u3011Los productos no personalizados se enviar\u00e1n dentro de las 48 horas; el tiempo de entrega de los productos personalizados se ajustar\u00e1 seg\u00fan las necesidades reales.<\/h4>\n<\/li>\n<li>\n<h4>\u3010M\u00e9todo de embalaje\u301125 kg por tambor de cart\u00f3n o bolsa de papel de aluminio; el embalaje se puede ajustar seg\u00fan las circunstancias reales.<\/h4>\n<\/li>\n<li>\n<h4>\u3010M\u00e9todo de transporte\u3011Entrega expr\u00e9s nacional o log\u00edstica; el precio cotizado incluye los costos de transporte.<\/h4>\n<\/li>\n<li>\n<h4>\u3010Condiciones de almacenamiento\u3011Sellado y protegido de la luz, almacenado en un lugar seco, fresco y bien ventilado.<\/h4>\n<\/li>\n<\/ul>","protected":false},"featured_media":9865,"comment_status":"closed","ping_status":"closed","template":"","meta":[],"product_brand":[],"product_cat":[17,23],"product_tag":[],"class_list":{"0":"post-9864","1":"product","2":"type-product","3":"status-publish","4":"has-post-thumbnail","6":"product_cat-plant-extract","7":"product_cat-standard-extract","9":"first","10":"instock","11":"shipping-taxable","12":"product-type-simple"},"_links":{"self":[{"href":"https:\/\/www.hvbio.com\/es\/wp-json\/wp\/v2\/product\/9864","targetHints":{"allow":["GET"]}}],"collection":[{"href":"https:\/\/www.hvbio.com\/es\/wp-json\/wp\/v2\/product"}],"about":[{"href":"https:\/\/www.hvbio.com\/es\/wp-json\/wp\/v2\/types\/product"}],"replies":[{"embeddable":true,"href":"https:\/\/www.hvbio.com\/es\/wp-json\/wp\/v2\/comments?post=9864"}],"wp:featuredmedia":[{"embeddable":true,"href":"https:\/\/www.hvbio.com\/es\/wp-json\/wp\/v2\/media\/9865"}],"wp:attachment":[{"href":"https:\/\/www.hvbio.com\/es\/wp-json\/wp\/v2\/media?parent=9864"}],"wp:term":[{"taxonomy":"product_brand","embeddable":true,"href":"https:\/\/www.hvbio.com\/es\/wp-json\/wp\/v2\/product_brand?post=9864"},{"taxonomy":"product_cat","embeddable":true,"href":"https:\/\/www.hvbio.com\/es\/wp-json\/wp\/v2\/product_cat?post=9864"},{"taxonomy":"product_tag","embeddable":true,"href":"https:\/\/www.hvbio.com\/es\/wp-json\/wp\/v2\/product_tag?post=9864"}],"curies":[{"name":"wp","href":"https:\/\/api.w.org\/{rel}","templated":true}]}}