{"id":9876,"date":"2025-08-26T16:28:05","date_gmt":"2025-08-26T08:28:05","guid":{"rendered":"https:\/\/www.hvbio.com\/?post_type=product&#038;p=9876"},"modified":"2025-08-26T16:28:06","modified_gmt":"2025-08-26T08:28:06","slug":"protocatechuic-acid-98","status":"publish","type":"product","link":"https:\/\/www.hvbio.com\/es\/producto\/protocatechuic-acid-98\/","title":{"rendered":"\u00c1cido protocat\u00e9quico 98%"},"content":{"rendered":"<table>\n<thead>\n<tr>\n<th>Art\u00edculo<\/th>\n<th>Descripci\u00f3n<\/th>\n<\/tr>\n<\/thead>\n<tbody>\n<tr>\n<td>Nombre del producto<\/td>\n<td>Protocatechuic Acid 98%<\/td>\n<\/tr>\n<tr>\n<td>Contenido del producto<\/td>\n<td>98%<\/td>\n<\/tr>\n<tr>\n<td>Propiedades del producto<\/td>\n<td>White crystalline powder<\/td>\n<\/tr>\n<tr>\n<td>M\u00e9todo de detecci\u00f3n<\/td>\n<td>HPLC (cromatograf\u00eda l\u00edquida de alta resoluci\u00f3n)<\/td>\n<\/tr>\n<tr>\n<td>M\u00e9todo de almacenamiento<\/td>\n<td>Sealed, stored in a cool and dry place, protected from moisture and moth<\/td>\n<\/tr>\n<tr>\n<td>Embalaje del producto<\/td>\n<td>25kg\/cardboard drum;<\/td>\n<\/tr>\n<\/tbody>\n<\/table>","protected":false},"excerpt":{"rendered":"<p>Alternative Names: 3,4-Dihydroxybenzoic acid, Catechol-4-carboxylic acid, Product Characteristics: White crystalline powder\u3002<\/p>","protected":false},"featured_media":9877,"comment_status":"closed","ping_status":"closed","template":"","meta":[],"product_brand":[],"product_cat":[17,23],"product_tag":[41],"class_list":{"0":"post-9876","1":"product","2":"type-product","3":"status-publish","4":"has-post-thumbnail","6":"product_cat-plant-extract","7":"product_cat-standard-extract","8":"product_tag-protocatechuic-acid-98","10":"first","11":"instock","12":"shipping-taxable","13":"product-type-simple"},"_links":{"self":[{"href":"https:\/\/www.hvbio.com\/es\/wp-json\/wp\/v2\/product\/9876","targetHints":{"allow":["GET"]}}],"collection":[{"href":"https:\/\/www.hvbio.com\/es\/wp-json\/wp\/v2\/product"}],"about":[{"href":"https:\/\/www.hvbio.com\/es\/wp-json\/wp\/v2\/types\/product"}],"replies":[{"embeddable":true,"href":"https:\/\/www.hvbio.com\/es\/wp-json\/wp\/v2\/comments?post=9876"}],"wp:featuredmedia":[{"embeddable":true,"href":"https:\/\/www.hvbio.com\/es\/wp-json\/wp\/v2\/media\/9877"}],"wp:attachment":[{"href":"https:\/\/www.hvbio.com\/es\/wp-json\/wp\/v2\/media?parent=9876"}],"wp:term":[{"taxonomy":"product_brand","embeddable":true,"href":"https:\/\/www.hvbio.com\/es\/wp-json\/wp\/v2\/product_brand?post=9876"},{"taxonomy":"product_cat","embeddable":true,"href":"https:\/\/www.hvbio.com\/es\/wp-json\/wp\/v2\/product_cat?post=9876"},{"taxonomy":"product_tag","embeddable":true,"href":"https:\/\/www.hvbio.com\/es\/wp-json\/wp\/v2\/product_tag?post=9876"}],"curies":[{"name":"wp","href":"https:\/\/api.w.org\/{rel}","templated":true}]}}