{"id":9884,"date":"2025-08-27T10:21:21","date_gmt":"2025-08-27T02:21:21","guid":{"rendered":"https:\/\/www.hvbio.com\/?post_type=product&#038;p=9884"},"modified":"2025-08-27T10:21:21","modified_gmt":"2025-08-27T02:21:21","slug":"dandelion-flavonoids-5","status":"publish","type":"product","link":"https:\/\/www.hvbio.com\/es\/producto\/dandelion-flavonoids-5\/","title":{"rendered":"Flavonoides del diente de le\u00f3n 5%"},"content":{"rendered":"<table style=\"height: 403px;\" width=\"1027\">\n<thead>\n<tr>\n<th><strong>Art\u00edculo<\/strong><\/th>\n<th><strong>Descripci\u00f3n<\/strong><\/th>\n<\/tr>\n<\/thead>\n<tbody>\n<tr>\n<td>Nombre del producto<\/td>\n<td>Flavonoides del diente de le\u00f3n 5%<\/td>\n<\/tr>\n<tr>\n<td>Ingrediente principal<\/td>\n<td>Dandelion Flavonoids<\/td>\n<\/tr>\n<tr>\n<td>Fuente de extracci\u00f3n<\/td>\n<td>The extract is mainly derived from dandelion (Taraxacum mongolicum Hand.-Mazz. or related species)<\/td>\n<\/tr>\n<tr>\n<td>Apariencia<\/td>\n<td>Polvo marr\u00f3n<\/td>\n<\/tr>\n<tr>\n<td>M\u00e9todo de detecci\u00f3n<\/td>\n<td>HPLC (cromatograf\u00eda l\u00edquida de alta resoluci\u00f3n)<\/td>\n<\/tr>\n<tr>\n<td>Formas de dosificaci\u00f3n de aplicaci\u00f3n<\/td>\n<td>Wide range of applications (e.g., health care products, dietary supplements, herbal preparations, etc.)<\/td>\n<\/tr>\n<tr>\n<td>Tiempo de suministro<\/td>\n<td>Disponible durante todo el a\u00f1o<\/td>\n<\/tr>\n<tr>\n<td>Condiciones de almacenamiento<\/td>\n<td>Conservar en recipiente herm\u00e9tico, conservar en lugar fresco, seco y oscuro, alejado de fuentes de calor y ambientes h\u00famedos.<\/td>\n<\/tr>\n<tr>\n<td>Duraci\u00f3n<\/td>\n<td>Dos a\u00f1os<\/td>\n<\/tr>\n<\/tbody>\n<\/table>","protected":false},"excerpt":{"rendered":"<h4 class=\"header-vfC6AV auto-hide-last-sibling-br\">Product Name: Dandelion Flavone 5%<\/h4>\n<ul class=\"auto-hide-last-sibling-br\">\n<li>\n<h4><strong>Ingrediente principal<\/strong>: Dandelion Flavone<\/h4>\n<\/li>\n<li>\n<h4><strong>Fuente de extracci\u00f3n<\/strong>: The extract is mainly derived from dandelion<\/h4>\n<\/li>\n<li>\n<h4><strong>Apariencia<\/strong>:Polvo marr\u00f3n<\/h4>\n<\/li>\n<li>\n<h4><strong>M\u00e9todo de detecci\u00f3n<\/strong>:HPLC (cromatograf\u00eda l\u00edquida de alta resoluci\u00f3n)<\/h4>\n<\/li>\n<li>\n<h4><strong>Formas de dosificaci\u00f3n de aplicaci\u00f3n<\/strong>:Amplia gama de aplicaciones<\/h4>\n<\/li>\n<li>\n<h4><strong>Tiempo de suministro<\/strong>:Disponible durante todo el a\u00f1o<\/h4>\n<\/li>\n<\/ul>\n<h4 class=\"header-vfC6AV auto-hide-last-sibling-br\">Instrucciones de compra<\/h4>\n<ul class=\"auto-hide-last-sibling-br\">\n<li>\n<h4><strong>M\u00e9todo de embalaje<\/strong>:25 kg por bid\u00f3n de cart\u00f3n o bolsa de papel de aluminio<\/h4>\n<\/li>\n<li>\n<h4><strong>Condiciones de almacenamiento<\/strong>:Debe sellarse y protegerse de la luz, almacenarse en un lugar seco, fresco y bien ventilado.<\/h4>\n<\/li>\n<li>\n<h4><strong>Duraci\u00f3n<\/strong>: 2 a\u00f1os<\/h4>\n<\/li>\n<li>\n<h4><strong>Disposici\u00f3n de muestra<\/strong>: Generally, 5-20g small samples are provided for products; sample fees may be charged for some products.<\/h4>\n<\/li>\n<li>\n<h4><strong>Embalaje del producto<\/strong>:Envasado en tambores de cart\u00f3n o bolsas de papel de aluminio (embalaje personalizable disponible a petici\u00f3n del cliente)<\/h4>\n<\/li>\n<li>\n<h4><strong>El tiempo de entrega<\/strong>: Non-customized products will be shipped within 48 hours; the delivery time for customized products will be adjusted according to actual needs.<\/h4>\n<\/li>\n<li>\n<h4><strong>Packaging Adjustment<\/strong>: 25kg per cardboard drum or aluminum foil bag; packaging can be adjusted based on actual circumstances.<\/h4>\n<\/li>\n<li>\n<h4><strong>M\u00e9todo de transporte<\/strong>:Env\u00edo expr\u00e9s nacional o log\u00edstica, el precio cotizado incluye los gastos de transporte.<\/h4>\n<\/li>\n<li>\n<h4><strong>Repeated Storage Note<\/strong>: Seal and protect from light, and store in a dry, cool, and well-ventilated place.<\/h4>\n<\/li>\n<\/ul>","protected":false},"featured_media":9885,"comment_status":"closed","ping_status":"closed","template":"","meta":[],"product_brand":[],"product_cat":[17,23],"product_tag":[],"class_list":{"0":"post-9884","1":"product","2":"type-product","3":"status-publish","4":"has-post-thumbnail","6":"product_cat-plant-extract","7":"product_cat-standard-extract","9":"first","10":"instock","11":"shipping-taxable","12":"product-type-simple"},"_links":{"self":[{"href":"https:\/\/www.hvbio.com\/es\/wp-json\/wp\/v2\/product\/9884","targetHints":{"allow":["GET"]}}],"collection":[{"href":"https:\/\/www.hvbio.com\/es\/wp-json\/wp\/v2\/product"}],"about":[{"href":"https:\/\/www.hvbio.com\/es\/wp-json\/wp\/v2\/types\/product"}],"replies":[{"embeddable":true,"href":"https:\/\/www.hvbio.com\/es\/wp-json\/wp\/v2\/comments?post=9884"}],"wp:featuredmedia":[{"embeddable":true,"href":"https:\/\/www.hvbio.com\/es\/wp-json\/wp\/v2\/media\/9885"}],"wp:attachment":[{"href":"https:\/\/www.hvbio.com\/es\/wp-json\/wp\/v2\/media?parent=9884"}],"wp:term":[{"taxonomy":"product_brand","embeddable":true,"href":"https:\/\/www.hvbio.com\/es\/wp-json\/wp\/v2\/product_brand?post=9884"},{"taxonomy":"product_cat","embeddable":true,"href":"https:\/\/www.hvbio.com\/es\/wp-json\/wp\/v2\/product_cat?post=9884"},{"taxonomy":"product_tag","embeddable":true,"href":"https:\/\/www.hvbio.com\/es\/wp-json\/wp\/v2\/product_tag?post=9884"}],"curies":[{"name":"wp","href":"https:\/\/api.w.org\/{rel}","templated":true}]}}