{"id":9900,"date":"2025-08-27T10:51:03","date_gmt":"2025-08-27T02:51:03","guid":{"rendered":"https:\/\/www.hvbio.com\/?post_type=product&#038;p=9900"},"modified":"2025-08-27T10:51:04","modified_gmt":"2025-08-27T02:51:04","slug":"instant-coffee-powder","status":"publish","type":"product","link":"https:\/\/www.hvbio.com\/es\/producto\/instant-coffee-powder\/","title":{"rendered":"Caf\u00e9 instant\u00e1neo en polvo"},"content":{"rendered":"<table style=\"height: 483px;\" width=\"1592\">\n<thead>\n<tr>\n<th><strong>Art\u00edculo<\/strong><\/th>\n<th><strong>Detalles<\/strong><\/th>\n<\/tr>\n<\/thead>\n<tbody>\n<tr>\n<td>Nombre del producto<\/td>\n<td>Caf\u00e9 instant\u00e1neo en polvo<\/td>\n<\/tr>\n<tr>\n<td>Ingrediente principal<\/td>\n<td>Caf\u00e9 en polvo<\/td>\n<\/tr>\n<tr>\n<td>Fuente de extracci\u00f3n<\/td>\n<td>El caf\u00e9 instant\u00e1neo en polvo se extrae de los granos de caf\u00e9 verde. Estos se tuestan, se muelen, se extraen las sustancias solubles con agua y finalmente se transforman en caf\u00e9 instant\u00e1neo en polvo mediante procesos como el secado con aire caliente o la liofilizaci\u00f3n.<\/td>\n<\/tr>\n<tr>\n<td>Apariencia<\/td>\n<td>Polvo marr\u00f3n oscuro<\/td>\n<\/tr>\n<tr>\n<td>M\u00e9todo de detecci\u00f3n<\/td>\n<td>TLC (cromatograf\u00eda en capa fina)<\/td>\n<\/tr>\n<tr>\n<td>Formas de dosificaci\u00f3n de aplicaci\u00f3n<\/td>\n<td>Ampliamente aplicable (para diversas formas de dosificaci\u00f3n)<\/td>\n<\/tr>\n<tr>\n<td>Tiempo de suministro<\/td>\n<td>Disponible durante todo el a\u00f1o<\/td>\n<\/tr>\n<tr>\n<td>Condiciones de almacenamiento<\/td>\n<td>Conservar en un recipiente cerrado, en un lugar fresco, seco y protegido de la luz, alejado de fuentes de calor y ambientes h\u00famedos.<\/td>\n<\/tr>\n<tr>\n<td>Duraci\u00f3n<\/td>\n<td>Dos a\u00f1os<\/td>\n<\/tr>\n<\/tbody>\n<\/table>","protected":false},"excerpt":{"rendered":"<h4 class=\"header-vfC6AV auto-hide-last-sibling-br\">Nombre del producto: Caf\u00e9 instant\u00e1neo en polvo<\/h4>\n<h4 class=\"header-vfC6AV auto-hide-last-sibling-br\">Ingrediente principal: Caf\u00e9 en polvo<\/h4>\n<h4 class=\"header-vfC6AV auto-hide-last-sibling-br\">Fuente de Extracci\u00f3n: El caf\u00e9 instant\u00e1neo en polvo se extrae a partir de granos de caf\u00e9 verde. Estos granos se tuestan, se trituran, se extraen las sustancias solubles con agua y finalmente se transforman en caf\u00e9 instant\u00e1neo en polvo mediante procesos como el secado por aire caliente o la liofilizaci\u00f3n.<\/h4>\n<h4 class=\"header-vfC6AV auto-hide-last-sibling-br\">Aspecto: Polvo marr\u00f3n oscuro<\/h4>\n<h4 class=\"header-vfC6AV auto-hide-last-sibling-br\">M\u00e9todo de detecci\u00f3n: TLC (cromatograf\u00eda en capa fina)<\/h4>\n<h4 class=\"header-vfC6AV auto-hide-last-sibling-br\">Forma farmac\u00e9utica de aplicaci\u00f3n: Amplia gama de aplicaciones.<\/h4>\n<h4 class=\"header-vfC6AV auto-hide-last-sibling-br\">Tiempo de suministro: Todo el a\u00f1o<\/h4>\n<h4 class=\"header-vfC6AV auto-hide-last-sibling-br\">Instrucciones de compra<\/h4>\n<ul class=\"auto-hide-last-sibling-br\">\n<li>\n<h4>\u3010M\u00e9todo de embalaje\u301125 kg por tambor de papel o bolsa de papel de aluminio<\/h4>\n<\/li>\n<li>\n<h4>\u3010Condiciones de almacenamiento\u3011Debe sellarse y protegerse de la luz, almacenarse en un lugar seco, fresco y bien ventilado.<\/h4>\n<\/li>\n<li>\n<h4>\u3010Vida \u00fatil\u30112 a\u00f1os<\/h4>\n<\/li>\n<li>\n<h4>\u3010Suministro de muestras\u3011Generalmente, se proporcionan muestras de 5 a 20 g para los productos; se cobran tarifas de muestra para algunos productos.<\/h4>\n<\/li>\n<li>\n<h4>\u3010Embalaje del producto\u3011Envasado en tambores de papel o bolsas de papel de aluminio (embalaje personalizado disponible a pedido del cliente)<\/h4>\n<\/li>\n<li>\n<h4>\u3010Tiempo de entrega\u3011Los productos no personalizados se enviar\u00e1n dentro de las 48 horas; el tiempo de entrega de los productos personalizados se ajustar\u00e1 seg\u00fan las necesidades reales.<\/h4>\n<\/li>\n<li>\n<h4>\u3010M\u00e9todo de embalaje\u301125 kg por tambor de papel o bolsa de papel de aluminio; el embalaje se puede ajustar seg\u00fan las condiciones reales.<\/h4>\n<\/li>\n<li>\n<h4>\u3010M\u00e9todo de transporte\u3011Log\u00edstica express nacional; la cotizaci\u00f3n incluye los costos de transporte.<\/h4>\n<\/li>\n<li>\n<h4>\u3010Condiciones de almacenamiento\u3011Sellado y protegido de la luz, almacenado en un lugar seco, fresco y bien ventilado.<\/h4>\n<\/li>\n<\/ul>","protected":false},"featured_media":9901,"comment_status":"closed","ping_status":"closed","template":"","meta":[],"product_brand":[],"product_cat":[17,24],"product_tag":[],"class_list":{"0":"post-9900","1":"product","2":"type-product","3":"status-publish","4":"has-post-thumbnail","6":"product_cat-plant-extract","7":"product_cat-ratio-extract","9":"first","10":"instock","11":"shipping-taxable","12":"product-type-simple"},"_links":{"self":[{"href":"https:\/\/www.hvbio.com\/es\/wp-json\/wp\/v2\/product\/9900","targetHints":{"allow":["GET"]}}],"collection":[{"href":"https:\/\/www.hvbio.com\/es\/wp-json\/wp\/v2\/product"}],"about":[{"href":"https:\/\/www.hvbio.com\/es\/wp-json\/wp\/v2\/types\/product"}],"replies":[{"embeddable":true,"href":"https:\/\/www.hvbio.com\/es\/wp-json\/wp\/v2\/comments?post=9900"}],"wp:featuredmedia":[{"embeddable":true,"href":"https:\/\/www.hvbio.com\/es\/wp-json\/wp\/v2\/media\/9901"}],"wp:attachment":[{"href":"https:\/\/www.hvbio.com\/es\/wp-json\/wp\/v2\/media?parent=9900"}],"wp:term":[{"taxonomy":"product_brand","embeddable":true,"href":"https:\/\/www.hvbio.com\/es\/wp-json\/wp\/v2\/product_brand?post=9900"},{"taxonomy":"product_cat","embeddable":true,"href":"https:\/\/www.hvbio.com\/es\/wp-json\/wp\/v2\/product_cat?post=9900"},{"taxonomy":"product_tag","embeddable":true,"href":"https:\/\/www.hvbio.com\/es\/wp-json\/wp\/v2\/product_tag?post=9900"}],"curies":[{"name":"wp","href":"https:\/\/api.w.org\/{rel}","templated":true}]}}