{"id":9941,"date":"2025-09-01T15:03:55","date_gmt":"2025-09-01T07:03:55","guid":{"rendered":"https:\/\/www.hvbio.com\/?post_type=product&#038;p=9941"},"modified":"2025-09-01T15:03:55","modified_gmt":"2025-09-01T07:03:55","slug":"welsh-onion-white-bulb-extract","status":"publish","type":"product","link":"https:\/\/www.hvbio.com\/es\/producto\/welsh-onion-white-bulb-extract\/","title":{"rendered":"Extracto de bulbo blanco de cebolla galesa"},"content":{"rendered":"<div class=\"inter-H_fm37\">\n<div class=\"container-PvPoAn\">\n<div class=\"item-kDun2N\">\n<div class=\"container-SrVXPg chrome70-container\">\n<div class=\"inner-Qo5lJS inner-item-Nz3mG4\" data-target-id=\"message-box-target-id\" data-testid=\"union_message\">\n<div class=\"message-block-container-PggqdK\" data-testid=\"message-block-container\">\n<div class=\"flex flex-row w-full w-full max-w-full s-font-base text-s-color-text-secondary p-0 rounded-s-radius-s bg-transparent group data-[attr=select-mode]:-mt-10 data-[attr=select-mode]:py-10 data-[attr=select-mode]:px-16 data-[attr=select-mode]:sm:p-10 data-[attr=select-mode]:hover:bg-s-color-bg-base data-[attr=select-mode]:hover:rounded-s-radius-xs data-[attr=select-mode]:has-[:checked]:bg-s-color-bg-trans data-[attr=select-mode]:has-[:checked]:rounded-s-radius-xs data-[attr=select-mode]:pointer-events-none\" data-testid=\"receive_message\">\n<div class=\"flex flex-col flex-grow max-w-full min-w-0\">\n<div class=\"flex flex-row w-full\" data-testid=\"message_content\" data-message-id=\"18828662565148930\">\n<div class=\"w-full\" data-plugin-identifier=\"Symbol(infra:receive-message-box:text)\">\n<div class=\"container-P2rR72 flow-markdown-body theme-samantha-uDexJL\" dir=\"ltr\" data-testid=\"message_text_content\" data-show-indicator=\"false\">\n<div class=\"auto-hide-last-sibling-br mdbox-table-root table-container-cYf_5N\" data-scroll-inline-overflow=\"false\" data-scroll-inline-at-start=\"true\" data-scroll-inline-start-overflow=\"false\" data-scroll-inline-at-end=\"true\" data-scroll-inline-end-overflow=\"false\">\n<div class=\"table-scroll-container-Gyf4hQ mdbox-table-scroll-container\">\n<table>\n<thead>\n<tr>\n<th>Categor\u00eda<\/th>\n<th>Traducci\u00f3n al ingl\u00e9s<\/th>\n<\/tr>\n<\/thead>\n<tbody>\n<tr>\n<td><strong>Nombre del producto<\/strong><\/td>\n<td>Extracto de bulbo blanco de cebolla galesa<\/td>\n<\/tr>\n<tr>\n<td><strong>Nombres alternativos<\/strong><\/td>\n<td>Tallo de cebolla fistulosa seco, cabeza blanca de cebolla fistulosa<\/td>\n<\/tr>\n<tr>\n<td><strong>Fuente<\/strong><\/td>\n<td>Bulbos secos de\u00a0<em>Allium fistulosum<\/em>\u00a0L. (planta perteneciente a la familia de las Lili\u00e1ceas)<\/td>\n<\/tr>\n<tr>\n<td><strong>Morfolog\u00eda de las plantas<\/strong><\/td>\n<td>Hierba perenne, de hasta 50 cm de altura. Generalmente crece en racimos, con un olor acre en todo su per\u00edmetro; un fluido acre y pegajoso rezuma cuando se rompe. Las ra\u00edces fibrosas son blancas y en penacho. Los bulbos son cil\u00edndricos, ligeramente ensanchados en el \u00e1pice, con escamas acodadas que son blancas y est\u00e1n marcadas con rayas longitudinales blancas. Las hojas son basales, cil\u00edndricas, huecas, de aproximadamente 45 cm de largo y 1,5-2 cm de di\u00e1metro, con un \u00e1pice puntiagudo, color verde y nervaduras longitudinales; las vainas foliares son de color verde claro. El escapo es aproximadamente tan largo como las hojas; el involucro es blanco y bilobulado; la umbela es esf\u00e9rica, con muchas flores densas. Los pedicelos son tan largos como el perianto o 2\/3 de su longitud, sin br\u00e1cteas. El perianto es campanulado y blanco, con 6 segmentos estrechamente ovados, que se estrechan hacia el \u00e1pice y presentan peque\u00f1as puntas reflexas. Los filamentos son de 1,5 a 2 veces m\u00e1s largos que los segmentos del perianto, c\u00f3nicos, connados basalmente y adnados al perianto. La c\u00e1psula es triangular. Las semillas son negras, triangulares-semicirculares. Periodo de floraci\u00f3n: julio-septiembre; periodo de fructificaci\u00f3n: agosto-octubre.<\/td>\n<\/tr>\n<tr>\n<td><strong>Origen y distribuci\u00f3n<\/strong><\/td>\n<td>Cultivado en todas las regiones de China.<\/td>\n<\/tr>\n<tr>\n<td><strong>Cosecha y procesamiento<\/strong><\/td>\n<td>Se cosecha en verano y oto\u00f1o; se eliminan las ra\u00edces fibrosas, las hojas y las membranas externas; se utiliza fresco.<\/td>\n<\/tr>\n<tr>\n<td><strong>Caracter\u00edsticas de las hierbas<\/strong><\/td>\n<td>Bulbos cil\u00edndricos, envueltos por m\u00faltiples capas de escamas membranosas. La superficie es blanquecina, lisa y con rayas longitudinales. Posee un aroma penetrante a cebolla y un sabor intenso.<\/td>\n<\/tr>\n<tr>\n<td><strong>Naturaleza, gusto y tropismo meridiano<\/strong><\/td>\n<td>C\u00e1lido por naturaleza, de sabor picante. Meridianos de entrada: Pulm\u00f3n, Est\u00f3mago.<\/td>\n<\/tr>\n<tr>\n<td><strong>Especificaci\u00f3n del embalaje<\/strong><\/td>\n<td>Bolsa de papel de aluminio de 1 kg, tambor de papel de 25 kg o embalaje personalizado seg\u00fan los requisitos del cliente.<\/td>\n<\/tr>\n<tr>\n<td><strong>M\u00e9todo de almacenamiento<\/strong><\/td>\n<td>Conservar en un lugar fresco y seco; mantener sellado; almacenar a temperatura ambiente.<\/td>\n<\/tr>\n<tr>\n<td><strong>Duraci\u00f3n<\/strong><\/td>\n<td>24 meses<\/td>\n<\/tr>\n<\/tbody>\n<\/table>\n<\/div>\n<\/div>\n<\/div>\n<\/div>\n<\/div>\n<div class=\"suggest-message-list-wrapper-QLdGFg\" data-testid=\"suggest_message_list\"><\/div>\n<\/div>\n<\/div>\n<\/div>\n<\/div>\n<\/div>\n<\/div>\n<\/div>\n<\/div>\n<div class=\"top-FLPRDF\">\n<div class=\"container-SrVXPg chrome70-container\"><\/div>\n<\/div>","protected":false},"excerpt":{"rendered":"<p>Category English Translation Product Name Welsh Onion White Bulb Extract Alternative Names Dried Fistular Onion Stalk, White Head of Fistular<\/p>","protected":false},"featured_media":9942,"comment_status":"closed","ping_status":"closed","template":"","meta":[],"product_brand":[],"product_cat":[24,17],"product_tag":[],"class_list":{"0":"post-9941","1":"product","2":"type-product","3":"status-publish","4":"has-post-thumbnail","6":"product_cat-ratio-extract","7":"product_cat-plant-extract","9":"first","10":"instock","11":"shipping-taxable","12":"product-type-simple"},"_links":{"self":[{"href":"https:\/\/www.hvbio.com\/es\/wp-json\/wp\/v2\/product\/9941","targetHints":{"allow":["GET"]}}],"collection":[{"href":"https:\/\/www.hvbio.com\/es\/wp-json\/wp\/v2\/product"}],"about":[{"href":"https:\/\/www.hvbio.com\/es\/wp-json\/wp\/v2\/types\/product"}],"replies":[{"embeddable":true,"href":"https:\/\/www.hvbio.com\/es\/wp-json\/wp\/v2\/comments?post=9941"}],"wp:featuredmedia":[{"embeddable":true,"href":"https:\/\/www.hvbio.com\/es\/wp-json\/wp\/v2\/media\/9942"}],"wp:attachment":[{"href":"https:\/\/www.hvbio.com\/es\/wp-json\/wp\/v2\/media?parent=9941"}],"wp:term":[{"taxonomy":"product_brand","embeddable":true,"href":"https:\/\/www.hvbio.com\/es\/wp-json\/wp\/v2\/product_brand?post=9941"},{"taxonomy":"product_cat","embeddable":true,"href":"https:\/\/www.hvbio.com\/es\/wp-json\/wp\/v2\/product_cat?post=9941"},{"taxonomy":"product_tag","embeddable":true,"href":"https:\/\/www.hvbio.com\/es\/wp-json\/wp\/v2\/product_tag?post=9941"}],"curies":[{"name":"wp","href":"https:\/\/api.w.org\/{rel}","templated":true}]}}