{"id":9950,"date":"2025-09-01T15:23:01","date_gmt":"2025-09-01T07:23:01","guid":{"rendered":"https:\/\/www.hvbio.com\/?post_type=product&#038;p=9950"},"modified":"2025-09-01T15:26:46","modified_gmt":"2025-09-01T07:26:46","slug":"agaricus-blazei-murill-polysaccharides-30","status":"publish","type":"product","link":"https:\/\/www.hvbio.com\/es\/producto\/agaricus-blazei-murill-polysaccharides-30\/","title":{"rendered":"Polisac\u00e1ridos de Agaricus blazei Murill 30%"},"content":{"rendered":"<table style=\"height: 381px;\" width=\"1453\">\n<thead>\n<tr>\n<th>Art\u00edculo<\/th>\n<th>Descripci\u00f3n<\/th>\n<\/tr>\n<\/thead>\n<tbody>\n<tr>\n<td>Nombre del producto<\/td>\n<td>Polisac\u00e1ridos de Agaricus blazei Murill 30%<\/td>\n<\/tr>\n<tr>\n<td>Ingredientes principales<\/td>\n<td>Ingredientes activos principales (polisac\u00e1ridos de Agaricus blazei Murill, \u226530%) y trazas de ingredientes auxiliares<\/td>\n<\/tr>\n<tr>\n<td>Fuente de extracci\u00f3n<\/td>\n<td>Derivado de los cuerpos fruct\u00edferos maduros de\u00a0<em>Agaricus blazei Murill<\/em>\u00a0(ABM), que pertenece al reino Fungi (Basidiomycota, Agaricales, Tricholomataceae, Tricholoma)<\/td>\n<\/tr>\n<tr>\n<td>Apariencia<\/td>\n<td>Polvo marr\u00f3n oscuro<\/td>\n<\/tr>\n<tr>\n<td>M\u00e9todo de prueba<\/td>\n<td>HPLC\/UV<\/td>\n<\/tr>\n<tr>\n<td>Formas de dosificaci\u00f3n de aplicaci\u00f3n<\/td>\n<td>Ampliamente aplicable a diversas formas de dosificaci\u00f3n (por ejemplo, c\u00e1psulas, tabletas, polvos, l\u00edquidos orales).<\/td>\n<\/tr>\n<tr>\n<td>Tiempo de suministro<\/td>\n<td>Disponible durante todo el a\u00f1o<\/td>\n<\/tr>\n<tr>\n<td>Almacenamiento<\/td>\n<td>Conservar en recipiente herm\u00e9tico, conservar en lugar fresco, seco y oscuro, alejado de fuentes de calor y ambientes h\u00famedos.<\/td>\n<\/tr>\n<tr>\n<td>Duraci\u00f3n<\/td>\n<td>2 a\u00f1os<\/td>\n<\/tr>\n<\/tbody>\n<\/table>","protected":false},"excerpt":{"rendered":"<h4 class=\"header-vfC6AV auto-hide-last-sibling-br\">Nombre del producto: Agaricus blazei Murill Polisac\u00e1ridos 30%<\/h4>\n<h4 class=\"header-vfC6AV auto-hide-last-sibling-br\">Ingredientes principales: Ingredientes activos b\u00e1sicos y trazas de ingredientes auxiliares.<\/h4>\n<h4 class=\"header-vfC6AV auto-hide-last-sibling-br\">Fuente de extracci\u00f3n: Reino de los hongos<\/h4>\n<h4 class=\"header-vfC6AV auto-hide-last-sibling-br\">Aspecto: Polvo marr\u00f3n oscuro<\/h4>\n<h4 class=\"header-vfC6AV auto-hide-last-sibling-br\">M\u00e9todo de detecci\u00f3n: HPLC\/UV<\/h4>\n<h4 class=\"header-vfC6AV auto-hide-last-sibling-br\">Forma farmac\u00e9utica de aplicaci\u00f3n: Amplia gama de aplicaciones.<\/h4>\n<h4 class=\"header-vfC6AV auto-hide-last-sibling-br\">Tiempo de suministro: Todo el a\u00f1o<\/h4>\n<h4 class=\"header-vfC6AV auto-hide-last-sibling-br\">Instrucciones de compra<\/h4>\n<ul class=\"auto-hide-last-sibling-br\">\n<li>\n<h4>\u3010M\u00e9todo de embalaje\u301125 kg por tambor de papel o bolsa de papel de aluminio<\/h4>\n<\/li>\n<li>\n<h4>\u3010Condiciones de almacenamiento\u3011Debe sellarse y protegerse de la luz, almacenarse en un lugar seco, fresco y bien ventilado.<\/h4>\n<\/li>\n<li>\n<h4>\u3010Vida \u00fatil\u3011Dos a\u00f1os<\/h4>\n<\/li>\n<li>\n<h4>\u3010Suministro de muestras\u3011Generalmente, se proporcionan muestras de 5 a 20 g para los productos; se cobran tarifas de muestra para algunos productos.<\/h4>\n<\/li>\n<li>\n<h4>\u3010Embalaje del producto\u3011Envasado en tambores de papel o bolsas de papel de aluminio (embalaje personalizado disponible a pedido del cliente)<\/h4>\n<\/li>\n<li>\n<h4>\u3010Tiempo de entrega\u3011Los productos no personalizados se enviar\u00e1n dentro de las 48 horas; el tiempo de entrega de los productos personalizados se ajustar\u00e1 seg\u00fan las necesidades reales.<\/h4>\n<\/li>\n<li>\n<h4>\u3010M\u00e9todo de embalaje\u301125 kg por tambor de papel o bolsa de papel de aluminio; el embalaje se puede ajustar seg\u00fan las condiciones reales.<\/h4>\n<\/li>\n<li>\n<h4>\u3010M\u00e9todo de transporte\u3011Log\u00edstica express nacional; el precio cotizado incluye los costos de transporte.<\/h4>\n<\/li>\n<li>\n<h4>\u3010Condiciones de almacenamiento\u3011Sellado y protegido de la luz, almacenado en un lugar seco, fresco y bien ventilado.<\/h4>\n<\/li>\n<\/ul>","protected":false},"featured_media":9951,"comment_status":"closed","ping_status":"closed","template":"","meta":[],"product_brand":[],"product_cat":[17,23],"product_tag":[],"class_list":{"0":"post-9950","1":"product","2":"type-product","3":"status-publish","4":"has-post-thumbnail","6":"product_cat-plant-extract","7":"product_cat-standard-extract","9":"first","10":"instock","11":"shipping-taxable","12":"product-type-simple"},"_links":{"self":[{"href":"https:\/\/www.hvbio.com\/es\/wp-json\/wp\/v2\/product\/9950","targetHints":{"allow":["GET"]}}],"collection":[{"href":"https:\/\/www.hvbio.com\/es\/wp-json\/wp\/v2\/product"}],"about":[{"href":"https:\/\/www.hvbio.com\/es\/wp-json\/wp\/v2\/types\/product"}],"replies":[{"embeddable":true,"href":"https:\/\/www.hvbio.com\/es\/wp-json\/wp\/v2\/comments?post=9950"}],"wp:featuredmedia":[{"embeddable":true,"href":"https:\/\/www.hvbio.com\/es\/wp-json\/wp\/v2\/media\/9951"}],"wp:attachment":[{"href":"https:\/\/www.hvbio.com\/es\/wp-json\/wp\/v2\/media?parent=9950"}],"wp:term":[{"taxonomy":"product_brand","embeddable":true,"href":"https:\/\/www.hvbio.com\/es\/wp-json\/wp\/v2\/product_brand?post=9950"},{"taxonomy":"product_cat","embeddable":true,"href":"https:\/\/www.hvbio.com\/es\/wp-json\/wp\/v2\/product_cat?post=9950"},{"taxonomy":"product_tag","embeddable":true,"href":"https:\/\/www.hvbio.com\/es\/wp-json\/wp\/v2\/product_tag?post=9950"}],"curies":[{"name":"wp","href":"https:\/\/api.w.org\/{rel}","templated":true}]}}