{"id":9956,"date":"2025-09-01T15:48:48","date_gmt":"2025-09-01T07:48:48","guid":{"rendered":"https:\/\/www.hvbio.com\/?post_type=product&#038;p=9956"},"modified":"2025-09-01T15:48:48","modified_gmt":"2025-09-01T07:48:48","slug":"buddleja-extract","status":"publish","type":"product","link":"https:\/\/www.hvbio.com\/es\/producto\/buddleja-extract\/","title":{"rendered":"Extracto de Buddleja"},"content":{"rendered":"<table style=\"height: 478px;\" width=\"1241\">\n<thead>\n<tr>\n<th><strong>Art\u00edculo<\/strong><\/th>\n<th><strong>Detalles<\/strong><\/th>\n<\/tr>\n<\/thead>\n<tbody>\n<tr>\n<td>Nombre del producto<\/td>\n<td>Extracto de Buddleja<\/td>\n<\/tr>\n<tr>\n<td>Ingredientes principales<\/td>\n<td>Flavonoides, gluc\u00f3sidos iridoides, gluc\u00f3sidos, etc.<\/td>\n<\/tr>\n<tr>\n<td>Fuente de extracci\u00f3n<\/td>\n<td>Hierba entera seca de Buddleja lindleyana Fortune (perteneciente a la familia Loganiaceae)<\/td>\n<\/tr>\n<tr>\n<td>Apariencia<\/td>\n<td>polvo marr\u00f3n<\/td>\n<\/tr>\n<tr>\n<td>M\u00e9todo de detecci\u00f3n<\/td>\n<td>TLC (cromatograf\u00eda en capa fina)<\/td>\n<\/tr>\n<tr>\n<td>Forma de dosificaci\u00f3n de la aplicaci\u00f3n<\/td>\n<td>Amplia gama de aplicaciones<\/td>\n<\/tr>\n<tr>\n<td>Tiempo de suministro<\/td>\n<td>Todo el a\u00f1o<\/td>\n<\/tr>\n<tr>\n<td>Condiciones de almacenamiento<\/td>\n<td>Conservar en un recipiente herm\u00e9tico, conservar en un lugar fresco, seco y protegido de la luz, y alejado de fuentes de calor y ambientes h\u00famedos.<\/td>\n<\/tr>\n<tr>\n<td>Duraci\u00f3n<\/td>\n<td>Dos a\u00f1os<\/td>\n<\/tr>\n<\/tbody>\n<\/table>","protected":false},"excerpt":{"rendered":"<h4 class=\"header-vfC6AV auto-hide-last-sibling-br\">Nombre del producto: Extracto de Buddleja<\/h4>\n<h4 class=\"header-vfC6AV auto-hide-last-sibling-br\">Ingredientes principales: Flavonoides, gluc\u00f3sidos iridoides, gluc\u00f3sidos, etc.<\/h4>\n<h4 class=\"header-vfC6AV auto-hide-last-sibling-br\">Fuente de extracci\u00f3n: Planta entera seca de Buddleja davidii (una planta de la familia Loganiaceae)<\/h4>\n<h4 class=\"header-vfC6AV auto-hide-last-sibling-br\">Aspecto: Polvo marr\u00f3n<\/h4>\n<h4 class=\"header-vfC6AV auto-hide-last-sibling-br\">M\u00e9todo de detecci\u00f3n: TLC (cromatograf\u00eda en capa fina)<\/h4>\n<h4 class=\"header-vfC6AV auto-hide-last-sibling-br\">Formas de dosificaci\u00f3n de aplicaci\u00f3n: Amplia gama de aplicaciones<\/h4>\n<h4 class=\"header-vfC6AV auto-hide-last-sibling-br\">Tiempo de suministro: Disponible durante todo el a\u00f1o.<\/h4>\n<h4 class=\"header-vfC6AV auto-hide-last-sibling-br\">Instrucciones de compra<\/h4>\n<ul class=\"auto-hide-last-sibling-br\">\n<li>\n<h4>\u3010M\u00e9todo de embalaje\u301125 kg por tambor de cart\u00f3n o bolsa de papel de aluminio<\/h4>\n<\/li>\n<li>\n<h4>\u3010Condiciones de almacenamiento\u3011Debe sellarse y protegerse de la luz, almacenarse en un lugar seco, fresco y bien ventilado.<\/h4>\n<\/li>\n<li>\n<h4>\u3010Vida \u00fatil\u30112 a\u00f1os<\/h4>\n<\/li>\n<li>\n<h4>\u3010Suministro de muestra\u3011Generalmente, se proporcionan entre 5 y 20 g de muestra para cada producto; se cobra una tarifa de muestra para algunos productos.<\/h4>\n<\/li>\n<li>\n<h4>\u3010Embalaje del producto\u3011Envasado en tambores de cart\u00f3n o bolsas de papel de aluminio (personalizables seg\u00fan los requisitos del cliente)<\/h4>\n<\/li>\n<li>\n<h4>\u3010Tiempo de entrega\u3011Los productos no personalizados se enviar\u00e1n dentro de las 48 horas; el tiempo de entrega de los productos personalizados se ajustar\u00e1 seg\u00fan las necesidades reales.<\/h4>\n<\/li>\n<li>\n<h4>\u3010M\u00e9todo de embalaje\u301125 kg por tambor de cart\u00f3n o bolsa de papel de aluminio; el embalaje se puede ajustar seg\u00fan las condiciones reales.<\/h4>\n<\/li>\n<li>\n<h4>\u3010M\u00e9todo de transporte\u3011Entrega expr\u00e9s nacional y log\u00edstica; el precio cotizado incluye los costos de transporte.<\/h4>\n<\/li>\n<li>\n<h4>\u3010Condiciones de almacenamiento\u3011Sellado y protegido de la luz, almacenado en un lugar seco, fresco y bien ventilado.<\/h4>\n<\/li>\n<\/ul>","protected":false},"featured_media":9957,"comment_status":"closed","ping_status":"closed","template":"","meta":[],"product_brand":[],"product_cat":[24,17],"product_tag":[],"class_list":{"0":"post-9956","1":"product","2":"type-product","3":"status-publish","4":"has-post-thumbnail","6":"product_cat-ratio-extract","7":"product_cat-plant-extract","9":"first","10":"instock","11":"shipping-taxable","12":"product-type-simple"},"_links":{"self":[{"href":"https:\/\/www.hvbio.com\/es\/wp-json\/wp\/v2\/product\/9956","targetHints":{"allow":["GET"]}}],"collection":[{"href":"https:\/\/www.hvbio.com\/es\/wp-json\/wp\/v2\/product"}],"about":[{"href":"https:\/\/www.hvbio.com\/es\/wp-json\/wp\/v2\/types\/product"}],"replies":[{"embeddable":true,"href":"https:\/\/www.hvbio.com\/es\/wp-json\/wp\/v2\/comments?post=9956"}],"wp:featuredmedia":[{"embeddable":true,"href":"https:\/\/www.hvbio.com\/es\/wp-json\/wp\/v2\/media\/9957"}],"wp:attachment":[{"href":"https:\/\/www.hvbio.com\/es\/wp-json\/wp\/v2\/media?parent=9956"}],"wp:term":[{"taxonomy":"product_brand","embeddable":true,"href":"https:\/\/www.hvbio.com\/es\/wp-json\/wp\/v2\/product_brand?post=9956"},{"taxonomy":"product_cat","embeddable":true,"href":"https:\/\/www.hvbio.com\/es\/wp-json\/wp\/v2\/product_cat?post=9956"},{"taxonomy":"product_tag","embeddable":true,"href":"https:\/\/www.hvbio.com\/es\/wp-json\/wp\/v2\/product_tag?post=9956"}],"curies":[{"name":"wp","href":"https:\/\/api.w.org\/{rel}","templated":true}]}}