{"id":9968,"date":"2025-09-01T15:59:54","date_gmt":"2025-09-01T07:59:54","guid":{"rendered":"https:\/\/www.hvbio.com\/?post_type=product&#038;p=9968"},"modified":"2025-09-01T15:59:54","modified_gmt":"2025-09-01T07:59:54","slug":"coleus-forskohlii-extract","status":"publish","type":"product","link":"https:\/\/www.hvbio.com\/es\/producto\/coleus-forskohlii-extract\/","title":{"rendered":"Extracto de Coleus Forskohlii"},"content":{"rendered":"<table style=\"height: 376px;\" width=\"1037\">\n<thead>\n<tr>\n<th><strong>Art\u00edculo<\/strong><\/th>\n<th><strong>Descripci\u00f3n<\/strong><\/th>\n<\/tr>\n<\/thead>\n<tbody>\n<tr>\n<td>Nombre del producto<\/td>\n<td>Extracto de Coleus Forskohlii<\/td>\n<\/tr>\n<tr>\n<td>Ingrediente principal<\/td>\n<td>Forskolin<\/td>\n<\/tr>\n<tr>\n<td>Fuente de extracci\u00f3n<\/td>\n<td>Derived from\u00a0<em>Coleus forskohlii<\/em>\u00a0(a plant belonging to the genus\u00a0<em>Coleus<\/em>\u00a0in the Lamiaceae family)<\/td>\n<\/tr>\n<tr>\n<td>Apariencia<\/td>\n<td>Polvo marr\u00f3n<\/td>\n<\/tr>\n<tr>\n<td>M\u00e9todo de detecci\u00f3n<\/td>\n<td>TLC (cromatograf\u00eda en capa fina)<\/td>\n<\/tr>\n<tr>\n<td>Formas de dosificaci\u00f3n de aplicaci\u00f3n<\/td>\n<td>Amplia gama de aplicaciones<\/td>\n<\/tr>\n<tr>\n<td>Tiempo de suministro<\/td>\n<td>Disponible durante todo el a\u00f1o<\/td>\n<\/tr>\n<tr>\n<td>Condiciones de almacenamiento<\/td>\n<td>Conservar en un recipiente cerrado, en un lugar fresco, seco y protegido de la luz, alejado de fuentes de calor y ambientes h\u00famedos.<\/td>\n<\/tr>\n<tr>\n<td>Duraci\u00f3n<\/td>\n<td>2 a\u00f1os<\/td>\n<\/tr>\n<\/tbody>\n<\/table>","protected":false},"excerpt":{"rendered":"<h4 class=\"header-vfC6AV auto-hide-last-sibling-br\">Product Name: Coleus Forskohlii Extract<\/h4>\n<h4 class=\"header-vfC6AV auto-hide-last-sibling-br\">Main Ingredient: Forskolin<\/h4>\n<h4 class=\"header-vfC6AV auto-hide-last-sibling-br\">Extraction Source: Derived from\u00a0<em>Coleus forskohlii<\/em>\u00a0(una planta del g\u00e9nero\u00a0<em>Coleus<\/em>\u00a0in the Lamiaceae family)<\/h4>\n<h4 class=\"header-vfC6AV auto-hide-last-sibling-br\">Aspecto: Polvo marr\u00f3n<\/h4>\n<h4 class=\"header-vfC6AV auto-hide-last-sibling-br\">M\u00e9todo de detecci\u00f3n: TLC (cromatograf\u00eda en capa fina)<\/h4>\n<h4 class=\"header-vfC6AV auto-hide-last-sibling-br\">Formas de dosificaci\u00f3n de aplicaci\u00f3n: Amplia gama de aplicaciones<\/h4>\n<h4 class=\"header-vfC6AV auto-hide-last-sibling-br\">Tiempo de suministro: Disponible durante todo el a\u00f1o.<\/h4>\n<h4 class=\"header-vfC6AV auto-hide-last-sibling-br\">Instrucciones de compra<\/h4>\n<ul class=\"auto-hide-last-sibling-br\">\n<li>\n<h4>\u3010Packaging Method\u301125 kg per cardboard drum or aluminum foil bag; packaging can be adjusted according to actual conditions.<\/h4>\n<\/li>\n<li>\n<h4>\u3010Condiciones de almacenamiento\u3011Debe sellarse y protegerse de la luz, almacenarse en un lugar seco, fresco y bien ventilado.<\/h4>\n<\/li>\n<li>\n<h4>\u3010Vida \u00fatil\u30112 a\u00f1os<\/h4>\n<\/li>\n<li>\n<h4>\u3010Sample Provision\u3011Generally, 5-20g of sample is provided for each product; a sample fee is charged for some products.<\/h4>\n<\/li>\n<li>\n<h4>\u3010Product Packaging\u3011Packaged in cardboard drums or aluminum foil bags (customizable according to customer requirements).<\/h4>\n<\/li>\n<li>\n<h4>\u3010Tiempo de entrega\u3011Los productos no personalizados se enviar\u00e1n dentro de las 48 horas; el tiempo de entrega de los productos personalizados se ajustar\u00e1 seg\u00fan las necesidades reales.<\/h4>\n<\/li>\n<li>\n<h4>\u3010M\u00e9todo de transporte\u3011Entrega expr\u00e9s nacional y log\u00edstica; el precio cotizado incluye los costos de transporte.<\/h4>\n<\/li>\n<\/ul>","protected":false},"featured_media":9969,"comment_status":"closed","ping_status":"closed","template":"","meta":[],"product_brand":[],"product_cat":[17,24],"product_tag":[],"class_list":{"0":"post-9968","1":"product","2":"type-product","3":"status-publish","4":"has-post-thumbnail","6":"product_cat-plant-extract","7":"product_cat-ratio-extract","9":"first","10":"instock","11":"shipping-taxable","12":"product-type-simple"},"_links":{"self":[{"href":"https:\/\/www.hvbio.com\/es\/wp-json\/wp\/v2\/product\/9968","targetHints":{"allow":["GET"]}}],"collection":[{"href":"https:\/\/www.hvbio.com\/es\/wp-json\/wp\/v2\/product"}],"about":[{"href":"https:\/\/www.hvbio.com\/es\/wp-json\/wp\/v2\/types\/product"}],"replies":[{"embeddable":true,"href":"https:\/\/www.hvbio.com\/es\/wp-json\/wp\/v2\/comments?post=9968"}],"wp:featuredmedia":[{"embeddable":true,"href":"https:\/\/www.hvbio.com\/es\/wp-json\/wp\/v2\/media\/9969"}],"wp:attachment":[{"href":"https:\/\/www.hvbio.com\/es\/wp-json\/wp\/v2\/media?parent=9968"}],"wp:term":[{"taxonomy":"product_brand","embeddable":true,"href":"https:\/\/www.hvbio.com\/es\/wp-json\/wp\/v2\/product_brand?post=9968"},{"taxonomy":"product_cat","embeddable":true,"href":"https:\/\/www.hvbio.com\/es\/wp-json\/wp\/v2\/product_cat?post=9968"},{"taxonomy":"product_tag","embeddable":true,"href":"https:\/\/www.hvbio.com\/es\/wp-json\/wp\/v2\/product_tag?post=9968"}],"curies":[{"name":"wp","href":"https:\/\/api.w.org\/{rel}","templated":true}]}}