{"id":9979,"date":"2025-09-01T16:08:17","date_gmt":"2025-09-01T08:08:17","guid":{"rendered":"https:\/\/www.hvbio.com\/?post_type=product&#038;p=9979"},"modified":"2025-09-01T16:08:18","modified_gmt":"2025-09-01T08:08:18","slug":"psoralea-corylifolia-extract","status":"publish","type":"product","link":"https:\/\/www.hvbio.com\/es\/producto\/psoralea-corylifolia-extract\/","title":{"rendered":"Extracto de Psoralea corylifolia"},"content":{"rendered":"<table>\n<thead>\n<tr>\n<th>Art\u00edculo<\/th>\n<th>Descripci\u00f3n<\/th>\n<\/tr>\n<\/thead>\n<tbody>\n<tr>\n<td>Nombre del producto<\/td>\n<td>Extracto de Psoralea Corylifolia<br class=\"container-Uxvbjy wrapper-GYqxgQ undefined\" \/><br class=\"container-Uxvbjy wrapper-GYqxgQ undefined\" \/>Psoralea corylifolia Linn. (nombre cient\u00edfico), tambi\u00e9n conocida como Poguzhi, Poguzhi (nombres alternativos en chino) o Hujiezi. Pertenece al orden Rosales, familia Fabaceae, y es una hierba anual erecta de 60-150 cm de altura. Las hojas son simples, de 7-8 mm de largo; los pec\u00edolos miden de 2 a 4,5 cm de largo, y las hojas son ampliamente ovadas. Las inflorescencias son axilares, con 10-30 flores; las corolas son amarillas o azules; los p\u00e9talos tienen una garra evidente y los p\u00e9talos est\u00e1ndar son obovados. Las legumbres son ovadas.<\/td>\n<\/tr>\n<tr>\n<td>Nombre en ingl\u00e9s<\/td>\n<td>Extracto de Fructus psoraleae<\/td>\n<\/tr>\n<tr>\n<td>Especificaci\u00f3n<\/td>\n<td>1:1<\/td>\n<\/tr>\n<tr>\n<td>Apariencia<\/td>\n<td>Polvo de color marr\u00f3n amarillento<\/td>\n<\/tr>\n<tr>\n<td>Fuente de extracci\u00f3n<\/td>\n<td>semillas maduras<\/td>\n<\/tr>\n<tr>\n<td>Duraci\u00f3n<\/td>\n<td>24 meses<\/td>\n<\/tr>\n<tr>\n<td>Express y Log\u00edstica<\/td>\n<td>Env\u00edo expr\u00e9s o log\u00edstica. El env\u00edo expr\u00e9s nacional suele llegar en 3 d\u00edas, mientras que el env\u00edo log\u00edstico suele llegar en 5 d\u00edas. El presupuesto generalmente incluye los costos de transporte nacional.<\/td>\n<\/tr>\n<tr>\n<td>Disposici\u00f3n de muestra<\/td>\n<td>Generalmente, se proporcionan muestras peque\u00f1as de 5 a 20 g de los productos; algunos productos cobran una tarifa de muestra.<\/td>\n<\/tr>\n<tr>\n<td>Embalaje del producto<\/td>\n<td>Embalaje en tambor de papel o bolsa de papel de aluminio (el embalaje se puede personalizar seg\u00fan los requisitos del cliente)<\/td>\n<\/tr>\n<\/tbody>\n<\/table>","protected":false},"excerpt":{"rendered":"<p>Item Description Product Name Psoralea Corylifolia ExtractPsoralea corylifolia Linn. (scientific name), also known as Poguzhi, Poguzhi (alternative Chinese names), or<\/p>","protected":false},"featured_media":9980,"comment_status":"closed","ping_status":"closed","template":"","meta":[],"product_brand":[],"product_cat":[17,24],"product_tag":[],"class_list":{"0":"post-9979","1":"product","2":"type-product","3":"status-publish","4":"has-post-thumbnail","6":"product_cat-plant-extract","7":"product_cat-ratio-extract","9":"first","10":"instock","11":"shipping-taxable","12":"product-type-simple"},"_links":{"self":[{"href":"https:\/\/www.hvbio.com\/es\/wp-json\/wp\/v2\/product\/9979","targetHints":{"allow":["GET"]}}],"collection":[{"href":"https:\/\/www.hvbio.com\/es\/wp-json\/wp\/v2\/product"}],"about":[{"href":"https:\/\/www.hvbio.com\/es\/wp-json\/wp\/v2\/types\/product"}],"replies":[{"embeddable":true,"href":"https:\/\/www.hvbio.com\/es\/wp-json\/wp\/v2\/comments?post=9979"}],"wp:featuredmedia":[{"embeddable":true,"href":"https:\/\/www.hvbio.com\/es\/wp-json\/wp\/v2\/media\/9980"}],"wp:attachment":[{"href":"https:\/\/www.hvbio.com\/es\/wp-json\/wp\/v2\/media?parent=9979"}],"wp:term":[{"taxonomy":"product_brand","embeddable":true,"href":"https:\/\/www.hvbio.com\/es\/wp-json\/wp\/v2\/product_brand?post=9979"},{"taxonomy":"product_cat","embeddable":true,"href":"https:\/\/www.hvbio.com\/es\/wp-json\/wp\/v2\/product_cat?post=9979"},{"taxonomy":"product_tag","embeddable":true,"href":"https:\/\/www.hvbio.com\/es\/wp-json\/wp\/v2\/product_tag?post=9979"}],"curies":[{"name":"wp","href":"https:\/\/api.w.org\/{rel}","templated":true}]}}