{"id":9986,"date":"2025-09-01T16:20:45","date_gmt":"2025-09-01T08:20:45","guid":{"rendered":"https:\/\/www.hvbio.com\/?post_type=product&#038;p=9986"},"modified":"2025-09-01T16:20:46","modified_gmt":"2025-09-01T08:20:46","slug":"fenugreek-extract","status":"publish","type":"product","link":"https:\/\/www.hvbio.com\/es\/producto\/fenugreek-extract\/","title":{"rendered":"extracto de fenogreco"},"content":{"rendered":"<table>\n<thead>\n<tr>\n<th><strong>Art\u00edculo<\/strong><\/th>\n<th><strong>Detalles<\/strong><\/th>\n<\/tr>\n<\/thead>\n<tbody>\n<tr>\n<td>Nombre del producto<\/td>\n<td>extracto de fenogreco<\/td>\n<\/tr>\n<tr>\n<td>Ingredientes principales<\/td>\n<td>Alcaloides, saponinas, flavonoides<\/td>\n<\/tr>\n<tr>\n<td>Fuente de extracci\u00f3n<\/td>\n<td>El extracto se deriva de las semillas maduras de\u00a0<em>Trigonella foenum-graecum<\/em>\u00a0L. (una planta del g\u00e9nero\u00a0<em>Trigonella<\/em>\u00a0en la familia Fabaceae)<\/td>\n<\/tr>\n<tr>\n<td>Apariencia<\/td>\n<td>Polvo de color amarillo parduzco claro<\/td>\n<\/tr>\n<tr>\n<td>M\u00e9todo de detecci\u00f3n<\/td>\n<td>TLC (cromatograf\u00eda en capa fina)<\/td>\n<\/tr>\n<tr>\n<td>Formas de dosificaci\u00f3n de aplicaci\u00f3n<\/td>\n<td>Amplia gama de aplicaciones<\/td>\n<\/tr>\n<tr>\n<td>Tiempo de suministro<\/td>\n<td>Disponible durante todo el a\u00f1o<\/td>\n<\/tr>\n<tr>\n<td>Condiciones de almacenamiento<\/td>\n<td>Conservar en un recipiente herm\u00e9tico, conservar en un lugar fresco, seco y protegido de la luz, y alejado de fuentes de calor y ambientes h\u00famedos.<\/td>\n<\/tr>\n<tr>\n<td>Duraci\u00f3n<\/td>\n<td>Dos a\u00f1os<\/td>\n<\/tr>\n<\/tbody>\n<\/table>","protected":false},"excerpt":{"rendered":"<h3 class=\"header-vfC6AV auto-hide-last-sibling-br\">Nombre del producto: Extracto de fenogreco<\/h3>\n<h3 class=\"header-vfC6AV auto-hide-last-sibling-br\">Ingredientes principales: alcaloides, saponinas, flavonoides.<\/h3>\n<h3 class=\"header-vfC6AV auto-hide-last-sibling-br\">Fuente de extracci\u00f3n: El extracto se deriva de las semillas maduras de\u00a0<em>Trigonella foenum-graecum<\/em>\u00a0L. (una planta del g\u00e9nero\u00a0<em>Trigonella<\/em>\u00a0en la familia Fabaceae)<\/h3>\n<h3 class=\"header-vfC6AV auto-hide-last-sibling-br\">Aspecto: Polvo de color amarillo parduzco claro<\/h3>\n<h3 class=\"header-vfC6AV auto-hide-last-sibling-br\">M\u00e9todo de detecci\u00f3n: TLC (cromatograf\u00eda en capa fina)<\/h3>\n<h3 class=\"header-vfC6AV auto-hide-last-sibling-br\">Formas de dosificaci\u00f3n de aplicaci\u00f3n: Amplia gama de aplicaciones<\/h3>\n<h3 class=\"header-vfC6AV auto-hide-last-sibling-br\">Tiempo de suministro: Disponible durante todo el a\u00f1o.<\/h3>\n<h3 class=\"header-vfC6AV auto-hide-last-sibling-br\">Notas de compra<\/h3>\n<ul class=\"auto-hide-last-sibling-br\">\n<li>\n<h3><strong>M\u00e9todo de embalaje<\/strong>:25 kg por bid\u00f3n de cart\u00f3n o bolsa de papel de aluminio<\/h3>\n<\/li>\n<li>\n<h3><strong>Condiciones de almacenamiento<\/strong>:Debe sellarse y protegerse de la luz, y almacenarse en un lugar seco, fresco y bien ventilado.<\/h3>\n<\/li>\n<li>\n<h3><strong>Duraci\u00f3n<\/strong>: 2 a\u00f1os<\/h3>\n<\/li>\n<li>\n<h3><strong>Disposici\u00f3n de muestra<\/strong>:Generalmente, se proporcionan entre 5 y 20 g de muestra para el producto; se cobra una tarifa de muestra para algunos productos.<\/h3>\n<\/li>\n<li>\n<h3><strong>Embalaje del producto<\/strong>:Envasado en tambores de cart\u00f3n o bolsas de papel de aluminio (el embalaje se puede personalizar seg\u00fan los requisitos del cliente)<\/h3>\n<\/li>\n<li>\n<h3><strong>El tiempo de entrega<\/strong>:Los productos no personalizados se enviar\u00e1n dentro de las 48 horas; el tiempo de entrega de los productos personalizados se ajustar\u00e1 seg\u00fan las necesidades reales.<\/h3>\n<\/li>\n<li>\n<h3><strong>M\u00e9todo de embalaje<\/strong>:25 kg por tambor de cart\u00f3n o bolsa de papel de aluminio; el embalaje se puede ajustar seg\u00fan las condiciones reales.<\/h3>\n<\/li>\n<li>\n<h3><strong>M\u00e9todo de transporte<\/strong>:Env\u00edo expr\u00e9s nacional o log\u00edstica, el precio cotizado incluye los gastos de transporte.<\/h3>\n<\/li>\n<li>\n<h3><strong>Condiciones de almacenamiento<\/strong>:Sellado y protegido de la luz, almacenado en un lugar seco, fresco y bien ventilado.<\/h3>\n<\/li>\n<\/ul>","protected":false},"featured_media":9987,"comment_status":"closed","ping_status":"closed","template":"","meta":[],"product_brand":[],"product_cat":[17,24],"product_tag":[],"class_list":{"0":"post-9986","1":"product","2":"type-product","3":"status-publish","4":"has-post-thumbnail","6":"product_cat-plant-extract","7":"product_cat-ratio-extract","9":"first","10":"instock","11":"shipping-taxable","12":"product-type-simple"},"_links":{"self":[{"href":"https:\/\/www.hvbio.com\/es\/wp-json\/wp\/v2\/product\/9986","targetHints":{"allow":["GET"]}}],"collection":[{"href":"https:\/\/www.hvbio.com\/es\/wp-json\/wp\/v2\/product"}],"about":[{"href":"https:\/\/www.hvbio.com\/es\/wp-json\/wp\/v2\/types\/product"}],"replies":[{"embeddable":true,"href":"https:\/\/www.hvbio.com\/es\/wp-json\/wp\/v2\/comments?post=9986"}],"wp:featuredmedia":[{"embeddable":true,"href":"https:\/\/www.hvbio.com\/es\/wp-json\/wp\/v2\/media\/9987"}],"wp:attachment":[{"href":"https:\/\/www.hvbio.com\/es\/wp-json\/wp\/v2\/media?parent=9986"}],"wp:term":[{"taxonomy":"product_brand","embeddable":true,"href":"https:\/\/www.hvbio.com\/es\/wp-json\/wp\/v2\/product_brand?post=9986"},{"taxonomy":"product_cat","embeddable":true,"href":"https:\/\/www.hvbio.com\/es\/wp-json\/wp\/v2\/product_cat?post=9986"},{"taxonomy":"product_tag","embeddable":true,"href":"https:\/\/www.hvbio.com\/es\/wp-json\/wp\/v2\/product_tag?post=9986"}],"curies":[{"name":"wp","href":"https:\/\/api.w.org\/{rel}","templated":true}]}}