{"id":10020,"date":"2025-09-01T16:46:04","date_gmt":"2025-09-01T08:46:04","guid":{"rendered":"https:\/\/www.hvbio.com\/?post_type=product&#038;p=10020"},"modified":"2025-09-01T16:46:04","modified_gmt":"2025-09-01T08:46:04","slug":"polygala-fallax-hemsl-extract","status":"publish","type":"product","link":"https:\/\/www.hvbio.com\/fr\/produit\/polygala-fallax-hemsl-extract\/","title":{"rendered":"Extrait de Polygala fallax Hemsl."},"content":{"rendered":"<table>\n<thead>\n<tr>\n<th><strong>Article<\/strong><\/th>\n<th><strong>D\u00e9tails<\/strong><\/th>\n<\/tr>\n<\/thead>\n<tbody>\n<tr>\n<td><strong>Nom du produit<\/strong><\/td>\n<td>Extrait de Polygala fallax Hemsl.<\/td>\n<\/tr>\n<tr>\n<td><strong>Alias<\/strong><\/td>\n<td>Polygale \u00e0 fleurs jaunes, Polygale \u00e0 queue dor\u00e9e, Fleur jaune suspendue<\/td>\n<\/tr>\n<tr>\n<td><strong>Nom latin<\/strong><\/td>\n<td>Polygala aureocauda Dunn<\/td>\n<\/tr>\n<tr>\n<td><strong>Sp\u00e9cifications du produit<\/strong><\/td>\n<td>1:1<\/td>\n<\/tr>\n<tr>\n<td><strong>M\u00e9thode d&#039;essai<\/strong><\/td>\n<td>TLC<\/td>\n<\/tr>\n<tr>\n<td><strong>Apparence<\/strong><\/td>\n<td>Poudre jaune brun\u00e2tre<\/td>\n<\/tr>\n<tr>\n<td><strong>Taille des mailles<\/strong><\/td>\n<td>100% Pass 80 Mesh<\/td>\n<\/tr>\n<tr>\n<td><strong>Sp\u00e9cifications d&#039;emballage<\/strong><\/td>\n<td>Sac en aluminium de 1 kg, f\u00fbt en papier de 25 kg ou emballage personnalis\u00e9 selon les exigences du client<\/td>\n<\/tr>\n<tr>\n<td><strong>M\u00e9thode de stockage<\/strong><\/td>\n<td>Conserver dans un endroit frais et sec, ferm\u00e9 herm\u00e9tiquement, \u00e0 temp\u00e9rature ambiante.<\/td>\n<\/tr>\n<tr>\n<td><strong>Dur\u00e9e de conservation<\/strong><\/td>\n<td>24 mois<\/td>\n<\/tr>\n<tr>\n<td><strong>Express\/Logistique<\/strong><\/td>\n<td>Livraison express ou logistique. Le d\u00e9lai de livraison est g\u00e9n\u00e9ralement de 3 jours pour les livraisons express nationales, et de 5 jours pour les livraisons logistiques. Les devis incluent g\u00e9n\u00e9ralement les frais de transport nationaux.<\/td>\n<\/tr>\n<tr>\n<td><strong>Exemple de disposition<\/strong><\/td>\n<td>En g\u00e9n\u00e9ral, des \u00e9chantillons de 5 \u00e0 20 g sont fournis pour la plupart des produits\u00a0; des frais d&#039;\u00e9chantillons sont factur\u00e9s pour certains produits.<\/td>\n<\/tr>\n<\/tbody>\n<\/table>","protected":false},"excerpt":{"rendered":"<p>Extrait de Polygala fallax Hemsl.<\/p>\n<p>Couleur\u00a0: Se pr\u00e9sente g\u00e9n\u00e9ralement sous forme de poudre fine brune \u00e0 brun fonc\u00e9 ou d&#039;extrait visqueux. La teinte exacte peut varier l\u00e9g\u00e8rement selon les solvants d&#039;extraction (par exemple, eau, \u00e9thanol), la concentration et les m\u00e9thodes de s\u00e9chage post-traitement.<br \/>\n\u2022 Dur\u00e9e de conservation\u00a0: G\u00e9n\u00e9ralement 24\u00a0mois dans des conditions de stockage appropri\u00e9es. Le produit doit \u00eatre conserv\u00e9 dans un environnement frais (15-25\u00a0\u00b0C), sec et bien ventil\u00e9, dans un emballage herm\u00e9tique pour \u00e9viter l\u2019absorption d\u2019humidit\u00e9, l\u2019exposition \u00e0 la lumi\u00e8re et le contact avec l\u2019oxyg\u00e8ne, qui pourraient d\u00e9grader les principes actifs.<br \/>\n\u2022 M\u00e9thodes de d\u00e9tection courantes :<br \/>\n\u25e6 Chromatographie sur couche mince (CCM) : Utilis\u00e9e pour l&#039;identification qualitative. En comparant les taches chromatographiques de l&#039;extrait \u00e0 celles de substances de r\u00e9f\u00e9rence standard (par exemple, saponines ou flavono\u00efdes caract\u00e9ristiques des esp\u00e8ces de Polygala), elle confirme l&#039;authenticit\u00e9 de l&#039;extrait et exclut toute falsification.<\/p>","protected":false},"featured_media":10021,"comment_status":"closed","ping_status":"closed","template":"","meta":[],"product_brand":[],"product_cat":[24,17],"product_tag":[],"class_list":{"0":"post-10020","1":"product","2":"type-product","3":"status-publish","4":"has-post-thumbnail","6":"product_cat-ratio-extract","7":"product_cat-plant-extract","9":"first","10":"instock","11":"shipping-taxable","12":"product-type-simple"},"_links":{"self":[{"href":"https:\/\/www.hvbio.com\/fr\/wp-json\/wp\/v2\/product\/10020","targetHints":{"allow":["GET"]}}],"collection":[{"href":"https:\/\/www.hvbio.com\/fr\/wp-json\/wp\/v2\/product"}],"about":[{"href":"https:\/\/www.hvbio.com\/fr\/wp-json\/wp\/v2\/types\/product"}],"replies":[{"embeddable":true,"href":"https:\/\/www.hvbio.com\/fr\/wp-json\/wp\/v2\/comments?post=10020"}],"wp:featuredmedia":[{"embeddable":true,"href":"https:\/\/www.hvbio.com\/fr\/wp-json\/wp\/v2\/media\/10021"}],"wp:attachment":[{"href":"https:\/\/www.hvbio.com\/fr\/wp-json\/wp\/v2\/media?parent=10020"}],"wp:term":[{"taxonomy":"product_brand","embeddable":true,"href":"https:\/\/www.hvbio.com\/fr\/wp-json\/wp\/v2\/product_brand?post=10020"},{"taxonomy":"product_cat","embeddable":true,"href":"https:\/\/www.hvbio.com\/fr\/wp-json\/wp\/v2\/product_cat?post=10020"},{"taxonomy":"product_tag","embeddable":true,"href":"https:\/\/www.hvbio.com\/fr\/wp-json\/wp\/v2\/product_tag?post=10020"}],"curies":[{"name":"wp","href":"https:\/\/api.w.org\/{rel}","templated":true}]}}