{"id":10032,"date":"2025-09-01T16:51:53","date_gmt":"2025-09-01T08:51:53","guid":{"rendered":"https:\/\/www.hvbio.com\/?post_type=product&#038;p=10032"},"modified":"2025-09-01T16:51:53","modified_gmt":"2025-09-01T08:51:53","slug":"picrorhiza-extract","status":"publish","type":"product","link":"https:\/\/www.hvbio.com\/fr\/produit\/picrorhiza-extract\/","title":{"rendered":"Extrait de Picrorhiza"},"content":{"rendered":"<table>\n<thead>\n<tr>\n<th>Article<\/th>\n<th>Description<\/th>\n<\/tr>\n<\/thead>\n<tbody>\n<tr>\n<td><strong>Nom du produit<\/strong><\/td>\n<td>Extrait de Picrorhiza<\/td>\n<\/tr>\n<tr>\n<td><strong>Nom latin<\/strong><\/td>\n<td>Rhizoma Picrorhizae<\/td>\n<\/tr>\n<tr>\n<td><strong>Source d&#039;extraction<\/strong><\/td>\n<td>Ce produit est d\u00e9riv\u00e9 du rhizome s\u00e9ch\u00e9 de\u00a0<em>Picrorhiza scrophulariiflora<\/em>\u00a0Pennell (une plante appartenant \u00e0 la famille des Scrophulariac\u00e9es).<\/td>\n<\/tr>\n<tr>\n<td><strong>Composition chimique<\/strong><\/td>\n<td>Extrait de rhizome de Picrorhiza<\/td>\n<\/tr>\n<tr>\n<td><strong>Sp\u00e9cifications du produit<\/strong><\/td>\n<td>1:1<\/td>\n<\/tr>\n<tr>\n<td><strong>Couleur et caract\u00e8re<\/strong><\/td>\n<td>Poudre fine brune<\/td>\n<\/tr>\n<tr>\n<td><strong>M\u00e9thode d&#039;essai<\/strong><\/td>\n<td>CCM (chromatographie sur couche mince)<\/td>\n<\/tr>\n<tr>\n<td><strong>Taille des mailles du produit<\/strong><\/td>\n<td>98% passe \u00e0 travers un tamis de 80 mesh<\/td>\n<\/tr>\n<tr>\n<td><strong>M\u00e9thode d&#039;emballage<\/strong><\/td>\n<td>25 kg par f\u00fbt en papier ou sac en aluminium<\/td>\n<\/tr>\n<tr>\n<td><strong>Conditions de stockage<\/strong><\/td>\n<td>Doit \u00eatre scell\u00e9 et prot\u00e9g\u00e9 de la lumi\u00e8re, conserv\u00e9 dans un endroit sec, frais et bien ventil\u00e9<\/td>\n<\/tr>\n<\/tbody>\n<\/table>","protected":false},"excerpt":{"rendered":"<p>Description de l&#039;article Nom du produit Extrait de Picrorhiza Nom latin Rhizoma Picrorhizae Source d&#039;extraction Ce produit est d\u00e9riv\u00e9 du rhizome s\u00e9ch\u00e9<\/p>","protected":false},"featured_media":10033,"comment_status":"closed","ping_status":"closed","template":"","meta":[],"product_brand":[],"product_cat":[17,24],"product_tag":[],"class_list":{"0":"post-10032","1":"product","2":"type-product","3":"status-publish","4":"has-post-thumbnail","6":"product_cat-plant-extract","7":"product_cat-ratio-extract","9":"first","10":"instock","11":"shipping-taxable","12":"product-type-simple"},"_links":{"self":[{"href":"https:\/\/www.hvbio.com\/fr\/wp-json\/wp\/v2\/product\/10032","targetHints":{"allow":["GET"]}}],"collection":[{"href":"https:\/\/www.hvbio.com\/fr\/wp-json\/wp\/v2\/product"}],"about":[{"href":"https:\/\/www.hvbio.com\/fr\/wp-json\/wp\/v2\/types\/product"}],"replies":[{"embeddable":true,"href":"https:\/\/www.hvbio.com\/fr\/wp-json\/wp\/v2\/comments?post=10032"}],"wp:featuredmedia":[{"embeddable":true,"href":"https:\/\/www.hvbio.com\/fr\/wp-json\/wp\/v2\/media\/10033"}],"wp:attachment":[{"href":"https:\/\/www.hvbio.com\/fr\/wp-json\/wp\/v2\/media?parent=10032"}],"wp:term":[{"taxonomy":"product_brand","embeddable":true,"href":"https:\/\/www.hvbio.com\/fr\/wp-json\/wp\/v2\/product_brand?post=10032"},{"taxonomy":"product_cat","embeddable":true,"href":"https:\/\/www.hvbio.com\/fr\/wp-json\/wp\/v2\/product_cat?post=10032"},{"taxonomy":"product_tag","embeddable":true,"href":"https:\/\/www.hvbio.com\/fr\/wp-json\/wp\/v2\/product_tag?post=10032"}],"curies":[{"name":"wp","href":"https:\/\/api.w.org\/{rel}","templated":true}]}}