{"id":10039,"date":"2025-09-01T17:00:02","date_gmt":"2025-09-01T09:00:02","guid":{"rendered":"https:\/\/www.hvbio.com\/?post_type=product&#038;p=10039"},"modified":"2025-09-01T17:00:02","modified_gmt":"2025-09-01T09:00:02","slug":"peach-kernel-extract","status":"publish","type":"product","link":"https:\/\/www.hvbio.com\/fr\/produit\/peach-kernel-extract\/","title":{"rendered":"Extrait de noyau de p\u00eache"},"content":{"rendered":"<table>\n<thead>\n<tr>\n<th>Article<\/th>\n<th>D\u00e9tails<\/th>\n<\/tr>\n<\/thead>\n<tbody>\n<tr>\n<td>Nom du produit<\/td>\n<td>Extrait de noyau de p\u00eache<\/td>\n<\/tr>\n<tr>\n<td>Source v\u00e9g\u00e9tale<\/td>\n<td>Mature seeds of\u00a0<em>Prunus persica<\/em>\u00a0(L.) Batsch (Rosaceae family)<\/td>\n<\/tr>\n<tr>\n<td>Extraction Method<\/td>\n<td>Heating Reflux Extraction<\/td>\n<\/tr>\n<tr>\n<td>Solvant d&#039;extraction<\/td>\n<td>Water<\/td>\n<\/tr>\n<tr>\n<td>Drying Method<\/td>\n<td>Spray Drying<\/td>\n<\/tr>\n<tr>\n<td>Ingr\u00e9dients actifs<\/td>\n<td>Contains amygdalin, emulsin, fatty oil, etc.<\/td>\n<\/tr>\n<tr>\n<td>Caract\u00e8re du produit<\/td>\n<td>Water-soluble brown powder<\/td>\n<\/tr>\n<tr>\n<td>Taille des particules<\/td>\n<td>Passes 80 mesh<\/td>\n<\/tr>\n<tr>\n<td>M\u00e9thode de d\u00e9tection<\/td>\n<td>CCM (chromatographie sur couche mince)<\/td>\n<\/tr>\n<tr>\n<td>Conditions de stockage<\/td>\n<td>Sealed and protected from light; stored in a dry, cool and well-ventilated place<\/td>\n<\/tr>\n<tr>\n<td>Conditionnement<\/td>\n<td>25kg fixed-quantity packaging or customized packaging as per customer requirements<\/td>\n<\/tr>\n<tr>\n<td>Dur\u00e9e de conservation<\/td>\n<td>2 ans<\/td>\n<\/tr>\n<tr>\n<td>M\u00e9thode d&#039;emballage<\/td>\n<td>25 kg\/f\u00fbt en carton ou sac en aluminium<\/td>\n<\/tr>\n<\/tbody>\n<\/table>","protected":false},"excerpt":{"rendered":"<p>D\u00e9tails de l&#039;article Nom du produit Extrait de noyau de p\u00eache Source v\u00e9g\u00e9tale Graines matures de Prunus persica (L.) Batsch (famille des Rosac\u00e9es) M\u00e9thode d&#039;extraction Chauffage Reflux<\/p>","protected":false},"featured_media":10040,"comment_status":"closed","ping_status":"closed","template":"","meta":[],"product_brand":[],"product_cat":[17,24],"product_tag":[],"class_list":{"0":"post-10039","1":"product","2":"type-product","3":"status-publish","4":"has-post-thumbnail","6":"product_cat-plant-extract","7":"product_cat-ratio-extract","9":"first","10":"instock","11":"shipping-taxable","12":"product-type-simple"},"_links":{"self":[{"href":"https:\/\/www.hvbio.com\/fr\/wp-json\/wp\/v2\/product\/10039","targetHints":{"allow":["GET"]}}],"collection":[{"href":"https:\/\/www.hvbio.com\/fr\/wp-json\/wp\/v2\/product"}],"about":[{"href":"https:\/\/www.hvbio.com\/fr\/wp-json\/wp\/v2\/types\/product"}],"replies":[{"embeddable":true,"href":"https:\/\/www.hvbio.com\/fr\/wp-json\/wp\/v2\/comments?post=10039"}],"wp:featuredmedia":[{"embeddable":true,"href":"https:\/\/www.hvbio.com\/fr\/wp-json\/wp\/v2\/media\/10040"}],"wp:attachment":[{"href":"https:\/\/www.hvbio.com\/fr\/wp-json\/wp\/v2\/media?parent=10039"}],"wp:term":[{"taxonomy":"product_brand","embeddable":true,"href":"https:\/\/www.hvbio.com\/fr\/wp-json\/wp\/v2\/product_brand?post=10039"},{"taxonomy":"product_cat","embeddable":true,"href":"https:\/\/www.hvbio.com\/fr\/wp-json\/wp\/v2\/product_cat?post=10039"},{"taxonomy":"product_tag","embeddable":true,"href":"https:\/\/www.hvbio.com\/fr\/wp-json\/wp\/v2\/product_tag?post=10039"}],"curies":[{"name":"wp","href":"https:\/\/api.w.org\/{rel}","templated":true}]}}