{"id":10067,"date":"2025-09-11T10:16:49","date_gmt":"2025-09-11T02:16:49","guid":{"rendered":"https:\/\/www.hvbio.com\/?post_type=product&#038;p=10067"},"modified":"2025-09-11T10:16:50","modified_gmt":"2025-09-11T02:16:50","slug":"vanilla-extract","status":"publish","type":"product","link":"https:\/\/www.hvbio.com\/fr\/produit\/vanilla-extract\/","title":{"rendered":"Extrait de vanille"},"content":{"rendered":"<table>\n<tbody>\n<tr>\n<td>Nom du produit<\/td>\n<td>Extrait de vanille<\/td>\n<\/tr>\n<tr>\n<td>Caract\u00e9ristiques morphologiques<\/td>\n<td>Une plante au parfum unique et \u00e0 la petite taille<\/td>\n<\/tr>\n<tr>\n<td>Origine et distribution<\/td>\n<td>Pousse principalement en Europe de l&#039;Est et dans les zones humides de Ta\u00efwan, en Chine<\/td>\n<\/tr>\n<tr>\n<td>Sp\u00e9cification<\/td>\n<td>1:1. Pour d&#039;autres sp\u00e9cifications, veuillez contacter le service client pour consultation.<\/td>\n<\/tr>\n<tr>\n<td>Propri\u00e9t\u00e9s<\/td>\n<td>Poudre brune, hygroscopique, facilement soluble dans l&#039;eau, test\u00e9e par CCM.<\/td>\n<\/tr>\n<tr>\n<td>Taille des mailles du produit<\/td>\n<td>98% passe \u00e0 travers un tamis de 80 mesh<\/td>\n<\/tr>\n<tr>\n<td>M\u00e9thode d&#039;emballage<\/td>\n<td>25 kg par f\u00fbt en papier ou sac en aluminium<\/td>\n<\/tr>\n<tr>\n<td>Conditions de stockage<\/td>\n<td>Doit \u00eatre scell\u00e9 et prot\u00e9g\u00e9 de la lumi\u00e8re, conserv\u00e9 dans un endroit sec, frais et bien ventil\u00e9<\/td>\n<\/tr>\n<tr>\n<td>Dur\u00e9e de conservation<\/td>\n<td>Deux ans<\/td>\n<\/tr>\n<\/tbody>\n<\/table>","protected":false},"excerpt":{"rendered":"<p>Extrait de vanille\u00a0: Il se pr\u00e9sente sous forme de poudre brune, dont la dur\u00e9e de conservation est de deux ans. Sa m\u00e9thode de d\u00e9tection est la chromatographie sur couche mince (CCM).<\/p>","protected":false},"featured_media":10068,"comment_status":"closed","ping_status":"closed","template":"","meta":[],"product_brand":[],"product_cat":[17,24],"product_tag":[],"class_list":{"0":"post-10067","1":"product","2":"type-product","3":"status-publish","4":"has-post-thumbnail","6":"product_cat-plant-extract","7":"product_cat-ratio-extract","9":"first","10":"instock","11":"shipping-taxable","12":"product-type-simple"},"_links":{"self":[{"href":"https:\/\/www.hvbio.com\/fr\/wp-json\/wp\/v2\/product\/10067","targetHints":{"allow":["GET"]}}],"collection":[{"href":"https:\/\/www.hvbio.com\/fr\/wp-json\/wp\/v2\/product"}],"about":[{"href":"https:\/\/www.hvbio.com\/fr\/wp-json\/wp\/v2\/types\/product"}],"replies":[{"embeddable":true,"href":"https:\/\/www.hvbio.com\/fr\/wp-json\/wp\/v2\/comments?post=10067"}],"wp:featuredmedia":[{"embeddable":true,"href":"https:\/\/www.hvbio.com\/fr\/wp-json\/wp\/v2\/media\/10068"}],"wp:attachment":[{"href":"https:\/\/www.hvbio.com\/fr\/wp-json\/wp\/v2\/media?parent=10067"}],"wp:term":[{"taxonomy":"product_brand","embeddable":true,"href":"https:\/\/www.hvbio.com\/fr\/wp-json\/wp\/v2\/product_brand?post=10067"},{"taxonomy":"product_cat","embeddable":true,"href":"https:\/\/www.hvbio.com\/fr\/wp-json\/wp\/v2\/product_cat?post=10067"},{"taxonomy":"product_tag","embeddable":true,"href":"https:\/\/www.hvbio.com\/fr\/wp-json\/wp\/v2\/product_tag?post=10067"}],"curies":[{"name":"wp","href":"https:\/\/api.w.org\/{rel}","templated":true}]}}