{"id":10095,"date":"2025-09-11T10:26:47","date_gmt":"2025-09-11T02:26:47","guid":{"rendered":"https:\/\/www.hvbio.com\/?post_type=product&#038;p=10095"},"modified":"2025-09-11T10:26:48","modified_gmt":"2025-09-11T02:26:48","slug":"spring-erythrina-extract","status":"publish","type":"product","link":"https:\/\/www.hvbio.com\/fr\/produit\/spring-erythrina-extract\/","title":{"rendered":"Extrait d&#039;\u00e9rythrine de printemps"},"content":{"rendered":"<table>\n<tbody>\n<tr>\n<td>Nom du produit<\/td>\n<td>Extrait d&#039;\u00e9rythrine de printemps<\/td>\n<\/tr>\n<tr>\n<td>Nom anglais<\/td>\n<td>Extrait de cortex pittosporum<\/td>\n<\/tr>\n<tr>\n<td>Noms alternatifs des mati\u00e8res premi\u00e8res<\/td>\n<td>\u00c9corce de Dingtong, \u00e9corce de Gutong, \u00e9corce de Ding, \u00e9corce d&#039;Erythrina, Citong, herbe \u00e0 rebouteux, hibiscus des montagnes, Tiku, arbre Kongtong, bois de Jitong<\/td>\n<\/tr>\n<tr>\n<td>Source d&#039;extraction<\/td>\n<td>Extrait de l&#039;\u00e9corce s\u00e9ch\u00e9e de\u00a0<em>Erythrina variegata<\/em>\u00a0L. (une plante de la famille des Fabac\u00e9es)<\/td>\n<\/tr>\n<tr>\n<td>Caract\u00e8re du produit<\/td>\n<td>Poudre fine brune<\/td>\n<\/tr>\n<tr>\n<td>M\u00e9thode de d\u00e9tection<\/td>\n<td>CCM (chromatographie sur couche mince)<\/td>\n<\/tr>\n<tr>\n<td>Sp\u00e9cifications du produit<\/td>\n<td>1:1<\/td>\n<\/tr>\n<tr>\n<td>Maille de finesse<\/td>\n<td>Passe au tamis de 80 mesh<\/td>\n<\/tr>\n<tr>\n<td>Processus d&#039;extraction<\/td>\n<td>La mati\u00e8re premi\u00e8re est extraite avec de l&#039;eau, suivie d&#039;une concentration, d&#039;une extraction, d&#039;une reconcentration et d&#039;un s\u00e9chage pour produire le produit<\/td>\n<\/tr>\n<tr>\n<td>Stockage des produits<\/td>\n<td>\u00c0 conserver dans un endroit frais et sec, \u00e0 l&#039;abri de la lumi\u00e8re et des temp\u00e9ratures \u00e9lev\u00e9es<\/td>\n<\/tr>\n<tr>\n<td>Emballage du produit<\/td>\n<td>Couche int\u00e9rieure : sac en plastique double couche ; Couche ext\u00e9rieure : sac en aluminium (1 kg\/sac) ou f\u00fbt en papier (25 kg\/f\u00fbt)<\/td>\n<\/tr>\n<tr>\n<td>Dur\u00e9e de conservation<\/td>\n<td>Deux ans<\/td>\n<\/tr>\n<\/tbody>\n<\/table>","protected":false},"excerpt":{"rendered":"<p>Extrait d&#039;Erythrine de Printemps : Poudre brune, dur\u00e9e de conservation de 2 ans, test\u00e9e par m\u00e9thode TLC.<\/p>","protected":false},"featured_media":10096,"comment_status":"closed","ping_status":"closed","template":"","meta":[],"product_brand":[],"product_cat":[17,24],"product_tag":[],"class_list":{"0":"post-10095","1":"product","2":"type-product","3":"status-publish","4":"has-post-thumbnail","6":"product_cat-plant-extract","7":"product_cat-ratio-extract","9":"first","10":"instock","11":"shipping-taxable","12":"product-type-simple"},"_links":{"self":[{"href":"https:\/\/www.hvbio.com\/fr\/wp-json\/wp\/v2\/product\/10095","targetHints":{"allow":["GET"]}}],"collection":[{"href":"https:\/\/www.hvbio.com\/fr\/wp-json\/wp\/v2\/product"}],"about":[{"href":"https:\/\/www.hvbio.com\/fr\/wp-json\/wp\/v2\/types\/product"}],"replies":[{"embeddable":true,"href":"https:\/\/www.hvbio.com\/fr\/wp-json\/wp\/v2\/comments?post=10095"}],"wp:featuredmedia":[{"embeddable":true,"href":"https:\/\/www.hvbio.com\/fr\/wp-json\/wp\/v2\/media\/10096"}],"wp:attachment":[{"href":"https:\/\/www.hvbio.com\/fr\/wp-json\/wp\/v2\/media?parent=10095"}],"wp:term":[{"taxonomy":"product_brand","embeddable":true,"href":"https:\/\/www.hvbio.com\/fr\/wp-json\/wp\/v2\/product_brand?post=10095"},{"taxonomy":"product_cat","embeddable":true,"href":"https:\/\/www.hvbio.com\/fr\/wp-json\/wp\/v2\/product_cat?post=10095"},{"taxonomy":"product_tag","embeddable":true,"href":"https:\/\/www.hvbio.com\/fr\/wp-json\/wp\/v2\/product_tag?post=10095"}],"curies":[{"name":"wp","href":"https:\/\/api.w.org\/{rel}","templated":true}]}}