{"id":10140,"date":"2025-09-11T10:49:54","date_gmt":"2025-09-11T02:49:54","guid":{"rendered":"https:\/\/www.hvbio.com\/?post_type=product&#038;p=10140"},"modified":"2025-09-11T10:50:11","modified_gmt":"2025-09-11T02:50:11","slug":"passion-flower-extract","status":"publish","type":"product","link":"https:\/\/www.hvbio.com\/fr\/produit\/passion-flower-extract\/","title":{"rendered":"Extrait de passiflore"},"content":{"rendered":"<table>\n<thead>\n<tr>\n<th>Article<\/th>\n<th>Contenu<\/th>\n<\/tr>\n<\/thead>\n<tbody>\n<tr>\n<td><strong>Nom du produit<\/strong><\/td>\n<td>Extrait de passiflore<\/td>\n<\/tr>\n<tr>\n<td><strong>Noms alternatifs<\/strong><\/td>\n<td>Passion Fruit, Brazilian Fruit, Vine Peach, Passionflower, Turn Heart Lotus, Turn Branch Lotus<\/td>\n<\/tr>\n<tr>\n<td><strong>Source d&#039;extraction<\/strong><\/td>\n<td>Above-ground parts of a perennial evergreen climbing woody vine, which belongs to the\u00a0<em>Passiflora<\/em>\u00a0genus of the Passifloraceae family.<\/td>\n<\/tr>\n<tr>\n<td><strong>Origine des mati\u00e8res premi\u00e8res<\/strong><\/td>\n<td>Guangxi, Jiangxi, Sichuan and other regions in China.<\/td>\n<\/tr>\n<tr>\n<td><strong>Caract\u00e9ristiques<\/strong><\/td>\n<td>Poudre brune, test\u00e9e par CCM (Chromatographie sur couche mince).<\/td>\n<\/tr>\n<tr>\n<td><strong>Sp\u00e9cifications du produit<\/strong><\/td>\n<td>This product is Passion Flower Extract with a ratio of 10:1 (Please contact customer service for other specifications if needed).<\/td>\n<\/tr>\n<tr>\n<td><strong>Taille des mailles du produit<\/strong><\/td>\n<td>Le 98% passe \u00e0 travers un tamis de 80 mesh.<\/td>\n<\/tr>\n<tr>\n<td><strong>M\u00e9thode d&#039;emballage<\/strong><\/td>\n<td>25 kg par f\u00fbt en papier ou sac en aluminium.<\/td>\n<\/tr>\n<tr>\n<td><strong>Conditions de stockage<\/strong><\/td>\n<td>Doit \u00eatre ferm\u00e9 herm\u00e9tiquement et prot\u00e9g\u00e9 de la lumi\u00e8re, conserv\u00e9 dans un endroit sec, frais et bien ventil\u00e9.<\/td>\n<\/tr>\n<tr>\n<td><strong>Dur\u00e9e de conservation<\/strong><\/td>\n<td>24 mois.<\/td>\n<\/tr>\n<tr>\n<td><strong>Express et logistique<\/strong><\/td>\n<td>Livraison express ou logistique. La livraison express nationale est g\u00e9n\u00e9ralement effectu\u00e9e sous 3 jours, et la livraison logistique sous 5 jours. Les devis incluent g\u00e9n\u00e9ralement les frais de transport national.<\/td>\n<\/tr>\n<tr>\n<td><strong>Exemple de disposition<\/strong><\/td>\n<td>En g\u00e9n\u00e9ral, des \u00e9chantillons de 5 \u00e0 20 g sont fournis pour les produits ; des frais d&#039;\u00e9chantillonnage sont factur\u00e9s pour certains produits.<\/td>\n<\/tr>\n<tr>\n<td><strong>Emballage du produit<\/strong><\/td>\n<td>Packaged in paper drums or aluminum foil bags (Customized packaging is available according to customer requirements).<\/td>\n<\/tr>\n<\/tbody>\n<\/table>","protected":false},"excerpt":{"rendered":"<p>Item Content Product Name Passion Flower Extract Alternative Names Passion Fruit, Brazilian Fruit, Vine Peach, Passionflower, Turn Heart Lotus, Turn<\/p>","protected":false},"featured_media":10141,"comment_status":"closed","ping_status":"closed","template":"","meta":[],"product_brand":[],"product_cat":[17,24],"product_tag":[],"class_list":{"0":"post-10140","1":"product","2":"type-product","3":"status-publish","4":"has-post-thumbnail","6":"product_cat-plant-extract","7":"product_cat-ratio-extract","9":"first","10":"instock","11":"shipping-taxable","12":"product-type-simple"},"_links":{"self":[{"href":"https:\/\/www.hvbio.com\/fr\/wp-json\/wp\/v2\/product\/10140","targetHints":{"allow":["GET"]}}],"collection":[{"href":"https:\/\/www.hvbio.com\/fr\/wp-json\/wp\/v2\/product"}],"about":[{"href":"https:\/\/www.hvbio.com\/fr\/wp-json\/wp\/v2\/types\/product"}],"replies":[{"embeddable":true,"href":"https:\/\/www.hvbio.com\/fr\/wp-json\/wp\/v2\/comments?post=10140"}],"wp:featuredmedia":[{"embeddable":true,"href":"https:\/\/www.hvbio.com\/fr\/wp-json\/wp\/v2\/media\/10141"}],"wp:attachment":[{"href":"https:\/\/www.hvbio.com\/fr\/wp-json\/wp\/v2\/media?parent=10140"}],"wp:term":[{"taxonomy":"product_brand","embeddable":true,"href":"https:\/\/www.hvbio.com\/fr\/wp-json\/wp\/v2\/product_brand?post=10140"},{"taxonomy":"product_cat","embeddable":true,"href":"https:\/\/www.hvbio.com\/fr\/wp-json\/wp\/v2\/product_cat?post=10140"},{"taxonomy":"product_tag","embeddable":true,"href":"https:\/\/www.hvbio.com\/fr\/wp-json\/wp\/v2\/product_tag?post=10140"}],"curies":[{"name":"wp","href":"https:\/\/api.w.org\/{rel}","templated":true}]}}