{"id":10150,"date":"2025-09-11T10:56:48","date_gmt":"2025-09-11T02:56:48","guid":{"rendered":"https:\/\/www.hvbio.com\/?post_type=product&#038;p=10150"},"modified":"2025-09-11T11:08:20","modified_gmt":"2025-09-11T03:08:20","slug":"elm-extract","status":"publish","type":"product","link":"https:\/\/www.hvbio.com\/fr\/produit\/elm-extract\/","title":{"rendered":"Extrait d&#039;orme"},"content":{"rendered":"<table>\n<thead>\n<tr>\n<th><strong>Article<\/strong><\/th>\n<th><strong>Description<\/strong><\/th>\n<\/tr>\n<\/thead>\n<tbody>\n<tr>\n<td><strong>Nom du produit<\/strong><\/td>\n<td>Extrait d&#039;orme<\/td>\n<\/tr>\n<tr>\n<td><strong>Composants principaux<\/strong><\/td>\n<td>Polyphenols, flavonoids, tannins, etc.<\/td>\n<\/tr>\n<tr>\n<td><strong>Source d&#039;extraction<\/strong><\/td>\n<td>Elm Extract is derived from the dried bark or root bark of\u00a0<em>Ulmus pumila<\/em>\u00a0L., a deciduous arbor belonging to the Ulmaceae family. This tree is widely distributed in various provinces and regions of northern and southwestern China, and is also cultivated in the lower reaches of the Yangtze River.<\/td>\n<\/tr>\n<tr>\n<td><strong>Apparence<\/strong><\/td>\n<td>Poudre brune<\/td>\n<\/tr>\n<tr>\n<td><strong>M\u00e9thode de d\u00e9tection<\/strong><\/td>\n<td>CCM (chromatographie sur couche mince)<\/td>\n<\/tr>\n<tr>\n<td><strong>Formes posologiques d&#039;application<\/strong><\/td>\n<td>Wide-ranging (e.g., tablets, capsules, powders, oral liquids, etc.)<\/td>\n<\/tr>\n<tr>\n<td><strong>D\u00e9lai d&#039;approvisionnement<\/strong><\/td>\n<td>Disponible toute l&#039;ann\u00e9e<\/td>\n<\/tr>\n<tr>\n<td><strong>Stockage<\/strong><\/td>\n<td>Store in a sealed container, and keep it in a cool, dry place away from light, heat sources and humid environments.<\/td>\n<\/tr>\n<tr>\n<td><strong>Dur\u00e9e de conservation<\/strong><\/td>\n<td>2 ans<\/td>\n<\/tr>\n<\/tbody>\n<\/table>","protected":false},"excerpt":{"rendered":"<h4 class=\"header-vfC6AV auto-hide-last-sibling-br\">Product Name: Elm Extract<\/h4>\n<h4 class=\"header-vfC6AV auto-hide-last-sibling-br\">Ingr\u00e9dients principaux :<\/h4>\n<h4 class=\"auto-hide-last-sibling-br paragraph-JOTKXA paragraph-element br-paragraph-space\">Polyphenols, flavonoids, tannins, etc.<\/h4>\n<h4 class=\"header-vfC6AV auto-hide-last-sibling-br\">Source d&#039;extraction :<\/h4>\n<h4 class=\"auto-hide-last-sibling-br paragraph-JOTKXA paragraph-element br-paragraph-space\">Elm extract is derived from the dried bark or root bark of\u00a0<em>Ulmus pumila<\/em>\u00a0L., a deciduous tree belonging to the Ulmaceae family. This tree is widely distributed in various provinces and regions in northern and southwestern China, and is also cultivated in the lower reaches of the Yangtze River.<\/h4>\n<h4 class=\"header-vfC6AV auto-hide-last-sibling-br\">Apparence:<\/h4>\n<h4 class=\"auto-hide-last-sibling-br paragraph-JOTKXA paragraph-element br-paragraph-space\">Poudre brune<\/h4>\n<h4 class=\"header-vfC6AV auto-hide-last-sibling-br\">M\u00e9thode de d\u00e9tection :<\/h4>\n<h4 class=\"auto-hide-last-sibling-br paragraph-JOTKXA paragraph-element br-paragraph-space\">CCM (chromatographie sur couche mince)<\/h4>\n<h4 class=\"header-vfC6AV auto-hide-last-sibling-br\">Formes posologiques d&#039;application :<\/h4>\n<h4 class=\"auto-hide-last-sibling-br paragraph-JOTKXA paragraph-element br-paragraph-space\">Large gamme d&#039;applications<\/h4>\n<h4 class=\"header-vfC6AV auto-hide-last-sibling-br\">D\u00e9lai de livraison :<\/h4>\n<h4 class=\"auto-hide-last-sibling-br paragraph-JOTKXA paragraph-element br-paragraph-space\">Toute l&#039;ann\u00e9e<\/h4>\n<h4 class=\"header-vfC6AV auto-hide-last-sibling-br\">Instructions d&#039;achat<\/h4>\n<ul class=\"auto-hide-last-sibling-br\">\n<li>\n<h4><strong>M\u00e9thode d&#039;emballage<\/strong>: 25 kg par f\u00fbt en papier ou sac en aluminium<\/h4>\n<\/li>\n<li>\n<h4><strong>Conditions de stockage<\/strong>:Doit \u00eatre scell\u00e9 et prot\u00e9g\u00e9 de la lumi\u00e8re, stock\u00e9 dans un endroit sec, frais et bien ventil\u00e9<\/h4>\n<\/li>\n<li>\n<h4><strong>Dur\u00e9e de conservation<\/strong>: 2 ans<\/h4>\n<\/li>\n<li>\n<h4><strong>Exemple de disposition<\/strong>:En g\u00e9n\u00e9ral, 5 \u00e0 20 g de petits \u00e9chantillons sont fournis pour la plupart des produits\u00a0; des frais d&#039;\u00e9chantillon sont factur\u00e9s pour certains produits.<\/h4>\n<\/li>\n<li>\n<h4><strong>Emballage du produit<\/strong>: Packaged in paper drums or aluminum foil bags (customized packaging available upon customer request)<\/h4>\n<\/li>\n<li>\n<h4><strong>D\u00e9lai de livraison<\/strong>:Les produits non personnalis\u00e9s seront exp\u00e9di\u00e9s dans les 48 heures ; le d\u00e9lai de livraison des produits personnalis\u00e9s sera ajust\u00e9 en fonction des exigences r\u00e9elles.<\/h4>\n<\/li>\n<li>\n<h4><strong>Ajustement de l&#039;emballage<\/strong>: The standard packaging is 25kg per paper drum or aluminum foil bag; adjustments can be made according to actual circumstances.<\/h4>\n<\/li>\n<li>\n<h4><strong>Mode de transport<\/strong>:Livraison express nationale ou logistique ; le prix indiqu\u00e9 comprend les frais de transport.<\/h4>\n<\/li>\n<li>\n<h4><strong>Additional Storage Note<\/strong>: Seal tightly, protect from light, and store in a dry, cool, and well-ventilated area.<\/h4>\n<\/li>\n<\/ul>","protected":false},"featured_media":10151,"comment_status":"closed","ping_status":"closed","template":"","meta":[],"product_brand":[],"product_cat":[24,17],"product_tag":[],"class_list":{"0":"post-10150","1":"product","2":"type-product","3":"status-publish","4":"has-post-thumbnail","6":"product_cat-ratio-extract","7":"product_cat-plant-extract","9":"first","10":"instock","11":"shipping-taxable","12":"product-type-simple"},"_links":{"self":[{"href":"https:\/\/www.hvbio.com\/fr\/wp-json\/wp\/v2\/product\/10150","targetHints":{"allow":["GET"]}}],"collection":[{"href":"https:\/\/www.hvbio.com\/fr\/wp-json\/wp\/v2\/product"}],"about":[{"href":"https:\/\/www.hvbio.com\/fr\/wp-json\/wp\/v2\/types\/product"}],"replies":[{"embeddable":true,"href":"https:\/\/www.hvbio.com\/fr\/wp-json\/wp\/v2\/comments?post=10150"}],"wp:featuredmedia":[{"embeddable":true,"href":"https:\/\/www.hvbio.com\/fr\/wp-json\/wp\/v2\/media\/10151"}],"wp:attachment":[{"href":"https:\/\/www.hvbio.com\/fr\/wp-json\/wp\/v2\/media?parent=10150"}],"wp:term":[{"taxonomy":"product_brand","embeddable":true,"href":"https:\/\/www.hvbio.com\/fr\/wp-json\/wp\/v2\/product_brand?post=10150"},{"taxonomy":"product_cat","embeddable":true,"href":"https:\/\/www.hvbio.com\/fr\/wp-json\/wp\/v2\/product_cat?post=10150"},{"taxonomy":"product_tag","embeddable":true,"href":"https:\/\/www.hvbio.com\/fr\/wp-json\/wp\/v2\/product_tag?post=10150"}],"curies":[{"name":"wp","href":"https:\/\/api.w.org\/{rel}","templated":true}]}}