{"id":10160,"date":"2025-09-11T11:05:27","date_gmt":"2025-09-11T03:05:27","guid":{"rendered":"https:\/\/www.hvbio.com\/?post_type=product&#038;p=10160"},"modified":"2025-09-11T11:12:52","modified_gmt":"2025-09-11T03:12:52","slug":"nettle-extract","status":"publish","type":"product","link":"https:\/\/www.hvbio.com\/fr\/produit\/nettle-extract\/","title":{"rendered":"Extrait d&#039;ortie"},"content":{"rendered":"<table>\n<thead>\n<tr>\n<th>Article<\/th>\n<th>Description<\/th>\n<\/tr>\n<\/thead>\n<tbody>\n<tr>\n<td><strong>Nom du produit<\/strong><\/td>\n<td>Extrait d&#039;ortie<\/td>\n<\/tr>\n<tr>\n<td><strong>Noms alternatifs<\/strong><\/td>\n<td>Stinging Nettle, Burning Nettle<\/td>\n<\/tr>\n<tr>\n<td><strong>Source<\/strong><\/td>\n<td>The above-ground parts of\u00a0<em>Urtica dioica<\/em>\u00a0L. (belonging to the genus\u00a0<em>Urtica<\/em>\u00a0in the family Urticaceae of the plant kingdom).<\/td>\n<\/tr>\n<tr>\n<td><strong>Origine et distribution<\/strong><\/td>\n<td>Produced in Anhui (Qimen), Zhejiang, Fujian, Guangxi, Hunan, Hubei, Henan (Funiu Mountain), southern Shaanxi, southeastern Gansu, Sichuan, Guizhou, and central Yunnan.<\/td>\n<\/tr>\n<tr>\n<td><strong>Sp\u00e9cification<\/strong><\/td>\n<td>For other specifications, please contact customer service for consultation.<\/td>\n<\/tr>\n<tr>\n<td><strong>Propri\u00e9t\u00e9s<\/strong><\/td>\n<td>Brown powder, highly hygroscopic, easily soluble in water, tested by TLC (Thin Layer Chromatography).<\/td>\n<\/tr>\n<tr>\n<td><strong>Taille des mailles du produit<\/strong><\/td>\n<td>Le 98% passe \u00e0 travers un tamis de 80 mesh.<\/td>\n<\/tr>\n<tr>\n<td><strong>M\u00e9thode d&#039;emballage<\/strong><\/td>\n<td>25 kg par f\u00fbt en papier ou sac en aluminium.<\/td>\n<\/tr>\n<tr>\n<td><strong>Conditions de stockage<\/strong><\/td>\n<td>Doit \u00eatre scell\u00e9 et prot\u00e9g\u00e9 de la lumi\u00e8re, conserv\u00e9 dans un endroit sec, frais et bien ventil\u00e9.<\/td>\n<\/tr>\n<tr>\n<td><strong>Dur\u00e9e de conservation<\/strong><\/td>\n<td>Two years.<\/td>\n<\/tr>\n<\/tbody>\n<\/table>","protected":false},"excerpt":{"rendered":"<h1 class=\"header-vfC6AV auto-hide-last-sibling-br\">Extrait d&#039;ortie<\/h1>\n<ul class=\"auto-hide-last-sibling-br\">\n<li><strong>Noms alternatifs<\/strong>: Stinging Nettle, Burning Nettle<\/li>\n<li><strong>Source<\/strong>: Aerial parts of\u00a0<em>Urtica dioica<\/em>\u00a0L. (Urticaceae family, Urtica genus)<\/li>\n<li><strong>Origine et distribution<\/strong>: Native to Qimen (Anhui), Zhejiang, Fujian, Guangxi, Hunan, Hubei, Funiu Mountain (Henan), southern Shaanxi, southeastern Gansu, Sichuan, Guizhou, and central Yunnan in China.<\/li>\n<li><strong>Sp\u00e9cification<\/strong>: Custom specifications available upon consultation with customer service.<\/li>\n<li><strong>Apparence<\/strong>: Brown powder, hygroscopic, easily soluble in water; tested by TLC.<\/li>\n<li><strong>Taille des mailles<\/strong>: 98% passes through 80-mesh sieve.<\/li>\n<li><strong>Conditionnement<\/strong>: 25kg per fiber drum or aluminum foil bag.<\/li>\n<li><strong>Conditions de stockage<\/strong>: Seal tightly, protect from light; store in a dry, cool, and well-ventilated place.<\/li>\n<li><strong>Dur\u00e9e de conservation<\/strong>: 2 ans.<\/li>\n<\/ul>","protected":false},"featured_media":10161,"comment_status":"closed","ping_status":"closed","template":"","meta":[],"product_brand":[],"product_cat":[17,24],"product_tag":[],"class_list":{"0":"post-10160","1":"product","2":"type-product","3":"status-publish","4":"has-post-thumbnail","6":"product_cat-plant-extract","7":"product_cat-ratio-extract","9":"first","10":"instock","11":"shipping-taxable","12":"product-type-simple"},"_links":{"self":[{"href":"https:\/\/www.hvbio.com\/fr\/wp-json\/wp\/v2\/product\/10160","targetHints":{"allow":["GET"]}}],"collection":[{"href":"https:\/\/www.hvbio.com\/fr\/wp-json\/wp\/v2\/product"}],"about":[{"href":"https:\/\/www.hvbio.com\/fr\/wp-json\/wp\/v2\/types\/product"}],"replies":[{"embeddable":true,"href":"https:\/\/www.hvbio.com\/fr\/wp-json\/wp\/v2\/comments?post=10160"}],"wp:featuredmedia":[{"embeddable":true,"href":"https:\/\/www.hvbio.com\/fr\/wp-json\/wp\/v2\/media\/10161"}],"wp:attachment":[{"href":"https:\/\/www.hvbio.com\/fr\/wp-json\/wp\/v2\/media?parent=10160"}],"wp:term":[{"taxonomy":"product_brand","embeddable":true,"href":"https:\/\/www.hvbio.com\/fr\/wp-json\/wp\/v2\/product_brand?post=10160"},{"taxonomy":"product_cat","embeddable":true,"href":"https:\/\/www.hvbio.com\/fr\/wp-json\/wp\/v2\/product_cat?post=10160"},{"taxonomy":"product_tag","embeddable":true,"href":"https:\/\/www.hvbio.com\/fr\/wp-json\/wp\/v2\/product_tag?post=10160"}],"curies":[{"name":"wp","href":"https:\/\/api.w.org\/{rel}","templated":true}]}}